{"id":16081,"date":"2023-08-24T18:06:17","date_gmt":"2023-08-24T15:06:17","guid":{"rendered":"https:\/\/www.trampolino.ee\/booking\/"},"modified":"2026-03-19T19:48:57","modified_gmt":"2026-03-19T17:48:57","slug":"varaus","status":"publish","type":"page","link":"https:\/\/www.trampolino.ee\/fi\/varaus\/","title":{"rendered":"Varaus"},"content":{"rendered":"\t\t<div data-elementor-type=\"wp-page\" data-elementor-id=\"16081\" class=\"elementor elementor-16081 elementor-155\" data-elementor-post-type=\"page\">\n\t\t\t\t<div data-particle_enable=\"false\" data-particle-mobile-disabled=\"false\" class=\"elementor-element elementor-element-61463dc e-flex e-con-boxed e-con e-parent\" data-id=\"61463dc\" data-element_type=\"container\" data-e-type=\"container\">\n\t\t\t\t\t<div class=\"e-con-inner\">\n\t\t<div data-particle_enable=\"false\" data-particle-mobile-disabled=\"false\" class=\"elementor-element elementor-element-5367c94 e-flex e-con-boxed e-con e-child\" data-id=\"5367c94\" data-element_type=\"container\" data-e-type=\"container\">\n\t\t\t\t\t<div class=\"e-con-inner\">\n\t\t\t\t<div class=\"elementor-element elementor-element-a97cc9a elementor-widget elementor-widget-image\" data-id=\"a97cc9a\" data-element_type=\"widget\" data-e-type=\"widget\" data-widget_type=\"image.default\">\n\t\t\t\t\t\t\t\t\t\t\t\t\t\t\t<img decoding=\"async\" width=\"101\" height=\"101\" src=\"https:\/\/www.trampolino.ee\/wp-content\/uploads\/2025\/01\/Group-1848-1.webp\" class=\"attachment-large size-large wp-image-16510\" alt=\"\" \/>\t\t\t\t\t\t\t\t\t\t\t\t\t\t\t<\/div>\n\t\t\t\t<div class=\"elementor-element elementor-element-429c2f4 elementor-widget elementor-widget-heading\" data-id=\"429c2f4\" data-element_type=\"widget\" data-e-type=\"widget\" data-widget_type=\"heading.default\">\n\t\t\t\t\t<h2 class=\"elementor-heading-title elementor-size-default\">Varaus<\/h2>\t\t\t\t<\/div>\n\t\t\t\t\t<\/div>\n\t\t\t\t<\/div>\n\t\t\t\t<div class=\"elementor-element elementor-element-1ac1cf0 elementor-widget elementor-widget-shortcode\" data-id=\"1ac1cf0\" data-element_type=\"widget\" data-e-type=\"widget\" data-widget_type=\"shortcode.default\">\n\t\t\t\t\t\t\t<div class=\"elementor-shortcode\"><div class=\"playground-progresbar\">\n\t\t\t<a href=\"#\" class=\"step active\">\n\t\t\t<div class=\"icon \">\n\t\t\t\t\t\t1\t\t\t\t<\/div>\n\t\t\t<div class=\"title\">Valitse p\u00e4iv\u00e4m\u00e4\u00e4r\u00e4 ja huone<\/div>\n\t\t<\/a>\n\t\t\t<a href=\"#\" class=\"step \">\n\t\t\t<div class=\"icon \">\n\t\t\t\t\t\t2\t\t\t\t<\/div>\n\t\t\t<div class=\"title\">Valitse valikko<\/div>\n\t\t<\/a>\n\t\t\t<a href=\"#\" class=\"step \">\n\t\t\t<div class=\"icon \">\n\t\t\t\t\t\t3\t\t\t\t<\/div>\n\t\t\t<div class=\"title\">Lis\u00e4vaihtoehdot<\/div>\n\t\t<\/a>\n\t\t\t<a href=\"#\" class=\"step \">\n\t\t\t<div class=\"icon \">\n\t\t\t\t\t\t4\t\t\t\t<\/div>\n\t\t\t<div class=\"title\">Lis\u00e4palvelut<\/div>\n\t\t<\/a>\n\t\t\t<a href=\"#\" class=\"step \">\n\t\t\t<div class=\"icon \">\n\t\t\t\t\t\t5\t\t\t\t<\/div>\n\t\t\t<div class=\"title\">Varauksen yleiskatsaus<\/div>\n\t\t<\/a>\n\t\t<div class=\"line\"><\/div>\n<\/div>\n\n<div class=\"playground-notices\"><\/div>\n\n<div style=\"display:none;\" class=\"playground-time-left\">\n\t<div>J\u00e4ljell\u00e4 oleva varausaika:<\/div>\n\t<div class=\"time-left\"><\/div>\n<\/div><\/div>\n\t\t\t\t\t\t<\/div>\n\t\t\t\t<div class=\"elementor-element elementor-element-a0c81b9 elementor-widget elementor-widget-heading\" data-id=\"a0c81b9\" data-element_type=\"widget\" data-e-type=\"widget\" data-widget_type=\"heading.default\">\n\t\t\t\t\t<h2 class=\"elementor-heading-title elementor-size-default\">P\u00e4iv\u00e4 ja huone<\/h2>\t\t\t\t<\/div>\n\t\t\t\t<div class=\"elementor-element elementor-element-27936b8 elementor-widget elementor-widget-shortcode\" data-id=\"27936b8\" data-element_type=\"widget\" data-e-type=\"widget\" data-widget_type=\"shortcode.default\">\n\t\t\t\t\t\t\t<div class=\"elementor-shortcode\">\n<script type=\"text\/javascript\">\n    var ajaxurl = \"https:\/\/www.trampolino.ee\/wp-admin\/admin-ajax.php?lang=fi\";\n<\/script>\n\n<div class=\"playground-booking-form\" id=\"booking-container\" data-location=\"129\">\n  <div class=\"booking-calendar\">\n    <div id=\"booking-calendar\" data-date=\"\"><\/div>\n  <\/div>\n  <div class=\"booking-room-list\">\n        <div class=\"booking-room-item\">\n        <div class=\"booking-room-title\">\n            Keilahalli        <\/div>\n        <div class=\"booking-room-img\">\n            <img fetchpriority=\"high\" decoding=\"async\" width=\"2048\" height=\"1365\" src=\"https:\/\/www.trampolino.ee\/wp-content\/uploads\/2025\/08\/DSC02253.jpg\" class=\"attachment-176x132 size-176x132\" alt=\"Keilahalli\" srcset=\"https:\/\/www.trampolino.ee\/wp-content\/uploads\/2025\/08\/DSC02253.jpg 2048w, https:\/\/www.trampolino.ee\/wp-content\/uploads\/2025\/08\/DSC02253-300x200.jpg 300w, https:\/\/www.trampolino.ee\/wp-content\/uploads\/2025\/08\/DSC02253-1024x683.jpg 1024w, https:\/\/www.trampolino.ee\/wp-content\/uploads\/2025\/08\/DSC02253-768x512.jpg 768w, https:\/\/www.trampolino.ee\/wp-content\/uploads\/2025\/08\/DSC02253-1536x1024.jpg 1536w, https:\/\/www.trampolino.ee\/wp-content\/uploads\/2025\/08\/DSC02253-600x400.jpg 600w\" sizes=\"(max-width: 2048px) 100vw, 2048px\" \/>                        <a href=\"\/fi\/juhlatilat\/keilahalli\/\"\n                class=\"booking-room-more-link\">Katso tarkemmin<\/a>\n        <\/div>\n        <div class=\"select-room-time\">\n                            <div class=\"room-time-row {% if time.status == 0 %}room-booked{% endif %}\">\n                    <span class=\"room-time\">10:00 - 13:00<\/span>\n                    <span class=\"room-day\">Sunnuntai<\/span>\n                    <span class=\"room-price\">399 \u20ac<\/span>\n                    <span class=\"room-select\">\n                                                    varattu                                            <\/span>\n                    <span class=\"room-radio-button\">\n                        <input          disabled type=\"radio\"\n                            name=\"room-time\" data-room-id=\"17426\"\n                            data-time-id=\"18281\" value=\"18281\">\n                    <\/span>\n                <\/div>\n                            <div class=\"room-time-row {% if time.status == 0 %}room-booked{% endif %}\">\n                    <span class=\"room-time\">14:00 - 17:00<\/span>\n                    <span class=\"room-day\">Sunnuntai<\/span>\n                    <span class=\"room-price\">399 \u20ac<\/span>\n                    <span class=\"room-select\">\n                                                    Valita                                            <\/span>\n                    <span class=\"room-radio-button\">\n                        <input           type=\"radio\"\n                            name=\"room-time\" data-room-id=\"17426\"\n                            data-time-id=\"18285\" value=\"18285\">\n                    <\/span>\n                <\/div>\n                            <div class=\"room-time-row {% if time.status == 0 %}room-booked{% endif %}\">\n                    <span class=\"room-time\">18:00 - 21:00<\/span>\n                    <span class=\"room-day\">Sunnuntai<\/span>\n                    <span class=\"room-price\">399 \u20ac<\/span>\n                    <span class=\"room-select\">\n                                                    Valita                                            <\/span>\n                    <span class=\"room-radio-button\">\n                        <input           type=\"radio\"\n                            name=\"room-time\" data-room-id=\"17426\"\n                            data-time-id=\"18289\" value=\"18289\">\n                    <\/span>\n                <\/div>\n                    <\/div>\n    <\/div>\n    <div class=\"booking-room-item\">\n        <div class=\"booking-room-title\">\n            Forestino        <\/div>\n        <div class=\"booking-room-img\">\n            <img decoding=\"async\" width=\"1206\" height=\"802\" src=\"https:\/\/www.trampolino.ee\/wp-content\/uploads\/2025\/01\/forestino.webp\" class=\"attachment-176x132 size-176x132\" alt=\"Forestino\" \/>                        <a href=\"\/fi\/juhlatilat\/forestino\/\"\n                class=\"booking-room-more-link\">Katso tarkemmin<\/a>\n        <\/div>\n        <div class=\"select-room-time\">\n                            <div class=\"room-time-row {% if time.status == 0 %}room-booked{% endif %}\">\n                    <span class=\"room-time\">10:00 - 13:00<\/span>\n                    <span class=\"room-day\">Sunnuntai<\/span>\n                    <span class=\"room-price\">249 \u20ac<\/span>\n                    <span class=\"room-select\">\n                                                    varattu                                            <\/span>\n                    <span class=\"room-radio-button\">\n                        <input          disabled type=\"radio\"\n                            name=\"room-time\" data-room-id=\"17351\"\n                            data-time-id=\"17371\" value=\"17371\">\n                    <\/span>\n                <\/div>\n                            <div class=\"room-time-row {% if time.status == 0 %}room-booked{% endif %}\">\n                    <span class=\"room-time\">14:00 - 17:00<\/span>\n                    <span class=\"room-day\">Sunnuntai<\/span>\n                    <span class=\"room-price\">249 \u20ac<\/span>\n                    <span class=\"room-select\">\n                                                    varattu                                            <\/span>\n                    <span class=\"room-radio-button\">\n                        <input          disabled type=\"radio\"\n                            name=\"room-time\" data-room-id=\"17351\"\n                            data-time-id=\"17372\" value=\"17372\">\n                    <\/span>\n                <\/div>\n                            <div class=\"room-time-row {% if time.status == 0 %}room-booked{% endif %}\">\n                    <span class=\"room-time\">18:00 - 21:00<\/span>\n                    <span class=\"room-day\">Sunnuntai<\/span>\n                    <span class=\"room-price\">249 \u20ac<\/span>\n                    <span class=\"room-select\">\n                                                    varattu                                            <\/span>\n                    <span class=\"room-radio-button\">\n                        <input          disabled type=\"radio\"\n                            name=\"room-time\" data-room-id=\"17351\"\n                            data-time-id=\"17373\" value=\"17373\">\n                    <\/span>\n                <\/div>\n                    <\/div>\n    <\/div>\n    <div class=\"booking-room-item\">\n        <div class=\"booking-room-title\">\n            Arino        <\/div>\n        <div class=\"booking-room-img\">\n            <img loading=\"lazy\" decoding=\"async\" width=\"1206\" height=\"804\" src=\"https:\/\/www.trampolino.ee\/wp-content\/uploads\/2025\/01\/arino.webp\" class=\"attachment-176x132 size-176x132\" alt=\"Arino\" \/>                        <a href=\"\/fi\/juhlatilat\/arino\/\"\n                class=\"booking-room-more-link\">Katso tarkemmin<\/a>\n        <\/div>\n        <div class=\"select-room-time\">\n                            <div class=\"room-time-row {% if time.status == 0 %}room-booked{% endif %}\">\n                    <span class=\"room-time\">10:00 - 13:00<\/span>\n                    <span class=\"room-day\">Sunnuntai<\/span>\n                    <span class=\"room-price\">249 \u20ac<\/span>\n                    <span class=\"room-select\">\n                                                    varattu                                            <\/span>\n                    <span class=\"room-radio-button\">\n                        <input          disabled type=\"radio\"\n                            name=\"room-time\" data-room-id=\"17524\"\n                            data-time-id=\"17546\" value=\"17546\">\n                    <\/span>\n                <\/div>\n                            <div class=\"room-time-row {% if time.status == 0 %}room-booked{% endif %}\">\n                    <span class=\"room-time\">14:00 - 17:00<\/span>\n                    <span class=\"room-day\">Sunnuntai<\/span>\n                    <span class=\"room-price\">249 \u20ac<\/span>\n                    <span class=\"room-select\">\n                                                    Valita                                            <\/span>\n                    <span class=\"room-radio-button\">\n                        <input           type=\"radio\"\n                            name=\"room-time\" data-room-id=\"17524\"\n                            data-time-id=\"17547\" value=\"17547\">\n                    <\/span>\n                <\/div>\n                            <div class=\"room-time-row {% if time.status == 0 %}room-booked{% endif %}\">\n                    <span class=\"room-time\">18:00 - 21:00<\/span>\n                    <span class=\"room-day\">Sunnuntai<\/span>\n                    <span class=\"room-price\">249 \u20ac<\/span>\n                    <span class=\"room-select\">\n                                                    Valita                                            <\/span>\n                    <span class=\"room-radio-button\">\n                        <input           type=\"radio\"\n                            name=\"room-time\" data-room-id=\"17524\"\n                            data-time-id=\"17548\" value=\"17548\">\n                    <\/span>\n                <\/div>\n                    <\/div>\n    <\/div>\n    <div class=\"booking-room-item\">\n        <div class=\"booking-room-title\">\n            Porto        <\/div>\n        <div class=\"booking-room-img\">\n            <img loading=\"lazy\" decoding=\"async\" width=\"1206\" height=\"804\" src=\"https:\/\/www.trampolino.ee\/wp-content\/uploads\/2025\/01\/porto.webp\" class=\"attachment-176x132 size-176x132\" alt=\"Porto\" \/>                        <a href=\"\/fi\/juhlatilat\/porto\/\"\n                class=\"booking-room-more-link\">Katso tarkemmin<\/a>\n        <\/div>\n        <div class=\"select-room-time\">\n                            <div class=\"room-time-row {% if time.status == 0 %}room-booked{% endif %}\">\n                    <span class=\"room-time\">10:00 - 13:00<\/span>\n                    <span class=\"room-day\">Sunnuntai<\/span>\n                    <span class=\"room-price\">249 \u20ac<\/span>\n                    <span class=\"room-select\">\n                                                    varattu                                            <\/span>\n                    <span class=\"room-radio-button\">\n                        <input          disabled type=\"radio\"\n                            name=\"room-time\" data-room-id=\"17624\"\n                            data-time-id=\"17645\" value=\"17645\">\n                    <\/span>\n                <\/div>\n                            <div class=\"room-time-row {% if time.status == 0 %}room-booked{% endif %}\">\n                    <span class=\"room-time\">14:00 - 17:00<\/span>\n                    <span class=\"room-day\">Sunnuntai<\/span>\n                    <span class=\"room-price\">249 \u20ac<\/span>\n                    <span class=\"room-select\">\n                                                    Valita                                            <\/span>\n                    <span class=\"room-radio-button\">\n                        <input           type=\"radio\"\n                            name=\"room-time\" data-room-id=\"17624\"\n                            data-time-id=\"17646\" value=\"17646\">\n                    <\/span>\n                <\/div>\n                            <div class=\"room-time-row {% if time.status == 0 %}room-booked{% endif %}\">\n                    <span class=\"room-time\">18:00 - 21:00<\/span>\n                    <span class=\"room-day\">Sunnuntai<\/span>\n                    <span class=\"room-price\">249 \u20ac<\/span>\n                    <span class=\"room-select\">\n                                                    Valita                                            <\/span>\n                    <span class=\"room-radio-button\">\n                        <input           type=\"radio\"\n                            name=\"room-time\" data-room-id=\"17624\"\n                            data-time-id=\"17647\" value=\"17647\">\n                    <\/span>\n                <\/div>\n                    <\/div>\n    <\/div>\n    <div class=\"booking-room-item\">\n        <div class=\"booking-room-title\">\n            Ninja        <\/div>\n        <div class=\"booking-room-img\">\n            <img loading=\"lazy\" decoding=\"async\" width=\"1206\" height=\"804\" src=\"https:\/\/www.trampolino.ee\/wp-content\/uploads\/2025\/01\/ninja.webp\" class=\"attachment-176x132 size-176x132\" alt=\"Ninja\" \/>                        <a href=\"\/fi\/juhlatilat\/ninja\/\"\n                class=\"booking-room-more-link\">Katso tarkemmin<\/a>\n        <\/div>\n        <div class=\"select-room-time\">\n                            <div class=\"room-time-row {% if time.status == 0 %}room-booked{% endif %}\">\n                    <span class=\"room-time\">10:00 - 13:00<\/span>\n                    <span class=\"room-day\">Sunnuntai<\/span>\n                    <span class=\"room-price\">249 \u20ac<\/span>\n                    <span class=\"room-select\">\n                                                    varattu                                            <\/span>\n                    <span class=\"room-radio-button\">\n                        <input          disabled type=\"radio\"\n                            name=\"room-time\" data-room-id=\"17726\"\n                            data-time-id=\"17748\" value=\"17748\">\n                    <\/span>\n                <\/div>\n                            <div class=\"room-time-row {% if time.status == 0 %}room-booked{% endif %}\">\n                    <span class=\"room-time\">14:00 - 17:00<\/span>\n                    <span class=\"room-day\">Sunnuntai<\/span>\n                    <span class=\"room-price\">249 \u20ac<\/span>\n                    <span class=\"room-select\">\n                                                    varattu                                            <\/span>\n                    <span class=\"room-radio-button\">\n                        <input          disabled type=\"radio\"\n                            name=\"room-time\" data-room-id=\"17726\"\n                            data-time-id=\"17749\" value=\"17749\">\n                    <\/span>\n                <\/div>\n                            <div class=\"room-time-row {% if time.status == 0 %}room-booked{% endif %}\">\n                    <span class=\"room-time\">18:00 - 21:00<\/span>\n                    <span class=\"room-day\">Sunnuntai<\/span>\n                    <span class=\"room-price\">249 \u20ac<\/span>\n                    <span class=\"room-select\">\n                                                    Valita                                            <\/span>\n                    <span class=\"room-radio-button\">\n                        <input           type=\"radio\"\n                            name=\"room-time\" data-room-id=\"17726\"\n                            data-time-id=\"17750\" value=\"17750\">\n                    <\/span>\n                <\/div>\n                    <\/div>\n    <\/div>\n    <div class=\"booking-room-item\">\n        <div class=\"booking-room-title\">\n            Avaruus        <\/div>\n        <div class=\"booking-room-img\">\n            <img loading=\"lazy\" decoding=\"async\" width=\"1206\" height=\"804\" src=\"https:\/\/www.trampolino.ee\/wp-content\/uploads\/2025\/01\/kosmos.webp\" class=\"attachment-176x132 size-176x132\" alt=\"Avaruus\" \/>                        <a href=\"\/fi\/juhlatilat\/avaruus\/\"\n                class=\"booking-room-more-link\">Katso tarkemmin<\/a>\n        <\/div>\n        <div class=\"select-room-time\">\n                            <div class=\"room-time-row {% if time.status == 0 %}room-booked{% endif %}\">\n                    <span class=\"room-time\">10:00 - 13:00<\/span>\n                    <span class=\"room-day\">Sunnuntai<\/span>\n                    <span class=\"room-price\">279 \u20ac<\/span>\n                    <span class=\"room-select\">\n                                                    varattu                                            <\/span>\n                    <span class=\"room-radio-button\">\n                        <input          disabled type=\"radio\"\n                            name=\"room-time\" data-room-id=\"17825\"\n                            data-time-id=\"17847\" value=\"17847\">\n                    <\/span>\n                <\/div>\n                            <div class=\"room-time-row {% if time.status == 0 %}room-booked{% endif %}\">\n                    <span class=\"room-time\">14:00 - 17:00<\/span>\n                    <span class=\"room-day\">Sunnuntai<\/span>\n                    <span class=\"room-price\">279 \u20ac<\/span>\n                    <span class=\"room-select\">\n                                                    varattu                                            <\/span>\n                    <span class=\"room-radio-button\">\n                        <input          disabled type=\"radio\"\n                            name=\"room-time\" data-room-id=\"17825\"\n                            data-time-id=\"17848\" value=\"17848\">\n                    <\/span>\n                <\/div>\n                            <div class=\"room-time-row {% if time.status == 0 %}room-booked{% endif %}\">\n                    <span class=\"room-time\">18:00 - 21:00<\/span>\n                    <span class=\"room-day\">Sunnuntai<\/span>\n                    <span class=\"room-price\">279 \u20ac<\/span>\n                    <span class=\"room-select\">\n                                                    varattu                                            <\/span>\n                    <span class=\"room-radio-button\">\n                        <input          disabled type=\"radio\"\n                            name=\"room-time\" data-room-id=\"17825\"\n                            data-time-id=\"17849\" value=\"17849\">\n                    <\/span>\n                <\/div>\n                    <\/div>\n    <\/div>\n    <div class=\"booking-room-item\">\n        <div class=\"booking-room-title\">\n            VIP pakett        <\/div>\n        <div class=\"booking-room-img\">\n            <img loading=\"lazy\" decoding=\"async\" width=\"1080\" height=\"720\" src=\"https:\/\/www.trampolino.ee\/wp-content\/uploads\/2025\/01\/vip.webp\" class=\"attachment-176x132 size-176x132\" alt=\"VIP pakett\" \/>                        <a href=\"\/fi\/juhlatilat\/vip-pakett\/\"\n                class=\"booking-room-more-link\">Katso tarkemmin<\/a>\n        <\/div>\n        <div class=\"select-room-time\">\n                            <div class=\"room-time-row {% if time.status == 0 %}room-booked{% endif %}\">\n                    <span class=\"room-time\">10:00 - 13:00<\/span>\n                    <span class=\"room-day\">Sunnuntai<\/span>\n                    <span class=\"room-price\">449 \u20ac<\/span>\n                    <span class=\"room-select\">\n                                                    varattu                                            <\/span>\n                    <span class=\"room-radio-button\">\n                        <input          disabled type=\"radio\"\n                            name=\"room-time\" data-room-id=\"17926\"\n                            data-time-id=\"17946\" value=\"17946\">\n                    <\/span>\n                <\/div>\n                            <div class=\"room-time-row {% if time.status == 0 %}room-booked{% endif %}\">\n                    <span class=\"room-time\">14:00 - 17:00<\/span>\n                    <span class=\"room-day\">Sunnuntai<\/span>\n                    <span class=\"room-price\">449 \u20ac<\/span>\n                    <span class=\"room-select\">\n                                                    varattu                                            <\/span>\n                    <span class=\"room-radio-button\">\n                        <input          disabled type=\"radio\"\n                            name=\"room-time\" data-room-id=\"17926\"\n                            data-time-id=\"17947\" value=\"17947\">\n                    <\/span>\n                <\/div>\n                            <div class=\"room-time-row {% if time.status == 0 %}room-booked{% endif %}\">\n                    <span class=\"room-time\">18:00 - 21:00<\/span>\n                    <span class=\"room-day\">Sunnuntai<\/span>\n                    <span class=\"room-price\">449 \u20ac<\/span>\n                    <span class=\"room-select\">\n                                                    Valita                                            <\/span>\n                    <span class=\"room-radio-button\">\n                        <input           type=\"radio\"\n                            name=\"room-time\" data-room-id=\"17926\"\n                            data-time-id=\"17948\" value=\"17948\">\n                    <\/span>\n                <\/div>\n                    <\/div>\n    <\/div>\n  <\/div>\n<\/div>    \n\n\n    <div class=\"booking-system-footer text-center\">\n        <a href=\"#\" id=\"booking-to-next-page\" class=\"playgrount-btn filled\">Seuraava<\/a>\n    <\/div>\n\n    \n\n<div id=\"loadMessage\" style=\"display: none;\">\n    <div>\n        <img decoding=\"async\" src=\"{{ loader_animation_url|raw }}\">\n    <\/div>\n<\/div>\n<\/div>\n\t\t\t\t\t\t<\/div>\n\t\t\t\t\t<\/div>\n\t\t\t\t<\/div>\n\t\t\t\t<\/div>\n\t\t","protected":false},"excerpt":{"rendered":"<p>Varaus P\u00e4iv\u00e4 ja huone<\/p>\n","protected":false},"author":1,"featured_media":0,"parent":0,"menu_order":0,"comment_status":"closed","ping_status":"closed","template":"elementor_header_footer","meta":{"_price":"","_stock":"","_tribe_ticket_header":"","_tribe_default_ticket_provider":"","_tribe_ticket_capacity":"0","_ticket_start_date":"","_ticket_end_date":"","_tribe_ticket_show_description":"","_tribe_ticket_show_not_going":false,"_tribe_ticket_use_global_stock":"","_tribe_ticket_global_stock_level":"","_global_stock_mode":"","_global_stock_cap":"","_tribe_rsvp_for_event":"","_tribe_ticket_going_count":"","_tribe_ticket_not_going_count":"","_tribe_tickets_list":"[]","_tribe_ticket_has_attendee_info_fields":false,"footnotes":"","_tec_slr_enabled":"","_tec_slr_layout":""},"class_list":["post-16081","page","type-page","status-publish","hentry"],"cmb2":{"yourprefix_rest_metabox":{"yourprefix_rest_text":""}},"ticketed":false,"_links":{"self":[{"href":"https:\/\/www.trampolino.ee\/fi\/wp-json\/wp\/v2\/pages\/16081","targetHints":{"allow":["GET"]}}],"collection":[{"href":"https:\/\/www.trampolino.ee\/fi\/wp-json\/wp\/v2\/pages"}],"about":[{"href":"https:\/\/www.trampolino.ee\/fi\/wp-json\/wp\/v2\/types\/page"}],"author":[{"embeddable":true,"href":"https:\/\/www.trampolino.ee\/fi\/wp-json\/wp\/v2\/users\/1"}],"replies":[{"embeddable":true,"href":"https:\/\/www.trampolino.ee\/fi\/wp-json\/wp\/v2\/comments?post=16081"}],"version-history":[{"count":0,"href":"https:\/\/www.trampolino.ee\/fi\/wp-json\/wp\/v2\/pages\/16081\/revisions"}],"wp:attachment":[{"href":"https:\/\/www.trampolino.ee\/fi\/wp-json\/wp\/v2\/media?parent=16081"}],"curies":[{"name":"wp","href":"https:\/\/api.w.org\/{rel}","templated":true}]}}