{"id":16114,"date":"2025-01-11T00:00:20","date_gmt":"2025-01-10T22:00:20","guid":{"rendered":"https:\/\/www.trampolino.ee\/booking-conditions\/"},"modified":"2026-03-17T18:18:25","modified_gmt":"2026-03-17T16:18:25","slug":"varausehdot","status":"publish","type":"page","link":"https:\/\/www.trampolino.ee\/fi\/varausehdot\/","title":{"rendered":"Varausehdot"},"content":{"rendered":"\t\t<div data-elementor-type=\"wp-page\" data-elementor-id=\"16114\" class=\"elementor elementor-16114 elementor-6123\" data-elementor-post-type=\"page\">\n\t\t\t\t<div data-particle_enable=\"false\" data-particle-mobile-disabled=\"false\" class=\"elementor-element elementor-element-79f57974 e-flex e-con-boxed e-con e-parent\" data-id=\"79f57974\" data-element_type=\"container\" data-e-type=\"container\" id=\"reeglid\" data-settings=\"{&quot;background_background&quot;:&quot;classic&quot;}\">\n\t\t\t\t\t<div class=\"e-con-inner\">\n\t\t<div data-particle_enable=\"false\" data-particle-mobile-disabled=\"false\" class=\"elementor-element elementor-element-20cf68d9 e-con-full e-flex e-con e-child\" data-id=\"20cf68d9\" data-element_type=\"container\" data-e-type=\"container\">\n\t\t\t\t<div class=\"elementor-element elementor-element-554f4d90 elementor-widget elementor-widget-image\" data-id=\"554f4d90\" data-element_type=\"widget\" data-e-type=\"widget\" data-widget_type=\"image.default\">\n\t\t\t\t\t\t\t\t\t\t\t\t\t\t\t<img decoding=\"async\" width=\"100\" height=\"100\" src=\"https:\/\/www.trampolino.ee\/wp-content\/uploads\/2025\/01\/Group-1848_1-1.png\" class=\"attachment-large size-large wp-image-16063\" alt=\"\" \/>\t\t\t\t\t\t\t\t\t\t\t\t\t\t\t<\/div>\n\t\t\t\t<div class=\"elementor-element elementor-element-217a059b elementor-widget elementor-widget-heading\" data-id=\"217a059b\" data-element_type=\"widget\" data-e-type=\"widget\" data-widget_type=\"heading.default\">\n\t\t\t\t\t<h2 class=\"elementor-heading-title elementor-size-default\">Varausehdot<\/h2>\t\t\t\t<\/div>\n\t\t\t\t<\/div>\n\t\t<div data-particle_enable=\"false\" data-particle-mobile-disabled=\"false\" class=\"elementor-element elementor-element-3046643a e-con-full e-flex e-con e-child\" data-id=\"3046643a\" data-element_type=\"container\" data-e-type=\"container\">\n\t\t\t\t<div class=\"elementor-element elementor-element-3a88176b elementor-widget elementor-widget-text-editor\" data-id=\"3a88176b\" data-element_type=\"widget\" data-e-type=\"widget\" data-widget_type=\"text-editor.default\">\n\t\t\t\t\t\t\t\t\t<h4><img decoding=\"async\" class=\"wp-image-12052 alignleft\" src=\"https:\/\/www.trampolino.ee\/wp-content\/uploads\/2024\/08\/Group-1848_1.png\" alt=\"\" width=\"30\" height=\"30\" \/>Palvelun kuvaus<\/h4>\t\t\t\t\t\t\t\t<\/div>\n\t\t\t\t<div class=\"elementor-element elementor-element-63759777 elementor-widget elementor-widget-text-editor\" data-id=\"63759777\" data-element_type=\"widget\" data-e-type=\"widget\" data-widget_type=\"text-editor.default\">\n\t\t\t\t\t\t\t\t\t<p>Palvelun vuokrahintaan sis\u00e4ltyy syntt\u00e4rihuoneen k\u00e4ytt\u00f6 etuk\u00e4teen varatun ajan mukaan ja Trampolinon trampoliinikeskuksessa kaikki asiakkaat voivat y\u00f6py\u00e4 yhteens\u00e4 3 tuntia. Syntym\u00e4p\u00e4iv\u00e4huoneissa on kiinte\u00e4 m\u00e4\u00e4r\u00e4 istumapaikkoja. Jos vieraita on enemm\u00e4n kuin huone sallii, veloitetaan jokaisesta ylim\u00e4\u00e4r\u00e4isest\u00e4 lapsesta 5 \u20ac\/lapsi. Huoneessa on my\u00f6s astiasto jopa 20 lapselle. Jos vieraita on enemm\u00e4n, kertak\u00e4ytt\u00f6astioita lis\u00e4lapsille voi ostaa paikan p\u00e4\u00e4lt\u00e4 hintaan 2,5 \u20ac\/lapsi. Hinta sis\u00e4lt\u00e4\u00e4 lautasen, ruokailuv\u00e4lineet ja juomakupin. Guests invited to the birthday party do not need to purchase a separate trampoline center ticket. Syntym\u00e4huoneen vieraat voivat tuoda omat ruokansa ja juomansa tai k\u00e4ytt\u00e4\u00e4 Trampolino-ruokailupalvelua. Syntt\u00e4rihuoneiden ty\u00f6j\u00e4rjestykset l\u00f6ytyv\u00e4t t\u00e4\u00e4lt\u00e4. Reds O\u00dc ei tarjoa lastenhoitopalveluja. Trampolino-trampoliinikeskuksen ty\u00f6j\u00e4rjestyksen mukaan alle 7-vuotiaat lapset eiv\u00e4t saa oleskella trampoliinikeskuksessa ilman huoltajaa tai ohjaajaa (ohjaajan tulee olla v\u00e4hint\u00e4\u00e4n 16-vuotias). Syntym\u00e4juhlissa l\u00e4sn\u00e4 olevat lapset ovat vanhemman tai syntt\u00e4rihuoneen varanneen henkil\u00f6n vastuulla, my\u00f6s silloin, jos juhlia j\u00e4rjest\u00e4\u00e4 juhlap\u00e4\u00e4llikk\u00f6. Turvallisuuden takaamiseksi pyyd\u00e4mme vanhempia valvomaan kaikkien juhliin osallistuvien lasten toimintaa ja turvallisuutta.<\/p>\t\t\t\t\t\t\t\t<\/div>\n\t\t\t\t<div class=\"elementor-element elementor-element-3f5dba3b elementor-widget elementor-widget-text-editor\" data-id=\"3f5dba3b\" data-element_type=\"widget\" data-e-type=\"widget\" data-widget_type=\"text-editor.default\">\n\t\t\t\t\t\t\t\t\t<h4><img decoding=\"async\" class=\"wp-image-12052 alignleft\" src=\"https:\/\/www.trampolino.ee\/wp-content\/uploads\/2024\/08\/Group-1848_1.png\" alt=\"\" width=\"30\" height=\"30\" \/>Tilauksen tekeminen verkkosivuston kautta<\/h4>\t\t\t\t\t\t\t\t<\/div>\n\t\t\t\t<div class=\"elementor-element elementor-element-5b104850 elementor-widget elementor-widget-text-editor\" data-id=\"5b104850\" data-element_type=\"widget\" data-e-type=\"widget\" data-widget_type=\"text-editor.default\">\n\t\t\t\t\t\t\t\t\t<p>Palvelun tilaamiseksi sinun tulee tehd\u00e4 varaus Trampolinon verkkosivuilla olevan varausj\u00e4rjestelm\u00e4n kautta. Suorittaaksesi tilauksen sinun tulee valita sopivat tuotteet ja palvelut ja t\u00e4ytt\u00e4\u00e4 tarvittavat kent\u00e4t. T\u00e4m\u00e4n j\u00e4lkeen n\u00e4yt\u00f6lle tulee maksun suuruus (\u20ac), jonka voi maksaa Maksekeskuksen tarjoaman pankkilinkin kautta. Jos p\u00e4\u00e4t\u00e4t maksaa varauksen yhteydess\u00e4 vain 50 \u20ac varausmaksun, maksetaan loput huonevuokrasta paikan p\u00e4\u00e4ll\u00e4 kortilla tai k\u00e4teisell\u00e4. Tilattu ateriapalvelu lis\u00e4t\u00e4\u00e4n kuitenkin v\u00e4litt\u00f6m\u00e4sti varausmaksuun ja se tulee maksaa kokonaisuudessaan varauksen yhteydess\u00e4. Lis\u00e4palvelut maksetaan paikan p\u00e4\u00e4ll\u00e4 kortilla tai k\u00e4teisell\u00e4 palvelun my\u00f6hemm\u00e4n vahvistuksen vuoksi. Syntym\u00e4p\u00e4iv\u00e4varaus astuu voimaan maksup\u00e4iv\u00e4st\u00e4. Mik\u00e4li varattua aikaa tai lis\u00e4toimintaa ei voida j\u00e4rjest\u00e4\u00e4, siit\u00e4 ilmoitetaan ostajalle ja maksetut rahat palautetaan mahdollisimman pian, kuitenkin viimeist\u00e4\u00e4n 14 p\u00e4iv\u00e4n kuluessa ilmoituksen l\u00e4hett\u00e4misest\u00e4. Onnistuneen varauksen j\u00e4lkeen l\u00e4hetet\u00e4\u00e4n automaattinen varausvahvistus varauksessa annettuun s\u00e4hk\u00f6postiosoitteeseen. Jos et saa s\u00e4hk\u00f6postia, ota yhteytt\u00e4 Trampolino-tiimiin s\u00e4hk\u00f6postitse osoitteeseen info@trampolino.ee tai soita +372 5379 5555.<\/p>\t\t\t\t\t\t\t\t<\/div>\n\t\t\t\t<div class=\"elementor-element elementor-element-7a4381 elementor-widget elementor-widget-text-editor\" data-id=\"7a4381\" data-element_type=\"widget\" data-e-type=\"widget\" data-widget_type=\"text-editor.default\">\n\t\t\t\t\t\t\t\t\t<h4><img decoding=\"async\" class=\"wp-image-12052 alignleft\" src=\"https:\/\/www.trampolino.ee\/wp-content\/uploads\/2024\/08\/Group-1848_1.png\" alt=\"\" width=\"30\" height=\"30\" \/>Peruutusehdot<\/h4>\t\t\t\t\t\t\t\t<\/div>\n\t\t\t\t<div class=\"elementor-element elementor-element-4702ff74 elementor-widget elementor-widget-text-editor\" data-id=\"4702ff74\" data-element_type=\"widget\" data-e-type=\"widget\" data-widget_type=\"text-editor.default\">\n\t\t\t\t\t\t\t\t\t<p>HUOM! Mik\u00e4li varaus perutaan, varausmaksua ei palauteta. Varauksen muuttamisesta tulee tehd\u00e4 kirjallinen ilmoitus osoitteeseen info@trampolino.ee yli 48 tuntia ennen varausaikaa. Varattua syntym\u00e4aikaa voidaan muuttaa enint\u00e4\u00e4n 1 (yhden) vuoden sis\u00e4ll\u00e4 alkuper\u00e4isest\u00e4 p\u00e4iv\u00e4m\u00e4\u00e4r\u00e4st\u00e4.<\/p>\t\t\t\t\t\t\t\t<\/div>\n\t\t\t\t<div class=\"elementor-element elementor-element-6ad41482 elementor-widget elementor-widget-text-editor\" data-id=\"6ad41482\" data-element_type=\"widget\" data-e-type=\"widget\" data-widget_type=\"text-editor.default\">\n\t\t\t\t\t\t\t\t\t<h4><img decoding=\"async\" class=\"wp-image-12052 alignleft\" src=\"https:\/\/www.trampolino.ee\/wp-content\/uploads\/2024\/08\/Group-1848_1.png\" alt=\"\" width=\"30\" height=\"30\" \/>Riitojen ratkaisu<\/h4>\t\t\t\t\t\t\t\t<\/div>\n\t\t\t\t<div class=\"elementor-element elementor-element-3720b533 elementor-widget elementor-widget-text-editor\" data-id=\"3720b533\" data-element_type=\"widget\" data-e-type=\"widget\" data-widget_type=\"text-editor.default\">\n\t\t\t\t\t\t\t\t\t<p>Mik\u00e4li ostajalla on valituksia Trampolino Trampoliinikeskuksesta, ne tulee l\u00e4hett\u00e4\u00e4 s\u00e4hk\u00f6postitse osoitteeseen info@trampolino.ee tai puhelimitse numeroon +372 5379 5555. Mik\u00e4li ostaja ja yritys eiv\u00e4t pysty ratkaisemaan erimielisyytt\u00e4 sopimuksella, ostaja voi ottaa yhteytt\u00e4 kuluttajariitalautakuntaan. Menettelyehdot ovat n\u00e4ht\u00e4viss\u00e4 ja lausunnon l\u00e4hetyksess\u00e4 t\u00e4\u00e4ll\u00e4. Kuluttajariitalautakunta on toimivaltainen ratkaisemaan ostajan ja verkkokaupan v\u00e4lisest\u00e4 sopimuksesta aiheutuvat riidat. Ostajan valituksen k\u00e4sittely komissiossa on maksuton. Ostaja voi ottaa yhteytt\u00e4 Euroopan unionin kuluttajariitojen ratkaisufoorumiin.<\/p>\t\t\t\t\t\t\t\t<\/div>\n\t\t\t\t<\/div>\n\t\t\t\t\t<\/div>\n\t\t\t\t<\/div>\n\t\t\t\t<\/div>\n\t\t","protected":false},"excerpt":{"rendered":"<p>Varausehdot Palvelun kuvaus Palvelun vuokrahintaan sis\u00e4ltyy syntt\u00e4rihuoneen k\u00e4ytt\u00f6 etuk\u00e4teen varatun ajan mukaan ja Trampolinon trampoliinikeskuksessa kaikki asiakkaat voivat y\u00f6py\u00e4 yhteens\u00e4 3 tuntia. Syntym\u00e4p\u00e4iv\u00e4huoneissa on kiinte\u00e4 m\u00e4\u00e4r\u00e4 istumapaikkoja. Jos vieraita on [&hellip;]<\/p>\n","protected":false},"author":14,"featured_media":0,"parent":0,"menu_order":0,"comment_status":"closed","ping_status":"closed","template":"","meta":{"_price":"","_stock":"","_tribe_ticket_header":"","_tribe_default_ticket_provider":"","_tribe_ticket_capacity":"0","_ticket_start_date":"","_ticket_end_date":"","_tribe_ticket_show_description":"","_tribe_ticket_show_not_going":false,"_tribe_ticket_use_global_stock":"","_tribe_ticket_global_stock_level":"","_global_stock_mode":"","_global_stock_cap":"","_tribe_rsvp_for_event":"","_tribe_ticket_going_count":"","_tribe_ticket_not_going_count":"","_tribe_tickets_list":"[]","_tribe_ticket_has_attendee_info_fields":false,"footnotes":"","_tec_slr_enabled":"","_tec_slr_layout":""},"class_list":["post-16114","page","type-page","status-publish","hentry"],"cmb2":{"yourprefix_rest_metabox":{"yourprefix_rest_text":""}},"ticketed":false,"_links":{"self":[{"href":"https:\/\/www.trampolino.ee\/fi\/wp-json\/wp\/v2\/pages\/16114","targetHints":{"allow":["GET"]}}],"collection":[{"href":"https:\/\/www.trampolino.ee\/fi\/wp-json\/wp\/v2\/pages"}],"about":[{"href":"https:\/\/www.trampolino.ee\/fi\/wp-json\/wp\/v2\/types\/page"}],"author":[{"embeddable":true,"href":"https:\/\/www.trampolino.ee\/fi\/wp-json\/wp\/v2\/users\/14"}],"replies":[{"embeddable":true,"href":"https:\/\/www.trampolino.ee\/fi\/wp-json\/wp\/v2\/comments?post=16114"}],"version-history":[{"count":0,"href":"https:\/\/www.trampolino.ee\/fi\/wp-json\/wp\/v2\/pages\/16114\/revisions"}],"wp:attachment":[{"href":"https:\/\/www.trampolino.ee\/fi\/wp-json\/wp\/v2\/media?parent=16114"}],"curies":[{"name":"wp","href":"https:\/\/api.w.org\/{rel}","templated":true}]}}