{"id":16175,"date":"2025-11-17T12:38:41","date_gmt":"2025-11-17T10:38:41","guid":{"rendered":"https:\/\/www.trampolino.ee\/childrens-bowling\/"},"modified":"2026-03-19T18:28:02","modified_gmt":"2026-03-19T16:28:02","slug":"lasten-keilailu","status":"publish","type":"page","link":"https:\/\/www.trampolino.ee\/fi\/lasten-keilailu\/","title":{"rendered":"Lasten keilailu"},"content":{"rendered":"\t\t<div data-elementor-type=\"wp-page\" data-elementor-id=\"16175\" class=\"elementor elementor-16175 elementor-13728\" data-elementor-post-type=\"page\">\n\t\t\t\t<div data-particle_enable=\"false\" data-particle-mobile-disabled=\"false\" class=\"elementor-element elementor-element-f610a27 e-flex e-con-boxed e-con e-parent\" data-id=\"f610a27\" data-element_type=\"container\" data-e-type=\"container\" data-settings=\"{&quot;background_background&quot;:&quot;classic&quot;,&quot;shape_divider_bottom&quot;:&quot;tilt&quot;}\">\n\t\t\t\t\t<div class=\"e-con-inner\">\n\t\t\t\t<div class=\"elementor-shape elementor-shape-bottom\" aria-hidden=\"true\" data-negative=\"false\">\n\t\t\t<svg xmlns=\"http:\/\/www.w3.org\/2000\/svg\" viewBox=\"0 0 1000 100\" preserveAspectRatio=\"none\">\n\t<path class=\"elementor-shape-fill\" d=\"M0,6V0h1000v100L0,6z\"\/>\n<\/svg>\t\t<\/div>\n\t\t<div data-particle_enable=\"false\" data-particle-mobile-disabled=\"false\" class=\"elementor-element elementor-element-4c8ef543 e-con-full e-flex e-con e-child\" data-id=\"4c8ef543\" data-element_type=\"container\" data-e-type=\"container\">\n\t\t<div data-particle_enable=\"false\" data-particle-mobile-disabled=\"false\" class=\"elementor-element elementor-element-2921762a e-con-full e-flex e-con e-child\" data-id=\"2921762a\" data-element_type=\"container\" data-e-type=\"container\">\n\t\t\t\t<div class=\"elementor-element elementor-element-116ac020 elementor-widget elementor-widget-image\" data-id=\"116ac020\" data-element_type=\"widget\" data-e-type=\"widget\" data-widget_type=\"image.default\">\n\t\t\t\t\t\t\t\t\t\t\t\t\t\t\t<img decoding=\"async\" width=\"101\" height=\"101\" src=\"https:\/\/www.trampolino.ee\/wp-content\/uploads\/2025\/01\/Group-1848-1.png\" class=\"attachment-large size-large wp-image-16321\" alt=\"\" \/>\t\t\t\t\t\t\t\t\t\t\t\t\t\t\t<\/div>\n\t\t\t\t<div class=\"elementor-element elementor-element-670b0d00 elementor-widget elementor-widget-heading\" data-id=\"670b0d00\" data-element_type=\"widget\" data-e-type=\"widget\" data-widget_type=\"heading.default\">\n\t\t\t\t\t<h1 class=\"elementor-heading-title elementor-size-default\">Lasten keilailu<\/h1>\t\t\t\t<\/div>\n\t\t\t\t<\/div>\n\t\t\t\t<div class=\"elementor-element elementor-element-21cb940b elementor-widget elementor-widget-text-editor\" data-id=\"21cb940b\" data-element_type=\"widget\" data-e-type=\"widget\" data-widget_type=\"text-editor.default\">\n\t\t\t\t\t\t\t\t\t<p>Etsitk\u00f6 hauskaa aktiviteettia yst\u00e4vien kanssa tai haluatko lis\u00e4t\u00e4 jotain hauskaa trampoliinivierailuusi? Trampolino-lasten keilailu on t\u00e4ydellinen tapa viett\u00e4\u00e4 tunti hauskaa, t\u00e4ynn\u00e4 naurua ja yst\u00e4v\u00e4llisi\u00e4 kaksintaisteluja!<\/p><p>Keilailualueemme on suunniteltu erityisesti lapsille &#8211; kevyill\u00e4 palloilla ja pienemmill\u00e4 mailoilla, jotta peli on j\u00e4nnitt\u00e4v\u00e4\u00e4 ja edullista kaikenik\u00e4isille keilaajille.<\/p><p>Yhdell\u00e4 radalla voi pelata jopa 5 pelaajaa, meill\u00e4 on yhteens\u00e4 2 rataa. Tule yst\u00e4vien, perheen tai luokkatovereiden kanssa ja kokeile, kenen heitto on t\u00e4n\u00e4\u00e4n tarkin! Lasten keilailu on hauska, aktiivinen ja juuri sopivan pituinen aktiviteetti syntym\u00e4p\u00e4iv\u00e4juhliin, luokkailtaan tai vain huvin vuoksi!<\/p><p>Jos haluat pelata suuremmalla porukalla, kirjoita meille osoitteeseen info@trampolino.ee, niin l\u00f6yd\u00e4mme ratkaisun!<\/p>\t\t\t\t\t\t\t\t<\/div>\n\t\t<div data-particle_enable=\"false\" data-particle-mobile-disabled=\"false\" class=\"elementor-element elementor-element-44f255a6 e-con-full e-flex e-con e-child\" data-id=\"44f255a6\" data-element_type=\"container\" data-e-type=\"container\">\n\t\t<div data-particle_enable=\"false\" data-particle-mobile-disabled=\"false\" class=\"elementor-element elementor-element-5b576102 e-con-full e-flex e-con e-child\" data-id=\"5b576102\" data-element_type=\"container\" data-e-type=\"container\">\n\t\t\t\t<div class=\"elementor-element elementor-element-530997ce elementor-widget elementor-widget-text-editor\" data-id=\"530997ce\" data-element_type=\"widget\" data-e-type=\"widget\" data-widget_type=\"text-editor.default\">\n\t\t\t\t\t\t\t\t\t<p style=\"font-size: 24px;\">Kapasiteetti<\/p><p style=\"font-size: 24px;\"><strong style=\"font-size: 48px;\">10 lasta<\/strong><\/p>\t\t\t\t\t\t\t\t<\/div>\n\t\t\t\t<\/div>\n\t\t<div data-particle_enable=\"false\" data-particle-mobile-disabled=\"false\" class=\"elementor-element elementor-element-9bd41e5 e-con-full e-flex e-con e-child\" data-id=\"9bd41e5\" data-element_type=\"container\" data-e-type=\"container\">\n\t\t\t\t<div class=\"elementor-element elementor-element-2bdf98cc elementor-widget elementor-widget-text-editor\" data-id=\"2bdf98cc\" data-element_type=\"widget\" data-e-type=\"widget\" data-widget_type=\"text-editor.default\">\n\t\t\t\t\t\t\t\t\t<p style=\"font-size: 24px;\">Hinnoittelu<\/p><p><strong style=\"font-size: 32px;\">Ma-To: 1h = 20 \u20ac<\/strong><\/p><p><strong style=\"font-size: 32px;\">Pe-Su: 1h = 25 \u20ac<\/strong><\/p>\t\t\t\t\t\t\t\t<\/div>\n\t\t\t\t<\/div>\n\t\t\t\t<\/div>\n\t\t\t\t<\/div>\n\t\t<div data-particle_enable=\"false\" data-particle-mobile-disabled=\"false\" class=\"elementor-element elementor-element-78eeb63e e-con-full e-flex e-con e-child\" data-id=\"78eeb63e\" data-element_type=\"container\" data-e-type=\"container\">\n\t\t<div data-particle_enable=\"false\" data-particle-mobile-disabled=\"false\" class=\"elementor-element elementor-element-79f136e2 e-con-full e-flex e-con e-child\" data-id=\"79f136e2\" data-element_type=\"container\" data-e-type=\"container\">\n\t\t\t\t<div class=\"elementor-element elementor-element-72f6caf1 elementor-widget elementor-widget-image\" data-id=\"72f6caf1\" data-element_type=\"widget\" data-e-type=\"widget\" data-widget_type=\"image.default\">\n\t\t\t\t\t\t\t\t\t\t\t\t\t\t\t\t<a href=\"https:\/\/www.trampolino.ee\/wp-content\/uploads\/2025\/08\/DSC02275-1.jpg\" data-elementor-open-lightbox=\"yes\" data-e-action-hash=\"#elementor-action%3Aaction%3Dlightbox%26settings%3DeyJpZCI6MTYzNTcsInVybCI6Imh0dHBzOlwvXC93d3cudHJhbXBvbGluby5lZVwvd3AtY29udGVudFwvdXBsb2Fkc1wvMjAyNVwvMDhcL0RTQzAyMjc1LTEuanBnIn0%3D\">\n\t\t\t\t\t\t\t<img fetchpriority=\"high\" decoding=\"async\" width=\"800\" height=\"534\" src=\"https:\/\/www.trampolino.ee\/wp-content\/uploads\/2025\/08\/DSC02275-1-1024x683.jpg\" class=\"attachment-large size-large wp-image-16357\" alt=\"\" srcset=\"https:\/\/www.trampolino.ee\/wp-content\/uploads\/2025\/08\/DSC02275-1-1024x683.jpg 1024w, https:\/\/www.trampolino.ee\/wp-content\/uploads\/2025\/08\/DSC02275-1-300x200.jpg 300w, https:\/\/www.trampolino.ee\/wp-content\/uploads\/2025\/08\/DSC02275-1-768x512.jpg 768w, https:\/\/www.trampolino.ee\/wp-content\/uploads\/2025\/08\/DSC02275-1-1536x1024.jpg 1536w, https:\/\/www.trampolino.ee\/wp-content\/uploads\/2025\/08\/DSC02275-1-600x400.jpg 600w, https:\/\/www.trampolino.ee\/wp-content\/uploads\/2025\/08\/DSC02275-1.jpg 2048w\" sizes=\"(max-width: 800px) 100vw, 800px\" \/>\t\t\t\t\t\t\t\t<\/a>\n\t\t\t\t\t\t\t\t\t\t\t\t\t\t\t<\/div>\n\t\t\t\t<\/div>\n\t\t<div data-particle_enable=\"false\" data-particle-mobile-disabled=\"false\" class=\"elementor-element elementor-element-605640b0 e-con-full e-flex e-con e-child\" data-id=\"605640b0\" data-element_type=\"container\" data-e-type=\"container\">\n\t\t<div data-particle_enable=\"false\" data-particle-mobile-disabled=\"false\" class=\"elementor-element elementor-element-4d3a7096 e-con-full elementor-hidden-mobile e-flex e-con e-child\" data-id=\"4d3a7096\" data-element_type=\"container\" data-e-type=\"container\">\n\t\t\t\t<div class=\"elementor-element elementor-element-641209b2 elementor-widget elementor-widget-image\" data-id=\"641209b2\" data-element_type=\"widget\" data-e-type=\"widget\" data-widget_type=\"image.default\">\n\t\t\t\t\t\t\t\t\t\t\t\t\t\t\t\t<a href=\"https:\/\/www.trampolino.ee\/wp-content\/uploads\/2025\/08\/DSC02260-1.jpg\" data-elementor-open-lightbox=\"yes\" data-e-action-hash=\"#elementor-action%3Aaction%3Dlightbox%26settings%3DeyJpZCI6MTYzNTgsInVybCI6Imh0dHBzOlwvXC93d3cudHJhbXBvbGluby5lZVwvd3AtY29udGVudFwvdXBsb2Fkc1wvMjAyNVwvMDhcL0RTQzAyMjYwLTEuanBnIn0%3D\">\n\t\t\t\t\t\t\t<img decoding=\"async\" width=\"800\" height=\"534\" src=\"https:\/\/www.trampolino.ee\/wp-content\/uploads\/2025\/08\/DSC02260-1-1024x683.jpg\" class=\"attachment-large size-large wp-image-16358\" alt=\"\" srcset=\"https:\/\/www.trampolino.ee\/wp-content\/uploads\/2025\/08\/DSC02260-1-1024x683.jpg 1024w, https:\/\/www.trampolino.ee\/wp-content\/uploads\/2025\/08\/DSC02260-1-300x200.jpg 300w, https:\/\/www.trampolino.ee\/wp-content\/uploads\/2025\/08\/DSC02260-1-768x512.jpg 768w, https:\/\/www.trampolino.ee\/wp-content\/uploads\/2025\/08\/DSC02260-1-1536x1024.jpg 1536w, https:\/\/www.trampolino.ee\/wp-content\/uploads\/2025\/08\/DSC02260-1-600x400.jpg 600w, https:\/\/www.trampolino.ee\/wp-content\/uploads\/2025\/08\/DSC02260-1.jpg 2048w\" sizes=\"(max-width: 800px) 100vw, 800px\" \/>\t\t\t\t\t\t\t\t<\/a>\n\t\t\t\t\t\t\t\t\t\t\t\t\t\t\t<\/div>\n\t\t\t\t<\/div>\n\t\t<div data-particle_enable=\"false\" data-particle-mobile-disabled=\"false\" class=\"elementor-element elementor-element-4fc6e794 e-con-full elementor-hidden-mobile e-flex e-con e-child\" data-id=\"4fc6e794\" data-element_type=\"container\" data-e-type=\"container\">\n\t\t\t\t<div class=\"elementor-element elementor-element-3a3d41ec elementor-widget elementor-widget-image\" data-id=\"3a3d41ec\" data-element_type=\"widget\" data-e-type=\"widget\" data-widget_type=\"image.default\">\n\t\t\t\t\t\t\t\t\t\t\t\t\t\t\t\t<a href=\"https:\/\/www.trampolino.ee\/wp-content\/uploads\/2025\/08\/DSC02286-1.jpg\" data-elementor-open-lightbox=\"yes\" data-e-action-hash=\"#elementor-action%3Aaction%3Dlightbox%26settings%3DeyJpZCI6MTYzNTksInVybCI6Imh0dHBzOlwvXC93d3cudHJhbXBvbGluby5lZVwvd3AtY29udGVudFwvdXBsb2Fkc1wvMjAyNVwvMDhcL0RTQzAyMjg2LTEuanBnIn0%3D\">\n\t\t\t\t\t\t\t<img loading=\"lazy\" decoding=\"async\" width=\"800\" height=\"534\" src=\"https:\/\/www.trampolino.ee\/wp-content\/uploads\/2025\/08\/DSC02286-1-1024x683.jpg\" class=\"attachment-large size-large wp-image-16359\" alt=\"\" srcset=\"https:\/\/www.trampolino.ee\/wp-content\/uploads\/2025\/08\/DSC02286-1-1024x683.jpg 1024w, https:\/\/www.trampolino.ee\/wp-content\/uploads\/2025\/08\/DSC02286-1-300x200.jpg 300w, https:\/\/www.trampolino.ee\/wp-content\/uploads\/2025\/08\/DSC02286-1-768x512.jpg 768w, https:\/\/www.trampolino.ee\/wp-content\/uploads\/2025\/08\/DSC02286-1-1536x1024.jpg 1536w, https:\/\/www.trampolino.ee\/wp-content\/uploads\/2025\/08\/DSC02286-1-600x400.jpg 600w, https:\/\/www.trampolino.ee\/wp-content\/uploads\/2025\/08\/DSC02286-1.jpg 2048w\" sizes=\"(max-width: 800px) 100vw, 800px\" \/>\t\t\t\t\t\t\t\t<\/a>\n\t\t\t\t\t\t\t\t\t\t\t\t\t\t\t<\/div>\n\t\t\t\t<\/div>\n\t\t\t\t<\/div>\n\t\t\t\t<\/div>\n\t\t\t\t\t<\/div>\n\t\t\t\t<\/div>\n\t\t<div data-particle_enable=\"false\" data-particle-mobile-disabled=\"false\" class=\"elementor-element elementor-element-43323020 e-flex e-con-boxed e-con e-parent\" data-id=\"43323020\" data-element_type=\"container\" data-e-type=\"container\" data-settings=\"{&quot;background_background&quot;:&quot;classic&quot;}\">\n\t\t\t\t\t<div class=\"e-con-inner\">\n\t\t<div data-particle_enable=\"false\" data-particle-mobile-disabled=\"false\" class=\"elementor-element elementor-element-4bf0be38 e-con-full e-flex e-con e-child\" data-id=\"4bf0be38\" data-element_type=\"container\" data-e-type=\"container\">\n\t\t\t\t<div class=\"elementor-element elementor-element-2263ce8c elementor-widget elementor-widget-image\" data-id=\"2263ce8c\" data-element_type=\"widget\" data-e-type=\"widget\" data-widget_type=\"image.default\">\n\t\t\t\t\t\t\t\t\t\t\t\t\t\t\t<img loading=\"lazy\" decoding=\"async\" width=\"100\" height=\"100\" src=\"https:\/\/www.trampolino.ee\/wp-content\/uploads\/2025\/01\/Group-1848_1.png\" class=\"attachment-large size-large wp-image-16355\" alt=\"\" \/>\t\t\t\t\t\t\t\t\t\t\t\t\t\t\t<\/div>\n\t\t\t\t<div class=\"elementor-element elementor-element-119846c1 elementor-widget elementor-widget-heading\" data-id=\"119846c1\" data-element_type=\"widget\" data-e-type=\"widget\" data-widget_type=\"heading.default\">\n\t\t\t\t\t<h2 class=\"elementor-heading-title elementor-size-default\">Galleria<\/h2>\t\t\t\t<\/div>\n\t\t\t\t<\/div>\n\t\t\t\t\t<\/div>\n\t\t\t\t<\/div>\n\t\t<div data-particle_enable=\"false\" data-particle-mobile-disabled=\"false\" class=\"elementor-element elementor-element-20c1a6e1 e-flex e-con-boxed e-con e-parent\" data-id=\"20c1a6e1\" data-element_type=\"container\" data-e-type=\"container\" data-settings=\"{&quot;background_background&quot;:&quot;classic&quot;}\">\n\t\t\t\t\t<div class=\"e-con-inner\">\n\t\t\t\t<div class=\"elementor-element elementor-element-2f39c78f elementor-widget elementor-widget-gallery\" data-id=\"2f39c78f\" data-element_type=\"widget\" data-e-type=\"widget\" data-settings=\"{&quot;columns&quot;:3,&quot;gap&quot;:{&quot;unit&quot;:&quot;px&quot;,&quot;size&quot;:15,&quot;sizes&quot;:[]},&quot;lazyload&quot;:&quot;yes&quot;,&quot;gallery_layout&quot;:&quot;grid&quot;,&quot;columns_tablet&quot;:2,&quot;columns_mobile&quot;:1,&quot;gap_tablet&quot;:{&quot;unit&quot;:&quot;px&quot;,&quot;size&quot;:10,&quot;sizes&quot;:[]},&quot;gap_mobile&quot;:{&quot;unit&quot;:&quot;px&quot;,&quot;size&quot;:10,&quot;sizes&quot;:[]},&quot;link_to&quot;:&quot;file&quot;,&quot;aspect_ratio&quot;:&quot;3:2&quot;,&quot;overlay_background&quot;:&quot;yes&quot;,&quot;content_hover_animation&quot;:&quot;fade-in&quot;}\" data-widget_type=\"gallery.default\">\n\t\t\t\t\t\t\t<div class=\"elementor-gallery__container\">\r\n\t\t\t\t\t\t\t<a class=\"e-gallery-item elementor-gallery-item elementor-animated-content\" href=\"https:\/\/www.trampolino.ee\/wp-content\/uploads\/2025\/08\/DSC02260.jpg\" data-elementor-open-lightbox=\"yes\" data-elementor-lightbox-slideshow=\"2f39c78f\" data-e-action-hash=\"#elementor-action%3Aaction%3Dlightbox%26settings%3DeyJpZCI6MTYzNjAsInVybCI6Imh0dHBzOlwvXC93d3cudHJhbXBvbGluby5lZVwvd3AtY29udGVudFwvdXBsb2Fkc1wvMjAyNVwvMDhcL0RTQzAyMjYwLmpwZyIsInNsaWRlc2hvdyI6IjJmMzljNzhmIn0%3D\">\r\n\t\t\t\t\t<div class=\"e-gallery-image elementor-gallery-item__image\" data-thumbnail=\"https:\/\/www.trampolino.ee\/wp-content\/uploads\/2025\/08\/DSC02260-1024x683.jpg\" data-width=\"800\" data-height=\"534\" aria-label=\"\" role=\"img\" ><\/div>\r\n\t\t\t\t\t\t\t\t\t\t\t<div class=\"elementor-gallery-item__overlay\"><\/div>\r\n\t\t\t\t\t\t\t\t\t\t\t\t\t\t<\/a>\r\n\t\t\t\t\t\t\t<a class=\"e-gallery-item elementor-gallery-item elementor-animated-content\" href=\"https:\/\/www.trampolino.ee\/wp-content\/uploads\/2025\/08\/DSC02266.jpg\" data-elementor-open-lightbox=\"yes\" data-elementor-lightbox-slideshow=\"2f39c78f\" data-e-action-hash=\"#elementor-action%3Aaction%3Dlightbox%26settings%3DeyJpZCI6MTYzNjEsInVybCI6Imh0dHBzOlwvXC93d3cudHJhbXBvbGluby5lZVwvd3AtY29udGVudFwvdXBsb2Fkc1wvMjAyNVwvMDhcL0RTQzAyMjY2LmpwZyIsInNsaWRlc2hvdyI6IjJmMzljNzhmIn0%3D\">\r\n\t\t\t\t\t<div class=\"e-gallery-image elementor-gallery-item__image\" data-thumbnail=\"https:\/\/www.trampolino.ee\/wp-content\/uploads\/2025\/08\/DSC02266-1024x683.jpg\" data-width=\"800\" data-height=\"534\" aria-label=\"\" role=\"img\" ><\/div>\r\n\t\t\t\t\t\t\t\t\t\t\t<div class=\"elementor-gallery-item__overlay\"><\/div>\r\n\t\t\t\t\t\t\t\t\t\t\t\t\t\t<\/a>\r\n\t\t\t\t\t\t\t<a class=\"e-gallery-item elementor-gallery-item elementor-animated-content\" href=\"https:\/\/www.trampolino.ee\/wp-content\/uploads\/2025\/08\/DSC02261.jpg\" data-elementor-open-lightbox=\"yes\" data-elementor-lightbox-slideshow=\"2f39c78f\" data-e-action-hash=\"#elementor-action%3Aaction%3Dlightbox%26settings%3DeyJpZCI6MTYzNjIsInVybCI6Imh0dHBzOlwvXC93d3cudHJhbXBvbGluby5lZVwvd3AtY29udGVudFwvdXBsb2Fkc1wvMjAyNVwvMDhcL0RTQzAyMjYxLmpwZyIsInNsaWRlc2hvdyI6IjJmMzljNzhmIn0%3D\">\r\n\t\t\t\t\t<div class=\"e-gallery-image elementor-gallery-item__image\" data-thumbnail=\"https:\/\/www.trampolino.ee\/wp-content\/uploads\/2025\/08\/DSC02261-1024x683.jpg\" data-width=\"800\" data-height=\"534\" aria-label=\"\" role=\"img\" ><\/div>\r\n\t\t\t\t\t\t\t\t\t\t\t<div class=\"elementor-gallery-item__overlay\"><\/div>\r\n\t\t\t\t\t\t\t\t\t\t\t\t\t\t<\/a>\r\n\t\t\t\t\t\t\t<a class=\"e-gallery-item elementor-gallery-item elementor-animated-content\" href=\"https:\/\/www.trampolino.ee\/wp-content\/uploads\/2025\/08\/DSC02247.jpg\" data-elementor-open-lightbox=\"yes\" data-elementor-lightbox-slideshow=\"2f39c78f\" data-e-action-hash=\"#elementor-action%3Aaction%3Dlightbox%26settings%3DeyJpZCI6MTYzNjMsInVybCI6Imh0dHBzOlwvXC93d3cudHJhbXBvbGluby5lZVwvd3AtY29udGVudFwvdXBsb2Fkc1wvMjAyNVwvMDhcL0RTQzAyMjQ3LmpwZyIsInNsaWRlc2hvdyI6IjJmMzljNzhmIn0%3D\">\r\n\t\t\t\t\t<div class=\"e-gallery-image elementor-gallery-item__image\" data-thumbnail=\"https:\/\/www.trampolino.ee\/wp-content\/uploads\/2025\/08\/DSC02247-1024x683.jpg\" data-width=\"800\" data-height=\"534\" aria-label=\"\" role=\"img\" ><\/div>\r\n\t\t\t\t\t\t\t\t\t\t\t<div class=\"elementor-gallery-item__overlay\"><\/div>\r\n\t\t\t\t\t\t\t\t\t\t\t\t\t\t<\/a>\r\n\t\t\t\t\t\t\t<a class=\"e-gallery-item elementor-gallery-item elementor-animated-content\" href=\"https:\/\/www.trampolino.ee\/wp-content\/uploads\/2025\/08\/DSC02253.jpg\" data-elementor-open-lightbox=\"yes\" data-elementor-lightbox-slideshow=\"2f39c78f\" data-e-action-hash=\"#elementor-action%3Aaction%3Dlightbox%26settings%3DeyJpZCI6MTYzNjQsInVybCI6Imh0dHBzOlwvXC93d3cudHJhbXBvbGluby5lZVwvd3AtY29udGVudFwvdXBsb2Fkc1wvMjAyNVwvMDhcL0RTQzAyMjUzLmpwZyIsInNsaWRlc2hvdyI6IjJmMzljNzhmIn0%3D\">\r\n\t\t\t\t\t<div class=\"e-gallery-image elementor-gallery-item__image\" data-thumbnail=\"https:\/\/www.trampolino.ee\/wp-content\/uploads\/2025\/08\/DSC02253-1024x683.jpg\" data-width=\"800\" data-height=\"534\" aria-label=\"\" role=\"img\" ><\/div>\r\n\t\t\t\t\t\t\t\t\t\t\t<div class=\"elementor-gallery-item__overlay\"><\/div>\r\n\t\t\t\t\t\t\t\t\t\t\t\t\t\t<\/a>\r\n\t\t\t\t\t\t\t<a class=\"e-gallery-item elementor-gallery-item elementor-animated-content\" href=\"https:\/\/www.trampolino.ee\/wp-content\/uploads\/2025\/08\/DSC02276.jpg\" data-elementor-open-lightbox=\"yes\" data-elementor-lightbox-slideshow=\"2f39c78f\" data-e-action-hash=\"#elementor-action%3Aaction%3Dlightbox%26settings%3DeyJpZCI6MTYzNjUsInVybCI6Imh0dHBzOlwvXC93d3cudHJhbXBvbGluby5lZVwvd3AtY29udGVudFwvdXBsb2Fkc1wvMjAyNVwvMDhcL0RTQzAyMjc2LmpwZyIsInNsaWRlc2hvdyI6IjJmMzljNzhmIn0%3D\">\r\n\t\t\t\t\t<div class=\"e-gallery-image elementor-gallery-item__image\" data-thumbnail=\"https:\/\/www.trampolino.ee\/wp-content\/uploads\/2025\/08\/DSC02276-1024x683.jpg\" data-width=\"800\" data-height=\"534\" aria-label=\"\" role=\"img\" ><\/div>\r\n\t\t\t\t\t\t\t\t\t\t\t<div class=\"elementor-gallery-item__overlay\"><\/div>\r\n\t\t\t\t\t\t\t\t\t\t\t\t\t\t<\/a>\r\n\t\t\t\t\t<\/div>\r\n\t\t\t\t\t<\/div>\n\t\t\t\t\t<\/div>\n\t\t\t\t<\/div>\n\t\t\t\t<\/div>\n\t\t","protected":false},"excerpt":{"rendered":"<p>Lasten keilailu Etsitk\u00f6 hauskaa aktiviteettia yst\u00e4vien kanssa tai haluatko lis\u00e4t\u00e4 jotain hauskaa trampoliinivierailuusi? Trampolino-lasten keilailu on t\u00e4ydellinen tapa viett\u00e4\u00e4 tunti hauskaa, t\u00e4ynn\u00e4 naurua ja yst\u00e4v\u00e4llisi\u00e4 kaksintaisteluja! Keilailualueemme on suunniteltu erityisesti [&hellip;]<\/p>\n","protected":false},"author":14,"featured_media":0,"parent":0,"menu_order":0,"comment_status":"closed","ping_status":"closed","template":"","meta":{"_price":"","_stock":"","_tribe_ticket_header":"","_tribe_default_ticket_provider":"","_tribe_ticket_capacity":"0","_ticket_start_date":"","_ticket_end_date":"","_tribe_ticket_show_description":"","_tribe_ticket_show_not_going":false,"_tribe_ticket_use_global_stock":"","_tribe_ticket_global_stock_level":"","_global_stock_mode":"","_global_stock_cap":"","_tribe_rsvp_for_event":"","_tribe_ticket_going_count":"","_tribe_ticket_not_going_count":"","_tribe_tickets_list":"[]","_tribe_ticket_has_attendee_info_fields":false,"footnotes":"","_tec_slr_enabled":"","_tec_slr_layout":""},"class_list":["post-16175","page","type-page","status-publish","hentry"],"cmb2":{"yourprefix_rest_metabox":{"yourprefix_rest_text":""}},"ticketed":false,"_links":{"self":[{"href":"https:\/\/www.trampolino.ee\/fi\/wp-json\/wp\/v2\/pages\/16175","targetHints":{"allow":["GET"]}}],"collection":[{"href":"https:\/\/www.trampolino.ee\/fi\/wp-json\/wp\/v2\/pages"}],"about":[{"href":"https:\/\/www.trampolino.ee\/fi\/wp-json\/wp\/v2\/types\/page"}],"author":[{"embeddable":true,"href":"https:\/\/www.trampolino.ee\/fi\/wp-json\/wp\/v2\/users\/14"}],"replies":[{"embeddable":true,"href":"https:\/\/www.trampolino.ee\/fi\/wp-json\/wp\/v2\/comments?post=16175"}],"version-history":[{"count":0,"href":"https:\/\/www.trampolino.ee\/fi\/wp-json\/wp\/v2\/pages\/16175\/revisions"}],"wp:attachment":[{"href":"https:\/\/www.trampolino.ee\/fi\/wp-json\/wp\/v2\/media?parent=16175"}],"curies":[{"name":"wp","href":"https:\/\/api.w.org\/{rel}","templated":true}]}}