{"id":16217,"date":"2025-01-11T00:00:19","date_gmt":"2025-01-10T22:00:19","guid":{"rendered":"https:\/\/www.trampolino.ee\/general-rules-of-the-trampoline-center\/"},"modified":"2026-03-19T18:38:56","modified_gmt":"2026-03-19T16:38:56","slug":"trampoliinikeskuksen-yleiset-saannot","status":"publish","type":"page","link":"https:\/\/www.trampolino.ee\/fi\/trampoliinikeskuksen-yleiset-saannot\/","title":{"rendered":"Trampoliinikeskuksen yleiset s\u00e4\u00e4nn\u00f6t"},"content":{"rendered":"\t\t<div data-elementor-type=\"wp-page\" data-elementor-id=\"16217\" class=\"elementor elementor-16217 elementor-6060\" data-elementor-post-type=\"page\">\n\t\t\t\t<div data-particle_enable=\"false\" data-particle-mobile-disabled=\"false\" class=\"elementor-element elementor-element-3bf19769 e-flex e-con-boxed e-con e-parent\" data-id=\"3bf19769\" data-element_type=\"container\" data-e-type=\"container\" id=\"reeglid\" data-settings=\"{&quot;background_background&quot;:&quot;classic&quot;}\">\n\t\t\t\t\t<div class=\"e-con-inner\">\n\t\t\t\t<div class=\"elementor-element elementor-element-311bd1af elementor-widget elementor-widget-heading\" data-id=\"311bd1af\" data-element_type=\"widget\" data-e-type=\"widget\" data-widget_type=\"heading.default\">\n\t\t\t\t\t<h2 class=\"elementor-heading-title elementor-size-default\">Trampoliinikeskuksen yleiset s\u00e4\u00e4nn\u00f6t<\/h2>\t\t\t\t<\/div>\n\t\t<div data-particle_enable=\"false\" data-particle-mobile-disabled=\"false\" class=\"elementor-element elementor-element-564ece0b e-con-full e-grid e-con e-child\" data-id=\"564ece0b\" data-element_type=\"container\" data-e-type=\"container\">\n\t\t\t\t<div class=\"elementor-element elementor-element-96fd8fc elementor-widget elementor-widget-text-editor\" data-id=\"96fd8fc\" data-element_type=\"widget\" data-e-type=\"widget\" data-widget_type=\"text-editor.default\">\n\t\t\t\t\t\t\t\t\t<p><img decoding=\"async\" class=\"wp-image-12052 alignleft\" src=\"https:\/\/www.trampolino.ee\/wp-content\/uploads\/2024\/08\/Group-1848_1.png\" alt=\"\" width=\"30\" height=\"30\" \/>7-vuotiaasta alkaen lapsi voi oleskella trampoliinikeskuksessa itsen\u00e4isesti. Nuoremmat vierailijat saavat oleskella keskuksessa vain vanhemman tai saattajan seurassa (saattajan on oltava v\u00e4hint\u00e4\u00e4n 16-vuotias).<\/p>\t\t\t\t\t\t\t\t<\/div>\n\t\t\t\t<div class=\"elementor-element elementor-element-3bda8e09 elementor-widget elementor-widget-text-editor\" data-id=\"3bda8e09\" data-element_type=\"widget\" data-e-type=\"widget\" data-widget_type=\"text-editor.default\">\n\t\t\t\t\t\t\t\t\t<p><img decoding=\"async\" class=\"wp-image-12052 alignleft\" src=\"https:\/\/www.trampolino.ee\/wp-content\/uploads\/2024\/08\/Group-1848_1.png\" alt=\"\" width=\"30\" height=\"30\" \/>Trampoliinikeskus ei tarjoa lastenhoitopalveluita. Trampoliinikeskuksessa oleskelu on lapsen tai h\u00e4nen vanhempansa\/huoltajan vastuulla.<\/p>\t\t\t\t\t\t\t\t<\/div>\n\t\t\t\t<div class=\"elementor-element elementor-element-5dbcdc28 elementor-widget elementor-widget-text-editor\" data-id=\"5dbcdc28\" data-element_type=\"widget\" data-e-type=\"widget\" data-widget_type=\"text-editor.default\">\n\t\t\t\t\t\t\t\t\t<p><img decoding=\"async\" class=\"wp-image-12052 alignleft\" src=\"https:\/\/www.trampolino.ee\/wp-content\/uploads\/2024\/08\/Group-1848_1.png\" alt=\"\" width=\"30\" height=\"30\" \/>Liukastumisvammojen v\u00e4ltt\u00e4miseksi on pakollista k\u00e4ytt\u00e4\u00e4 kumipohjaisia \u200b\u200bsukkia.<\/p>\t\t\t\t\t\t\t\t<\/div>\n\t\t\t\t<div class=\"elementor-element elementor-element-2fdbfda7 elementor-widget elementor-widget-text-editor\" data-id=\"2fdbfda7\" data-element_type=\"widget\" data-e-type=\"widget\" data-widget_type=\"text-editor.default\">\n\t\t\t\t\t\t\t\t\t<p><img decoding=\"async\" class=\"wp-image-12052 alignleft\" src=\"https:\/\/www.trampolino.ee\/wp-content\/uploads\/2024\/08\/Group-1848_1.png\" alt=\"\" width=\"30\" height=\"30\" \/>Sairauden oireita omaavia vierailijoita ei p\u00e4\u00e4stet\u00e4 trampoliinikeskukseen &#8211; Trampolino-ty\u00f6ntekij\u00f6ill\u00e4 on oikeus keskeytt\u00e4\u00e4 vierailu, jos heill\u00e4 on sairauden oireita.<\/p>\t\t\t\t\t\t\t\t<\/div>\n\t\t\t\t<div class=\"elementor-element elementor-element-2fb1b6f5 elementor-widget elementor-widget-text-editor\" data-id=\"2fb1b6f5\" data-element_type=\"widget\" data-e-type=\"widget\" data-widget_type=\"text-editor.default\">\n\t\t\t\t\t\t\t\t\t<p><img decoding=\"async\" class=\"wp-image-12052 alignleft\" src=\"https:\/\/www.trampolino.ee\/wp-content\/uploads\/2024\/08\/Group-1848_1.png\" alt=\"\" width=\"30\" height=\"30\" \/>J\u00e4t\u00e4th\u00e4n p\u00e4\u00e4llysvaatteesi ja kenk\u00e4si niille varatulle alueelle.<\/p>\t\t\t\t\t\t\t\t<\/div>\n\t\t\t\t<div class=\"elementor-element elementor-element-41e82a1b elementor-widget elementor-widget-text-editor\" data-id=\"41e82a1b\" data-element_type=\"widget\" data-e-type=\"widget\" data-widget_type=\"text-editor.default\">\n\t\t\t\t\t\t\t\t\t<p><img decoding=\"async\" class=\"wp-image-12052 alignleft\" src=\"https:\/\/www.trampolino.ee\/wp-content\/uploads\/2024\/08\/Group-1848_1.png\" alt=\"\" width=\"30\" height=\"30\" \/>Trampolino Trampoline Center ei ole vastuussa kadonneista tai varastetuista henkil\u00f6kohtaisista tavaroista, mukaan lukien arvoesineiden katoamisesta, varkaudesta tai vahingoittumisesta aiheutuvat menetykset.<\/p>\t\t\t\t\t\t\t\t<\/div>\n\t\t\t\t<div class=\"elementor-element elementor-element-321fa48c elementor-widget elementor-widget-text-editor\" data-id=\"321fa48c\" data-element_type=\"widget\" data-e-type=\"widget\" data-widget_type=\"text-editor.default\">\n\t\t\t\t\t\t\t\t\t<p><img decoding=\"async\" class=\"wp-image-12052 alignleft\" src=\"https:\/\/www.trampolino.ee\/wp-content\/uploads\/2024\/08\/Group-1848_1.png\" alt=\"\" width=\"30\" height=\"30\" \/>Palvelu on k\u00e4ytett\u00e4v\u00e4 lipussa mainitun ajan kuluessa. Jos vierailuaika ylitet\u00e4\u00e4n, on maksettava hinnaston mukainen lis\u00e4maksu.<\/p>\t\t\t\t\t\t\t\t<\/div>\n\t\t\t\t<div class=\"elementor-element elementor-element-7f4baedc elementor-widget elementor-widget-text-editor\" data-id=\"7f4baedc\" data-element_type=\"widget\" data-e-type=\"widget\" data-widget_type=\"text-editor.default\">\n\t\t\t\t\t\t\t\t\t<p><img decoding=\"async\" class=\"wp-image-12052 alignleft\" src=\"https:\/\/www.trampolino.ee\/wp-content\/uploads\/2024\/08\/Group-1848_1.png\" alt=\"\" width=\"30\" height=\"30\" \/>Varmistathan trampoliinikeskuksessa ollessasi omasi ja muiden turvallisuutesi noudattamalla keskuksen turvallisuuss\u00e4\u00e4nt\u00f6j\u00e4. Onnettomuuden tai muun vaaran sattuessa ota v\u00e4litt\u00f6m\u00e4sti yhteytt\u00e4 trampoliinikeskuksen henkil\u00f6kuntaan saadaksesi apua.<\/p>\t\t\t\t\t\t\t\t<\/div>\n\t\t\t\t<div class=\"elementor-element elementor-element-2efdf6b4 elementor-widget elementor-widget-text-editor\" data-id=\"2efdf6b4\" data-element_type=\"widget\" data-e-type=\"widget\" data-widget_type=\"text-editor.default\">\n\t\t\t\t\t\t\t\t\t<p><img decoding=\"async\" class=\"wp-image-12052 alignleft\" src=\"https:\/\/www.trampolino.ee\/wp-content\/uploads\/2024\/08\/Group-1848_1.png\" alt=\"\" width=\"30\" height=\"30\" \/>Trampolino-ty\u00f6ntekij\u00e4t koordinoivat trampoliinikeskuksen yll\u00e4pitoa ja toimintaa. Tarvittaessa ty\u00f6ntekij\u00f6ill\u00e4 on oikeus rajoittaa laitetta k\u00e4ytt\u00e4vien henkil\u00f6iden m\u00e4\u00e4r\u00e4\u00e4 tai ohjata ihmisi\u00e4 muualle. S\u00e4\u00e4nt\u00f6jen rikkomistapauksissa ty\u00f6ntekij\u00f6ill\u00e4 on oikeus kehottaa ihmisi\u00e4 j\u00e4rjestykseen tai pyyt\u00e4\u00e4 heit\u00e4 poistumaan laitteesta.<\/p>\t\t\t\t\t\t\t\t<\/div>\n\t\t\t\t<div class=\"elementor-element elementor-element-45df497c elementor-widget elementor-widget-text-editor\" data-id=\"45df497c\" data-element_type=\"widget\" data-e-type=\"widget\" data-widget_type=\"text-editor.default\">\n\t\t\t\t\t\t\t\t\t<p><img decoding=\"async\" class=\"wp-image-12052 alignleft\" src=\"https:\/\/www.trampolino.ee\/wp-content\/uploads\/2024\/08\/Group-1848_1.png\" alt=\"\" width=\"30\" height=\"30\" \/>Omien ruokien tai juomien tuominen trampoliinikeskukseen on kielletty (lukuun ottamatta syntym\u00e4p\u00e4iv\u00e4huoneiden vuokrausta ja uudelleenk\u00e4ytett\u00e4vi\u00e4 juomapulloja). Nautithan kaikki myyt\u00e4v\u00e4t ruoat ja juomat vain merkityll\u00e4 alueella.<\/p>\t\t\t\t\t\t\t\t<\/div>\n\t\t\t\t<div class=\"elementor-element elementor-element-387c7705 elementor-widget elementor-widget-text-editor\" data-id=\"387c7705\" data-element_type=\"widget\" data-e-type=\"widget\" data-widget_type=\"text-editor.default\">\n\t\t\t\t\t\t\t\t\t<p><img decoding=\"async\" class=\"wp-image-12052 alignleft\" src=\"https:\/\/www.trampolino.ee\/wp-content\/uploads\/2024\/08\/Group-1848_1.png\" alt=\"\" width=\"30\" height=\"30\" \/>Tupakointi ja alkoholijuomien nauttiminen on kielletty.<\/p>\t\t\t\t\t\t\t\t<\/div>\n\t\t\t\t<div class=\"elementor-element elementor-element-1ab637fd elementor-widget elementor-widget-text-editor\" data-id=\"1ab637fd\" data-element_type=\"widget\" data-e-type=\"widget\" data-widget_type=\"text-editor.default\">\n\t\t\t\t\t\t\t\t\t<p><img decoding=\"async\" class=\"wp-image-12052 alignleft\" src=\"https:\/\/www.trampolino.ee\/wp-content\/uploads\/2024\/08\/Group-1848_1.png\" alt=\"\" width=\"30\" height=\"30\" \/>Trampoliinikeskus tai sen ty\u00f6ntekij\u00e4t eiv\u00e4t ota vastuuta mahdollisista onnettomuuksista, jos k\u00e4vij\u00e4 on rikkonut trampoliinikeskuksen yleisi\u00e4 tai turvallisuusm\u00e4\u00e4r\u00e4yksi\u00e4.<\/p>\t\t\t\t\t\t\t\t<\/div>\n\t\t\t\t<div class=\"elementor-element elementor-element-6e50a5b9 elementor-widget elementor-widget-text-editor\" data-id=\"6e50a5b9\" data-element_type=\"widget\" data-e-type=\"widget\" data-widget_type=\"text-editor.default\">\n\t\t\t\t\t\t\t\t\t<p><img decoding=\"async\" class=\"wp-image-12052 alignleft\" src=\"https:\/\/www.trampolino.ee\/wp-content\/uploads\/2024\/08\/Group-1848_1.png\" alt=\"\" width=\"30\" height=\"30\" \/>Leikkikeskuksen omaisuutta on k\u00e4ytett\u00e4v\u00e4 harkiten. Trampoliinikeskuksella on oikeus vaatia korvausta vahingoittuneesta omaisuudesta aiheutuneen vahingon m\u00e4\u00e4r\u00e4st\u00e4, joka on todistettu kameralla tai minun ottamillani tiedoilla.<\/p>\t\t\t\t\t\t\t\t<\/div>\n\t\t\t\t<div class=\"elementor-element elementor-element-2a4d6239 elementor-widget elementor-widget-text-editor\" data-id=\"2a4d6239\" data-element_type=\"widget\" data-e-type=\"widget\" data-widget_type=\"text-editor.default\">\n\t\t\t\t\t\t\t\t\t<p><img decoding=\"async\" class=\"wp-image-12052 alignleft\" src=\"https:\/\/www.trampolino.ee\/wp-content\/uploads\/2024\/08\/Group-1848_1.png\" alt=\"\" width=\"30\" height=\"30\" \/>Trampoliinikeskuksessa on videovalvonta.<\/p>\t\t\t\t\t\t\t\t<\/div>\n\t\t\t\t<\/div>\n\t\t\t\t<div class=\"elementor-element elementor-element-500952e6 elementor-widget elementor-widget-heading\" data-id=\"500952e6\" data-element_type=\"widget\" data-e-type=\"widget\" data-widget_type=\"heading.default\">\n\t\t\t\t\t<p class=\"elementor-heading-title elementor-size-default\">Huom! Kuvaaminen ja kuvaaminen trampoliinikeskuksessa on sallittua vain Trampolino-trampoliinikeskuksen johdon kirjallisella suostumuksella. Trampolino voi oikeushenkil\u00f6n\u00e4 k\u00e4ytt\u00e4\u00e4 valokuvattua ja kuvattua materiaalia yrityksen verkkosivuilla ja sosiaalisen median kanavissa. Jos k\u00e4vij\u00e4 ei suostu siihen, ett\u00e4 h\u00e4nen henkil\u00f6llisyytt\u00e4\u00e4n kuvataan yrityksen tuottamassa materiaalissa, ilmoita siit\u00e4 Trampolinon ty\u00f6ntekij\u00f6ille.<\/p>\t\t\t\t<\/div>\n\t\t\t\t\t<\/div>\n\t\t\t\t<\/div>\n\t\t\t\t<\/div>\n\t\t","protected":false},"excerpt":{"rendered":"<p>Trampoliinikeskuksen yleiset s\u00e4\u00e4nn\u00f6t 7-vuotiaasta alkaen lapsi voi oleskella trampoliinikeskuksessa itsen\u00e4isesti. Nuoremmat vierailijat saavat oleskella keskuksessa vain vanhemman tai saattajan seurassa (saattajan on oltava v\u00e4hint\u00e4\u00e4n 16-vuotias). Trampoliinikeskus ei tarjoa lastenhoitopalveluita. Trampoliinikeskuksessa [&hellip;]<\/p>\n","protected":false},"author":14,"featured_media":0,"parent":0,"menu_order":0,"comment_status":"closed","ping_status":"closed","template":"","meta":{"_price":"","_stock":"","_tribe_ticket_header":"","_tribe_default_ticket_provider":"","_tribe_ticket_capacity":"0","_ticket_start_date":"","_ticket_end_date":"","_tribe_ticket_show_description":"","_tribe_ticket_show_not_going":false,"_tribe_ticket_use_global_stock":"","_tribe_ticket_global_stock_level":"","_global_stock_mode":"","_global_stock_cap":"","_tribe_rsvp_for_event":"","_tribe_ticket_going_count":"","_tribe_ticket_not_going_count":"","_tribe_tickets_list":"[]","_tribe_ticket_has_attendee_info_fields":false,"footnotes":"","_tec_slr_enabled":"","_tec_slr_layout":""},"class_list":["post-16217","page","type-page","status-publish","hentry"],"cmb2":{"yourprefix_rest_metabox":{"yourprefix_rest_text":""}},"ticketed":false,"_links":{"self":[{"href":"https:\/\/www.trampolino.ee\/fi\/wp-json\/wp\/v2\/pages\/16217","targetHints":{"allow":["GET"]}}],"collection":[{"href":"https:\/\/www.trampolino.ee\/fi\/wp-json\/wp\/v2\/pages"}],"about":[{"href":"https:\/\/www.trampolino.ee\/fi\/wp-json\/wp\/v2\/types\/page"}],"author":[{"embeddable":true,"href":"https:\/\/www.trampolino.ee\/fi\/wp-json\/wp\/v2\/users\/14"}],"replies":[{"embeddable":true,"href":"https:\/\/www.trampolino.ee\/fi\/wp-json\/wp\/v2\/comments?post=16217"}],"version-history":[{"count":0,"href":"https:\/\/www.trampolino.ee\/fi\/wp-json\/wp\/v2\/pages\/16217\/revisions"}],"wp:attachment":[{"href":"https:\/\/www.trampolino.ee\/fi\/wp-json\/wp\/v2\/media?parent=16217"}],"curies":[{"name":"wp","href":"https:\/\/api.w.org\/{rel}","templated":true}]}}