{"id":16231,"date":"2025-01-11T00:00:20","date_gmt":"2025-01-10T22:00:20","guid":{"rendered":"https:\/\/www.trampolino.ee\/laser-game\/"},"modified":"2026-03-20T12:12:35","modified_gmt":"2026-03-20T10:12:35","slug":"laserpeli","status":"publish","type":"page","link":"https:\/\/www.trampolino.ee\/fi\/laserpeli\/","title":{"rendered":"Laserpeli"},"content":{"rendered":"\t\t<div data-elementor-type=\"wp-page\" data-elementor-id=\"16231\" class=\"elementor elementor-16231 elementor-6096\" data-elementor-post-type=\"page\">\n\t\t\t\t<div data-particle_enable=\"false\" data-particle-mobile-disabled=\"false\" class=\"elementor-element elementor-element-3db1afc4 e-flex e-con-boxed e-con e-parent\" data-id=\"3db1afc4\" data-element_type=\"container\" data-e-type=\"container\">\n\t\t\t\t\t<div class=\"e-con-inner\">\n\t\t<div data-particle_enable=\"false\" data-particle-mobile-disabled=\"false\" class=\"elementor-element elementor-element-65265447 e-con-full e-flex e-con e-child\" data-id=\"65265447\" data-element_type=\"container\" data-e-type=\"container\">\n\t\t\t\t<div class=\"elementor-element elementor-element-6b28a6c3 elementor-widget elementor-widget-image\" data-id=\"6b28a6c3\" data-element_type=\"widget\" data-e-type=\"widget\" data-widget_type=\"image.default\">\n\t\t\t\t\t\t\t\t\t\t\t\t\t\t\t<img decoding=\"async\" width=\"101\" height=\"101\" src=\"https:\/\/www.trampolino.ee\/wp-content\/uploads\/2025\/01\/Group-1848-1-1.png\" class=\"attachment-large size-large wp-image-16057\" alt=\"\" \/>\t\t\t\t\t\t\t\t\t\t\t\t\t\t\t<\/div>\n\t\t\t\t<div class=\"elementor-element elementor-element-713c60f8 elementor-widget elementor-widget-heading\" data-id=\"713c60f8\" data-element_type=\"widget\" data-e-type=\"widget\" data-widget_type=\"heading.default\">\n\t\t\t\t\t<h1 class=\"elementor-heading-title elementor-size-default\">Laserpeli<\/h1>\t\t\t\t<\/div>\n\t\t\t\t<\/div>\n\t\t\t\t<div class=\"elementor-element elementor-element-6574dd42 elementor-widget elementor-widget-text-editor\" data-id=\"6574dd42\" data-element_type=\"widget\" data-e-type=\"widget\" data-widget_type=\"text-editor.default\">\n\t\t\t\t\t\t\t\t\t<p>Laserpeliharrastajat, tervetuloa Trampolinoon!<br \/>T\u00e4ll\u00e4 hetkell\u00e4 valittavana on kolme pakettia: pro, mini ja syntym\u00e4p\u00e4iv\u00e4juhlat. Tule juhlimaan erityist\u00e4 p\u00e4iv\u00e4\u00e4 kanssamme tai pid\u00e4 hauskaa yst\u00e4vien kanssa. Lapset ja aikuiset ovat tervetulleita pelaamaan!<\/p>\t\t\t\t\t\t\t\t<\/div>\n\t\t\t\t\t<\/div>\n\t\t\t\t<\/div>\n\t\t<div data-particle_enable=\"false\" data-particle-mobile-disabled=\"false\" class=\"elementor-element elementor-element-b4f87db e-flex e-con-boxed e-con e-parent\" data-id=\"b4f87db\" data-element_type=\"container\" data-e-type=\"container\" data-settings=\"{&quot;background_background&quot;:&quot;classic&quot;}\">\n\t\t\t\t\t<div class=\"e-con-inner\">\n\t\t<div data-particle_enable=\"false\" data-particle-mobile-disabled=\"false\" class=\"elementor-element elementor-element-18bab198 e-con-full e-flex e-con e-child\" data-id=\"18bab198\" data-element_type=\"container\" data-e-type=\"container\" data-settings=\"{&quot;background_background&quot;:&quot;classic&quot;}\">\n\t\t<div data-particle_enable=\"false\" data-particle-mobile-disabled=\"false\" class=\"elementor-element elementor-element-71f2b86 e-con-full e-flex e-con e-child\" data-id=\"71f2b86\" data-element_type=\"container\" data-e-type=\"container\" data-settings=\"{&quot;background_background&quot;:&quot;classic&quot;}\">\n\t\t\t\t<div class=\"elementor-element elementor-element-2d967e3c elementor-widget__width-auto elementor-hidden-mobile elementor-widget elementor-widget-text-editor\" data-id=\"2d967e3c\" data-element_type=\"widget\" data-e-type=\"widget\" data-widget_type=\"text-editor.default\">\n\t\t\t\t\t\t\t\t\t<p>Laserpeli<\/p>\t\t\t\t\t\t\t\t<\/div>\n\t\t\t\t<\/div>\n\t\t<div data-particle_enable=\"false\" data-particle-mobile-disabled=\"false\" class=\"elementor-element elementor-element-c788221 e-con-full e-flex e-con e-child\" data-id=\"c788221\" data-element_type=\"container\" data-e-type=\"container\">\n\t\t\t\t<div class=\"elementor-element elementor-element-625a9f46 elementor-widget elementor-widget-heading\" data-id=\"625a9f46\" data-element_type=\"widget\" data-e-type=\"widget\" data-widget_type=\"heading.default\">\n\t\t\t\t\t<p class=\"elementor-heading-title elementor-size-default\">VIP-paketti<\/p>\t\t\t\t<\/div>\n\t\t\t\t<div class=\"elementor-element elementor-element-2d4454fb elementor-widget elementor-widget-text-editor\" data-id=\"2d4454fb\" data-element_type=\"widget\" data-e-type=\"widget\" data-widget_type=\"text-editor.default\">\n\t\t\t\t\t\t\t\t\t<p>Nauti laserpeliharjoituksista mahtavassa laserpelihuoneessamme! Voit osallistua jopa viiteen laserpeliin kolmen tunnin varauksen aikana. Lis\u00e4ksi voit nauttia trampoliinikeskuksen muista iloista \u2013 hyp\u00e4t\u00e4, sukeltaa sienimereen, kokeilla trampoliinihyppyj\u00e4 tai seikkailla ninjapolulla.<\/p>\t\t\t\t\t\t\t\t<\/div>\n\t\t\t\t<div class=\"elementor-element elementor-element-223b8b8e elementor-widget elementor-widget-text-editor\" data-id=\"223b8b8e\" data-element_type=\"widget\" data-e-type=\"widget\" data-widget_type=\"text-editor.default\">\n\t\t\t\t\t\t\t\t\t<img decoding=\"async\" class=\"wp-image-12050 alignnone\" src=\"https:\/\/www.trampolino.ee\/wp-content\/uploads\/2024\/08\/Group-1848_1.png\" alt=\"\" width=\"20\" height=\"20\" \/> 5 peli\u00e4 + juhlatila\t\t\t\t\t\t\t\t<\/div>\n\t\t<div data-particle_enable=\"false\" data-particle-mobile-disabled=\"false\" class=\"elementor-element elementor-element-1218a53d e-grid e-con-full e-con e-child\" data-id=\"1218a53d\" data-element_type=\"container\" data-e-type=\"container\">\n\t\t\t\t<div class=\"elementor-element elementor-element-16e9092a elementor-widget elementor-widget-text-editor\" data-id=\"16e9092a\" data-element_type=\"widget\" data-e-type=\"widget\" data-widget_type=\"text-editor.default\">\n\t\t\t\t\t\t\t\t\t<p>Kapasiteetti<\/p><p><strong>20<\/strong><\/p>\t\t\t\t\t\t\t\t<\/div>\n\t\t\t\t<div class=\"elementor-element elementor-element-5f8c937 elementor-widget elementor-widget-text-editor\" data-id=\"5f8c937\" data-element_type=\"widget\" data-e-type=\"widget\" data-widget_type=\"text-editor.default\">\n\t\t\t\t\t\t\t\t\t<p>Pelaajien enimm\u00e4ism\u00e4\u00e4ra<\/p><p><strong>18<\/strong><\/p>\t\t\t\t\t\t\t\t<\/div>\n\t\t\t\t<\/div>\n\t\t\t\t<div class=\"elementor-element elementor-element-60af80d7 elementor-align-justify elementor-widget elementor-widget-button\" data-id=\"60af80d7\" data-element_type=\"widget\" data-e-type=\"widget\" data-widget_type=\"button.default\">\n\t\t\t\t\t\t\t\t\t\t<a class=\"elementor-button elementor-button-link elementor-size-sm\" href=\"https:\/\/www.trampolino.ee\/fi\/juhlatilat\/vip-paketti\/\">\n\t\t\t\t\t\t<span class=\"elementor-button-content-wrapper\">\n\t\t\t\t\t\t<span class=\"elementor-button-icon\">\n\t\t\t\t<i aria-hidden=\"true\" class=\"fas fa-arrow-right\"><\/i>\t\t\t<\/span>\n\t\t\t\t\t\t\t\t\t<span class=\"elementor-button-text\">Lue lis\u00e4\u00e4<\/span>\n\t\t\t\t\t<\/span>\n\t\t\t\t\t<\/a>\n\t\t\t\t\t\t\t\t<\/div>\n\t\t\t\t<\/div>\n\t\t\t\t<\/div>\n\t\t<div data-particle_enable=\"false\" data-particle-mobile-disabled=\"false\" class=\"elementor-element elementor-element-cde0bd1 e-con-full e-flex e-con e-child\" data-id=\"cde0bd1\" data-element_type=\"container\" data-e-type=\"container\" data-settings=\"{&quot;background_background&quot;:&quot;classic&quot;}\">\n\t\t<div data-particle_enable=\"false\" data-particle-mobile-disabled=\"false\" class=\"elementor-element elementor-element-14fc9cd0 e-con-full e-flex e-con e-child\" data-id=\"14fc9cd0\" data-element_type=\"container\" data-e-type=\"container\" data-settings=\"{&quot;background_background&quot;:&quot;classic&quot;}\">\n\t\t\t\t<div class=\"elementor-element elementor-element-130fdb29 elementor-widget__width-auto elementor-hidden-mobile elementor-widget elementor-widget-text-editor\" data-id=\"130fdb29\" data-element_type=\"widget\" data-e-type=\"widget\" data-widget_type=\"text-editor.default\">\n\t\t\t\t\t\t\t\t\t<p>Laserpeli<\/p>\t\t\t\t\t\t\t\t<\/div>\n\t\t\t\t<\/div>\n\t\t<div data-particle_enable=\"false\" data-particle-mobile-disabled=\"false\" class=\"elementor-element elementor-element-48b666 e-con-full e-flex e-con e-child\" data-id=\"48b666\" data-element_type=\"container\" data-e-type=\"container\">\n\t\t\t\t<div class=\"elementor-element elementor-element-9af37a5 elementor-widget elementor-widget-heading\" data-id=\"9af37a5\" data-element_type=\"widget\" data-e-type=\"widget\" data-widget_type=\"heading.default\">\n\t\t\t\t\t<p class=\"elementor-heading-title elementor-size-default\">Pro<\/p>\t\t\t\t<\/div>\n\t\t\t\t<div class=\"elementor-element elementor-element-59c1aaaf elementor-widget elementor-widget-text-editor\" data-id=\"59c1aaaf\" data-element_type=\"widget\" data-e-type=\"widget\" data-widget_type=\"text-editor.default\">\n\t\t\t\t\t\t\t\t\tJos haluat lis\u00e4t\u00e4 ammattilaispaketin syntym\u00e4p\u00e4iv\u00e4lahjaksi tai vain tulla pelaamaan laserpeli\u00e4, kirjoita meille osoitteeseen <span style=\"text-decoration: underline;\"><span style=\"color: #000000; text-decoration: underline;\"><a style=\"color: #000000; text-decoration: underline;\" href=\"mailto:info@trampolino.ee\">info@trampolino.ee<\/a>.<\/span><\/span>\t\t\t\t\t\t\t\t<\/div>\n\t\t\t\t<div class=\"elementor-element elementor-element-4ff1eb5f elementor-widget elementor-widget-text-editor\" data-id=\"4ff1eb5f\" data-element_type=\"widget\" data-e-type=\"widget\" data-widget_type=\"text-editor.default\">\n\t\t\t\t\t\t\t\t\t<img decoding=\"async\" class=\"wp-image-12050 alignnone\" src=\"https:\/\/www.trampolino.ee\/wp-content\/uploads\/2024\/08\/Group-1848_1.png\" alt=\"\" width=\"20\" height=\"20\" \/> \u00a0 3 peli\u00e4\t\t\t\t\t\t\t\t<\/div>\n\t\t\t\t<div class=\"elementor-element elementor-element-7c0516a2 elementor-widget elementor-widget-text-editor\" data-id=\"7c0516a2\" data-element_type=\"widget\" data-e-type=\"widget\" data-widget_type=\"text-editor.default\">\n\t\t\t\t\t\t\t\t\t<img decoding=\"async\" class=\"wp-image-12050 alignnone\" src=\"https:\/\/www.trampolino.ee\/wp-content\/uploads\/2024\/08\/Group-1848_1.png\" alt=\"\" width=\"20\" height=\"20\" \/> Yhden pelin kesto 10 min\t\t\t\t\t\t\t\t<\/div>\n\t\t<div data-particle_enable=\"false\" data-particle-mobile-disabled=\"false\" class=\"elementor-element elementor-element-206a07e8 e-grid e-con-full e-con e-child\" data-id=\"206a07e8\" data-element_type=\"container\" data-e-type=\"container\">\n\t\t\t\t<div class=\"elementor-element elementor-element-2f1cfc38 elementor-widget elementor-widget-text-editor\" data-id=\"2f1cfc38\" data-element_type=\"widget\" data-e-type=\"widget\" data-widget_type=\"text-editor.default\">\n\t\t\t\t\t\t\t\t\t<p>Pelaajien enimm\u00e4ism\u00e4\u00e4r\u00e4<\/p><p><strong>18<\/strong><\/p>\t\t\t\t\t\t\t\t<\/div>\n\t\t\t\t<div class=\"elementor-element elementor-element-c32e65a elementor-widget elementor-widget-text-editor\" data-id=\"c32e65a\" data-element_type=\"widget\" data-e-type=\"widget\" data-widget_type=\"text-editor.default\">\n\t\t\t\t\t\t\t\t\t<p>Hinta<\/p><p><strong>125 \u20ac<\/strong><\/p>\t\t\t\t\t\t\t\t<\/div>\n\t\t\t\t<\/div>\n\t\t\t\t<div class=\"elementor-element elementor-element-6f9d93c8 elementor-align-justify elementor-widget elementor-widget-button\" data-id=\"6f9d93c8\" data-element_type=\"widget\" data-e-type=\"widget\" data-widget_type=\"button.default\">\n\t\t\t\t\t\t\t\t\t\t<a class=\"elementor-button elementor-button-link elementor-size-sm\" href=\"https:\/\/www.trampolino.ee\/fi\/yhteystiedot\/\">\n\t\t\t\t\t\t<span class=\"elementor-button-content-wrapper\">\n\t\t\t\t\t\t<span class=\"elementor-button-icon\">\n\t\t\t\t<i aria-hidden=\"true\" class=\"fas fa-arrow-right\"><\/i>\t\t\t<\/span>\n\t\t\t\t\t\t\t\t\t<span class=\"elementor-button-text\">Ota yhteytt\u00e4<\/span>\n\t\t\t\t\t<\/span>\n\t\t\t\t\t<\/a>\n\t\t\t\t\t\t\t\t<\/div>\n\t\t\t\t<\/div>\n\t\t\t\t<\/div>\n\t\t\t\t\t<\/div>\n\t\t\t\t<\/div>\n\t\t\t\t<\/div>\n\t\t","protected":false},"excerpt":{"rendered":"<p>Laserpeli Laserpeliharrastajat, tervetuloa Trampolinoon!T\u00e4ll\u00e4 hetkell\u00e4 valittavana on kolme pakettia: pro, mini ja syntym\u00e4p\u00e4iv\u00e4juhlat. Tule juhlimaan erityist\u00e4 p\u00e4iv\u00e4\u00e4 kanssamme tai pid\u00e4 hauskaa yst\u00e4vien kanssa. Lapset ja aikuiset ovat tervetulleita pelaamaan! Laserpeli [&hellip;]<\/p>\n","protected":false},"author":14,"featured_media":0,"parent":0,"menu_order":0,"comment_status":"closed","ping_status":"closed","template":"","meta":{"_price":"","_stock":"","_tribe_ticket_header":"","_tribe_default_ticket_provider":"","_tribe_ticket_capacity":"0","_ticket_start_date":"","_ticket_end_date":"","_tribe_ticket_show_description":"","_tribe_ticket_show_not_going":false,"_tribe_ticket_use_global_stock":"","_tribe_ticket_global_stock_level":"","_global_stock_mode":"","_global_stock_cap":"","_tribe_rsvp_for_event":"","_tribe_ticket_going_count":"","_tribe_ticket_not_going_count":"","_tribe_tickets_list":"[]","_tribe_ticket_has_attendee_info_fields":false,"footnotes":"","_tec_slr_enabled":"","_tec_slr_layout":""},"class_list":["post-16231","page","type-page","status-publish","hentry"],"cmb2":{"yourprefix_rest_metabox":{"yourprefix_rest_text":""}},"ticketed":false,"_links":{"self":[{"href":"https:\/\/www.trampolino.ee\/fi\/wp-json\/wp\/v2\/pages\/16231","targetHints":{"allow":["GET"]}}],"collection":[{"href":"https:\/\/www.trampolino.ee\/fi\/wp-json\/wp\/v2\/pages"}],"about":[{"href":"https:\/\/www.trampolino.ee\/fi\/wp-json\/wp\/v2\/types\/page"}],"author":[{"embeddable":true,"href":"https:\/\/www.trampolino.ee\/fi\/wp-json\/wp\/v2\/users\/14"}],"replies":[{"embeddable":true,"href":"https:\/\/www.trampolino.ee\/fi\/wp-json\/wp\/v2\/comments?post=16231"}],"version-history":[{"count":0,"href":"https:\/\/www.trampolino.ee\/fi\/wp-json\/wp\/v2\/pages\/16231\/revisions"}],"wp:attachment":[{"href":"https:\/\/www.trampolino.ee\/fi\/wp-json\/wp\/v2\/media?parent=16231"}],"curies":[{"name":"wp","href":"https:\/\/api.w.org\/{rel}","templated":true}]}}