{"id":16252,"date":"2025-01-11T00:00:20","date_gmt":"2025-01-10T22:00:20","guid":{"rendered":"https:\/\/www.trampolino.ee\/party-room-rules\/"},"modified":"2026-03-19T19:44:09","modified_gmt":"2026-03-19T17:44:09","slug":"juhlahuoneen-saannot","status":"publish","type":"page","link":"https:\/\/www.trampolino.ee\/fi\/juhlahuoneen-saannot\/","title":{"rendered":"Juhlahuoneen s\u00e4\u00e4nn\u00f6t"},"content":{"rendered":"\t\t<div data-elementor-type=\"wp-page\" data-elementor-id=\"16252\" class=\"elementor elementor-16252 elementor-6105\" data-elementor-post-type=\"page\">\n\t\t\t\t<div data-particle_enable=\"false\" data-particle-mobile-disabled=\"false\" class=\"elementor-element elementor-element-25f51d06 e-flex e-con-boxed e-con e-parent\" data-id=\"25f51d06\" data-element_type=\"container\" data-e-type=\"container\" id=\"reeglid\" data-settings=\"{&quot;background_background&quot;:&quot;classic&quot;}\">\n\t\t\t\t\t<div class=\"e-con-inner\">\n\t\t<div data-particle_enable=\"false\" data-particle-mobile-disabled=\"false\" class=\"elementor-element elementor-element-1fcf2db e-con-full e-flex e-con e-child\" data-id=\"1fcf2db\" data-element_type=\"container\" data-e-type=\"container\">\n\t\t\t\t<div class=\"elementor-element elementor-element-7286a9c0 elementor-widget elementor-widget-image\" data-id=\"7286a9c0\" data-element_type=\"widget\" data-e-type=\"widget\" data-widget_type=\"image.default\">\n\t\t\t\t\t\t\t\t\t\t\t\t\t\t\t<img decoding=\"async\" width=\"100\" height=\"100\" src=\"https:\/\/www.trampolino.ee\/wp-content\/uploads\/2025\/01\/Group-1848_1.png\" class=\"attachment-large size-large wp-image-16355\" alt=\"\" \/>\t\t\t\t\t\t\t\t\t\t\t\t\t\t\t<\/div>\n\t\t\t\t<div class=\"elementor-element elementor-element-131c4a45 elementor-widget elementor-widget-heading\" data-id=\"131c4a45\" data-element_type=\"widget\" data-e-type=\"widget\" data-widget_type=\"heading.default\">\n\t\t\t\t\t<h2 class=\"elementor-heading-title elementor-size-default\">Juhlahuoneen s\u00e4\u00e4nn\u00f6t<\/h2>\t\t\t\t<\/div>\n\t\t\t\t<\/div>\n\t\t<div data-particle_enable=\"false\" data-particle-mobile-disabled=\"false\" class=\"elementor-element elementor-element-af82ec8 e-con-full e-grid e-con e-child\" data-id=\"af82ec8\" data-element_type=\"container\" data-e-type=\"container\">\n\t\t\t\t<div class=\"elementor-element elementor-element-2cf261bd elementor-widget elementor-widget-text-editor\" data-id=\"2cf261bd\" data-element_type=\"widget\" data-e-type=\"widget\" data-widget_type=\"text-editor.default\">\n\t\t\t\t\t\t\t\t\t<p><img decoding=\"async\" class=\"wp-image-12052 alignleft\" src=\"https:\/\/www.trampolino.ee\/wp-content\/uploads\/2024\/08\/Group-1848_1.png\" alt=\"\" width=\"30\" height=\"30\" \/>Kaikkien syntym\u00e4p\u00e4iv\u00e4lasten on oltava v\u00e4hint\u00e4\u00e4n 7-vuotiaita. Nuoremmat vieraat ovat vanhemman tai syntym\u00e4p\u00e4iv\u00e4juhlat j\u00e4rjest\u00e4v\u00e4n aikuisen vastuulla.<\/p>\t\t\t\t\t\t\t\t<\/div>\n\t\t\t\t<div class=\"elementor-element elementor-element-26c5284c elementor-widget elementor-widget-text-editor\" data-id=\"26c5284c\" data-element_type=\"widget\" data-e-type=\"widget\" data-widget_type=\"text-editor.default\">\n\t\t\t\t\t\t\t\t\t<p><img decoding=\"async\" class=\"wp-image-12052 alignleft\" src=\"https:\/\/www.trampolino.ee\/wp-content\/uploads\/2024\/08\/Group-1848_1.png\" alt=\"\" width=\"30\" height=\"30\" \/>Syntym\u00e4p\u00e4iv\u00e4huone on k\u00e4ytett\u00e4viss\u00e4 3 tuntia. Kaikki syntym\u00e4p\u00e4iv\u00e4vieraat voivat k\u00e4ytt\u00e4\u00e4 trampoliinikeskusta.<\/p>\t\t\t\t\t\t\t\t<\/div>\n\t\t\t\t<div class=\"elementor-element elementor-element-541cc031 elementor-widget elementor-widget-text-editor\" data-id=\"541cc031\" data-element_type=\"widget\" data-e-type=\"widget\" data-widget_type=\"text-editor.default\">\n\t\t\t\t\t\t\t\t\t<p><img decoding=\"async\" class=\"wp-image-12052 alignleft\" src=\"https:\/\/www.trampolino.ee\/wp-content\/uploads\/2024\/08\/Group-1848_1.png\" alt=\"\" width=\"30\" height=\"30\" \/>Syntym\u00e4p\u00e4iv\u00e4huoneissa on kiinte\u00e4 m\u00e4\u00e4r\u00e4 istumapaikkoja. Jos vieraita on enemm\u00e4n kuin huone sallii, jokaisesta lis\u00e4lapsesta veloitetaan 5 \u20ac\/lapsi. Huoneessa on my\u00f6s astiasto jopa 20 lapselle. Jos vieraita on enemm\u00e4n, lis\u00e4lapsille tarkoitettuja kertak\u00e4ytt\u00f6astiastoja voi ostaa paikan p\u00e4\u00e4lt\u00e4 hintaan 2,5 \u20ac\/lapsi. Hintaan sis\u00e4ltyy lautanen, aterimet ja juomamuki.<\/p>\t\t\t\t\t\t\t\t<\/div>\n\t\t\t\t<div class=\"elementor-element elementor-element-19fb5d17 elementor-widget elementor-widget-text-editor\" data-id=\"19fb5d17\" data-element_type=\"widget\" data-e-type=\"widget\" data-widget_type=\"text-editor.default\">\n\t\t\t\t\t\t\t\t\t<p><img decoding=\"async\" class=\"wp-image-12052 alignleft\" src=\"https:\/\/www.trampolino.ee\/wp-content\/uploads\/2024\/08\/Group-1848_1.png\" alt=\"\" width=\"30\" height=\"30\" \/>Syntym\u00e4p\u00e4iv\u00e4huone on luovutettava ajoissa! Suosittelemme pakkaamisen aloittamista 20 minuuttia aiemmin. Jokainen ylim\u00e4\u00e4r\u00e4inen 30 minuuttia maksaa 100 \u20ac lis\u00e4\u00e4.<\/p>\t\t\t\t\t\t\t\t<\/div>\n\t\t\t\t<div class=\"elementor-element elementor-element-621fd2a elementor-widget elementor-widget-text-editor\" data-id=\"621fd2a\" data-element_type=\"widget\" data-e-type=\"widget\" data-widget_type=\"text-editor.default\">\n\t\t\t\t\t\t\t\t\t<p><img decoding=\"async\" class=\"wp-image-12052 alignleft\" src=\"https:\/\/www.trampolino.ee\/wp-content\/uploads\/2024\/08\/Group-1848_1.png\" alt=\"\" width=\"30\" height=\"30\" \/>Syntym\u00e4p\u00e4iv\u00e4huoneesta l\u00f6yd\u00e4t: vedenkeittimen, mikroaaltouunin ja kahvinkeittimen suodattimilla. Lis\u00e4ksi huoneessa on tarvittavat astiat ja v\u00e4lineet tarjoiluun ja sy\u00f6miseen.<\/p>\t\t\t\t\t\t\t\t<\/div>\n\t\t\t\t<div class=\"elementor-element elementor-element-56f5b451 elementor-widget elementor-widget-text-editor\" data-id=\"56f5b451\" data-element_type=\"widget\" data-e-type=\"widget\" data-widget_type=\"text-editor.default\">\n\t\t\t\t\t\t\t\t\t<p><img decoding=\"async\" class=\"wp-image-12052 alignleft\" src=\"https:\/\/www.trampolino.ee\/wp-content\/uploads\/2024\/08\/Group-1848_1.png\" alt=\"\" width=\"30\" height=\"30\" \/>Syntym\u00e4p\u00e4iv\u00e4juhlien p\u00e4\u00e4tteeksi pyyd\u00e4mme teit\u00e4 palauttamaan huoneen alkuper\u00e4iseen kuntoonsa: laittamaan astiat pois, viem\u00e4\u00e4n roskat pois ja siivoamaan huoneen kalusteet.<\/p>\t\t\t\t\t\t\t\t<\/div>\n\t\t\t\t<div class=\"elementor-element elementor-element-4ed99c1d elementor-widget elementor-widget-text-editor\" data-id=\"4ed99c1d\" data-element_type=\"widget\" data-e-type=\"widget\" data-widget_type=\"text-editor.default\">\n\t\t\t\t\t\t\t\t\t<p><img decoding=\"async\" class=\"wp-image-12052 alignleft\" src=\"https:\/\/www.trampolino.ee\/wp-content\/uploads\/2024\/08\/Group-1848_1.png\" alt=\"\" width=\"30\" height=\"30\" \/>Alkoholin tai muiden p\u00e4ihteiden nauttiminen syntym\u00e4p\u00e4iv\u00e4huoneessa on kielletty.<\/p>\t\t\t\t\t\t\t\t<\/div>\n\t\t\t\t<div class=\"elementor-element elementor-element-1d898772 elementor-widget elementor-widget-text-editor\" data-id=\"1d898772\" data-element_type=\"widget\" data-e-type=\"widget\" data-widget_type=\"text-editor.default\">\n\t\t\t\t\t\t\t\t\t<p><img decoding=\"async\" class=\"wp-image-12052 alignleft\" src=\"https:\/\/www.trampolino.ee\/wp-content\/uploads\/2024\/08\/Group-1848_1.png\" alt=\"\" width=\"30\" height=\"30\" \/>Pyyd\u00e4mme sinua s\u00e4ilytt\u00e4m\u00e4\u00e4n ja k\u00e4ytt\u00e4m\u00e4\u00e4n syntym\u00e4p\u00e4iv\u00e4huoneen tavaroita huolellisesti. Mahdollisista vioista trampoliinikeskuksella on oikeus esitt\u00e4\u00e4 taloudellinen korvausvaatimus aiheutuneen vahingon perusteella.<\/p>\t\t\t\t\t\t\t\t<\/div>\n\t\t\t\t<div class=\"elementor-element elementor-element-46ab6753 elementor-widget elementor-widget-text-editor\" data-id=\"46ab6753\" data-element_type=\"widget\" data-e-type=\"widget\" data-widget_type=\"text-editor.default\">\n\t\t\t\t\t\t\t\t\t<p><img decoding=\"async\" class=\"wp-image-12052 alignleft\" src=\"https:\/\/www.trampolino.ee\/wp-content\/uploads\/2024\/08\/Group-1848_1.png\" alt=\"\" width=\"30\" height=\"30\" \/>Sukkien k\u00e4ytt\u00f6 on pakollista kaikille vieraille, sek\u00e4 trampoliinikeskuksessa yleens\u00e4 ett\u00e4 syntym\u00e4p\u00e4iv\u00e4huoneissa.<\/p>\t\t\t\t\t\t\t\t<\/div>\n\t\t\t\t<div class=\"elementor-element elementor-element-33e58636 elementor-widget elementor-widget-text-editor\" data-id=\"33e58636\" data-element_type=\"widget\" data-e-type=\"widget\" data-widget_type=\"text-editor.default\">\n\t\t\t\t\t\t\t\t\t<p><img decoding=\"async\" class=\"wp-image-12052 alignleft\" src=\"https:\/\/www.trampolino.ee\/wp-content\/uploads\/2024\/08\/Group-1848_1.png\" alt=\"\" width=\"30\" height=\"30\" \/>Syntym\u00e4p\u00e4iv\u00e4huoneiden s\u00e4\u00e4nn\u00f6t ovat my\u00f6s esill\u00e4 jokaisessa syntym\u00e4p\u00e4iv\u00e4huoneessa. Syntym\u00e4p\u00e4iv\u00e4huoneen vuokraaja on velvollinen tutustumaan s\u00e4\u00e4nt\u00f6ihin ja noudattamaan niit\u00e4.<\/p>\t\t\t\t\t\t\t\t<\/div>\n\t\t\t\t<\/div>\n\t\t\t\t\t<\/div>\n\t\t\t\t<\/div>\n\t\t\t\t<\/div>\n\t\t","protected":false},"excerpt":{"rendered":"<p>Juhlahuoneen s\u00e4\u00e4nn\u00f6t Kaikkien syntym\u00e4p\u00e4iv\u00e4lasten on oltava v\u00e4hint\u00e4\u00e4n 7-vuotiaita. Nuoremmat vieraat ovat vanhemman tai syntym\u00e4p\u00e4iv\u00e4juhlat j\u00e4rjest\u00e4v\u00e4n aikuisen vastuulla. Syntym\u00e4p\u00e4iv\u00e4huone on k\u00e4ytett\u00e4viss\u00e4 3 tuntia. Kaikki syntym\u00e4p\u00e4iv\u00e4vieraat voivat k\u00e4ytt\u00e4\u00e4 trampoliinikeskusta. Syntym\u00e4p\u00e4iv\u00e4huoneissa on kiinte\u00e4 [&hellip;]<\/p>\n","protected":false},"author":14,"featured_media":0,"parent":0,"menu_order":0,"comment_status":"closed","ping_status":"closed","template":"","meta":{"_price":"","_stock":"","_tribe_ticket_header":"","_tribe_default_ticket_provider":"","_tribe_ticket_capacity":"0","_ticket_start_date":"","_ticket_end_date":"","_tribe_ticket_show_description":"","_tribe_ticket_show_not_going":false,"_tribe_ticket_use_global_stock":"","_tribe_ticket_global_stock_level":"","_global_stock_mode":"","_global_stock_cap":"","_tribe_rsvp_for_event":"","_tribe_ticket_going_count":"","_tribe_ticket_not_going_count":"","_tribe_tickets_list":"[]","_tribe_ticket_has_attendee_info_fields":false,"footnotes":"","_tec_slr_enabled":"","_tec_slr_layout":""},"class_list":["post-16252","page","type-page","status-publish","hentry"],"cmb2":{"yourprefix_rest_metabox":{"yourprefix_rest_text":""}},"ticketed":false,"_links":{"self":[{"href":"https:\/\/www.trampolino.ee\/fi\/wp-json\/wp\/v2\/pages\/16252","targetHints":{"allow":["GET"]}}],"collection":[{"href":"https:\/\/www.trampolino.ee\/fi\/wp-json\/wp\/v2\/pages"}],"about":[{"href":"https:\/\/www.trampolino.ee\/fi\/wp-json\/wp\/v2\/types\/page"}],"author":[{"embeddable":true,"href":"https:\/\/www.trampolino.ee\/fi\/wp-json\/wp\/v2\/users\/14"}],"replies":[{"embeddable":true,"href":"https:\/\/www.trampolino.ee\/fi\/wp-json\/wp\/v2\/comments?post=16252"}],"version-history":[{"count":0,"href":"https:\/\/www.trampolino.ee\/fi\/wp-json\/wp\/v2\/pages\/16252\/revisions"}],"wp:attachment":[{"href":"https:\/\/www.trampolino.ee\/fi\/wp-json\/wp\/v2\/media?parent=16252"}],"curies":[{"name":"wp","href":"https:\/\/api.w.org\/{rel}","templated":true}]}}