{"id":16258,"date":"2025-01-11T00:00:19","date_gmt":"2025-01-10T22:00:19","guid":{"rendered":"https:\/\/www.trampolino.ee\/party-rooms\/arino\/"},"modified":"2026-03-19T18:55:03","modified_gmt":"2026-03-19T16:55:03","slug":"arino","status":"publish","type":"page","link":"https:\/\/www.trampolino.ee\/fi\/juhlatilat\/arino\/","title":{"rendered":"Arino"},"content":{"rendered":"\t\t<div data-elementor-type=\"wp-page\" data-elementor-id=\"16258\" class=\"elementor elementor-16258 elementor-6072\" data-elementor-post-type=\"page\">\n\t\t\t\t<div data-particle_enable=\"false\" data-particle-mobile-disabled=\"false\" class=\"elementor-element elementor-element-6a34ea00 e-flex e-con-boxed e-con e-parent\" data-id=\"6a34ea00\" data-element_type=\"container\" data-e-type=\"container\" data-settings=\"{&quot;background_background&quot;:&quot;classic&quot;,&quot;shape_divider_bottom&quot;:&quot;tilt&quot;}\">\n\t\t\t\t\t<div class=\"e-con-inner\">\n\t\t\t\t<div class=\"elementor-shape elementor-shape-bottom\" aria-hidden=\"true\" data-negative=\"false\">\n\t\t\t<svg xmlns=\"http:\/\/www.w3.org\/2000\/svg\" viewBox=\"0 0 1000 100\" preserveAspectRatio=\"none\">\n\t<path class=\"elementor-shape-fill\" d=\"M0,6V0h1000v100L0,6z\"\/>\n<\/svg>\t\t<\/div>\n\t\t<div data-particle_enable=\"false\" data-particle-mobile-disabled=\"false\" class=\"elementor-element elementor-element-54fdb0f4 e-con-full e-flex e-con e-child\" data-id=\"54fdb0f4\" data-element_type=\"container\" data-e-type=\"container\">\n\t\t<div data-particle_enable=\"false\" data-particle-mobile-disabled=\"false\" class=\"elementor-element elementor-element-68014e8 e-con-full e-flex e-con e-child\" data-id=\"68014e8\" data-element_type=\"container\" data-e-type=\"container\">\n\t\t\t\t<div class=\"elementor-element elementor-element-108c1d34 elementor-widget elementor-widget-image\" data-id=\"108c1d34\" data-element_type=\"widget\" data-e-type=\"widget\" data-widget_type=\"image.default\">\n\t\t\t\t\t\t\t\t\t\t\t\t\t\t\t<img decoding=\"async\" width=\"101\" height=\"101\" src=\"https:\/\/www.trampolino.ee\/wp-content\/uploads\/2025\/01\/Group-1848-1.png\" class=\"attachment-large size-large wp-image-16321\" alt=\"\" \/>\t\t\t\t\t\t\t\t\t\t\t\t\t\t\t<\/div>\n\t\t\t\t<div class=\"elementor-element elementor-element-49bcb022 elementor-widget elementor-widget-heading\" data-id=\"49bcb022\" data-element_type=\"widget\" data-e-type=\"widget\" data-widget_type=\"heading.default\">\n\t\t\t\t\t<h1 class=\"elementor-heading-title elementor-size-default\">Arino<\/h1>\t\t\t\t<\/div>\n\t\t\t\t<\/div>\n\t\t\t\t<div class=\"elementor-element elementor-element-ea27f72 elementor-widget elementor-widget-text-editor\" data-id=\"ea27f72\" data-element_type=\"widget\" data-e-type=\"widget\" data-widget_type=\"text-editor.default\">\n\t\t\t\t\t\t\t\t\t<p>Arinon syntym\u00e4p\u00e4iv\u00e4huone on saanut inspiraationsa taivaasta. Huone sijaitsee trampoliinikeskuksen 2. kerroksessa, Trampolino-katon alla. Huoneesta on hyv\u00e4 n\u00e4k\u00f6ala koko trampoliinialueelle ja siell\u00e4 vallitsevaan j\u00e4nnitykseen.<\/p><p>Syntym\u00e4p\u00e4iv\u00e4huoneeseen mahtuu jopa 20 vierasta. Jos vieraita on enemm\u00e4n kuin huone sallii, jokaisesta lis\u00e4lapsesta veloitetaan 5 \u20ac\/lapsi. Huoneessa on my\u00f6s astiasto jopa 20 lapselle. Jos vieraita on enemm\u00e4n, lis\u00e4lasten kertak\u00e4ytt\u00f6astioita voi ostaa paikan p\u00e4\u00e4lt\u00e4 hintaan 2,5 \u20ac\/lapsi. Hintaan sis\u00e4ltyy lautanen, aterimet ja juomamuki.<\/p><p>Huoneessa on keittokomero, jossa on vedenkeitin, mikroaaltouuni ja kahvinkeitin. Lis\u00e4ksi tarjolla on tarvittavat astiat ja keitti\u00f6v\u00e4lineet tarjoilua varten. Syntym\u00e4p\u00e4iv\u00e4huoneesta l\u00f6ytyy my\u00f6s erilaisia \u200b\u200baterimia ja ruokailuv\u00e4lineit\u00e4, joten kertak\u00e4ytt\u00f6v\u00e4lineit\u00e4 ei tarvitse tuoda mukana \u2013 tuotamme v\u00e4hemm\u00e4n j\u00e4tett\u00e4 ja s\u00e4\u00e4st\u00e4mme luontoa!<\/p><p>Jos haluat tehd\u00e4 syntym\u00e4p\u00e4ivien j\u00e4rjest\u00e4misest\u00e4 itsellesi entist\u00e4 helpompaa, <a href=\"https:\/\/www.trampolino.ee\/fi\/ateriapalvelut\/\">tilaa herkullinen syntym\u00e4p\u00e4iv\u00e4p\u00f6yt\u00e4 kauttamme<\/a>. Valikoimasta l\u00f6ytyy lasten suosikkimakuja.<\/p><p>Haluatko lis\u00e4t\u00e4 juhliisi hieman lis\u00e4maustetta? <a href=\"https:\/\/www.trampolino.ee\/fi\/lisapalvelut\/\">Tutustu lis\u00e4palveluihimme<\/a>.<\/p>\t\t\t\t\t\t\t\t<\/div>\n\t\t\t\t<div class=\"elementor-element elementor-element-5432c49c elementor-hidden-mobile elementor-widget elementor-widget-button\" data-id=\"5432c49c\" data-element_type=\"widget\" data-e-type=\"widget\" data-widget_type=\"button.default\">\n\t\t\t\t\t\t\t\t\t\t<a class=\"elementor-button elementor-button-link elementor-size-sm\" href=\"https:\/\/www.trampolino.ee\/fi\/varaus\/\">\n\t\t\t\t\t\t<span class=\"elementor-button-content-wrapper\">\n\t\t\t\t\t\t<span class=\"elementor-button-icon\">\n\t\t\t\t<i aria-hidden=\"true\" class=\"fas fa-arrow-right\"><\/i>\t\t\t<\/span>\n\t\t\t\t\t\t\t\t\t<span class=\"elementor-button-text\">Varaa t\u00e4m\u00e4 huone<\/span>\n\t\t\t\t\t<\/span>\n\t\t\t\t\t<\/a>\n\t\t\t\t\t\t\t\t<\/div>\n\t\t<div data-particle_enable=\"false\" data-particle-mobile-disabled=\"false\" class=\"elementor-element elementor-element-46c6bf2b e-con-full e-flex e-con e-child\" data-id=\"46c6bf2b\" data-element_type=\"container\" data-e-type=\"container\">\n\t\t<div data-particle_enable=\"false\" data-particle-mobile-disabled=\"false\" class=\"elementor-element elementor-element-6f51dab0 e-con-full e-flex e-con e-child\" data-id=\"6f51dab0\" data-element_type=\"container\" data-e-type=\"container\">\n\t\t\t\t<div class=\"elementor-element elementor-element-6d5a3c27 elementor-widget elementor-widget-text-editor\" data-id=\"6d5a3c27\" data-element_type=\"widget\" data-e-type=\"widget\" data-widget_type=\"text-editor.default\">\n\t\t\t\t\t\t\t\t\t<p style=\"font-size: 24px;\">Kapasiteetti<\/p><p style=\"font-size: 24px;\"><strong style=\"font-size: 48px;\">20<\/strong><\/p>\t\t\t\t\t\t\t\t<\/div>\n\t\t\t\t<\/div>\n\t\t<div data-particle_enable=\"false\" data-particle-mobile-disabled=\"false\" class=\"elementor-element elementor-element-6d1076b7 e-con-full e-flex e-con e-child\" data-id=\"6d1076b7\" data-element_type=\"container\" data-e-type=\"container\">\n\t\t\t\t<div class=\"elementor-element elementor-element-281ee4c9 elementor-widget elementor-widget-text-editor\" data-id=\"281ee4c9\" data-element_type=\"widget\" data-e-type=\"widget\" data-widget_type=\"text-editor.default\">\n\t\t\t\t\t\t\t\t\t<p style=\"font-size: 24px;\">Hinta<\/p><p>Ma-To 18:00-21:00 ja Pe 10:00-17:00<\/p><p><strong style=\"font-size: 32px;\">3h\/219\u20ac<\/strong><\/p><p>Pe 18:00-21:00 ja La-Su 10:00-21:00<\/p><p><strong style=\"font-size: 32px;\">3h\/249\u20ac<\/strong><\/p><p>100 \u20ac jokaista ylitetty\u00e4 puolta tuntia kohden<\/p>\t\t\t\t\t\t\t\t<\/div>\n\t\t\t\t<\/div>\n\t\t\t\t<\/div>\n\t\t\t\t<\/div>\n\t\t<div data-particle_enable=\"false\" data-particle-mobile-disabled=\"false\" class=\"elementor-element elementor-element-19e60115 e-con-full e-flex e-con e-child\" data-id=\"19e60115\" data-element_type=\"container\" data-e-type=\"container\">\n\t\t<div data-particle_enable=\"false\" data-particle-mobile-disabled=\"false\" class=\"elementor-element elementor-element-44ca17 e-con-full e-flex e-con e-child\" data-id=\"44ca17\" data-element_type=\"container\" data-e-type=\"container\">\n\t\t\t\t<div class=\"elementor-element elementor-element-3e57bff7 elementor-widget elementor-widget-image\" data-id=\"3e57bff7\" data-element_type=\"widget\" data-e-type=\"widget\" data-widget_type=\"image.default\">\n\t\t\t\t\t\t\t\t\t\t\t\t\t\t\t\t<a href=\"https:\/\/www.trampolino.ee\/wp-content\/uploads\/2025\/01\/IMG_9756.jpg\" data-elementor-open-lightbox=\"yes\" data-e-action-hash=\"#elementor-action%3Aaction%3Dlightbox%26settings%3DeyJpZCI6MTY0NDYsInVybCI6Imh0dHBzOlwvXC93d3cudHJhbXBvbGluby5lZVwvd3AtY29udGVudFwvdXBsb2Fkc1wvMjAyNVwvMDFcL0lNR185NzU2LmpwZyJ9\">\n\t\t\t\t\t\t\t<img fetchpriority=\"high\" decoding=\"async\" width=\"800\" height=\"533\" src=\"https:\/\/www.trampolino.ee\/wp-content\/uploads\/2025\/01\/IMG_9756.jpg\" class=\"attachment-large size-large wp-image-16446\" alt=\"\" \/>\t\t\t\t\t\t\t\t<\/a>\n\t\t\t\t\t\t\t\t\t\t\t\t\t\t\t<\/div>\n\t\t\t\t<\/div>\n\t\t<div data-particle_enable=\"false\" data-particle-mobile-disabled=\"false\" class=\"elementor-element elementor-element-1b114fc8 e-con-full e-flex e-con e-child\" data-id=\"1b114fc8\" data-element_type=\"container\" data-e-type=\"container\">\n\t\t\t\t<div class=\"elementor-element elementor-element-3cef9742 elementor-mobile-align-justify elementor-widget-mobile__width-inherit elementor-hidden-desktop elementor-hidden-tablet elementor-widget elementor-widget-button\" data-id=\"3cef9742\" data-element_type=\"widget\" data-e-type=\"widget\" data-widget_type=\"button.default\">\n\t\t\t\t\t\t\t\t\t\t<a class=\"elementor-button elementor-button-link elementor-size-sm\" href=\"https:\/\/www.trampolino.ee\/fi\/varaus\/\">\n\t\t\t\t\t\t<span class=\"elementor-button-content-wrapper\">\n\t\t\t\t\t\t<span class=\"elementor-button-icon\">\n\t\t\t\t<i aria-hidden=\"true\" class=\"fas fa-arrow-right\"><\/i>\t\t\t<\/span>\n\t\t\t\t\t\t\t\t\t<span class=\"elementor-button-text\">Varaa t\u00e4m\u00e4 huone<\/span>\n\t\t\t\t\t<\/span>\n\t\t\t\t\t<\/a>\n\t\t\t\t\t\t\t\t<\/div>\n\t\t<div data-particle_enable=\"false\" data-particle-mobile-disabled=\"false\" class=\"elementor-element elementor-element-7940ae3d e-con-full elementor-hidden-mobile e-flex e-con e-child\" data-id=\"7940ae3d\" data-element_type=\"container\" data-e-type=\"container\">\n\t\t\t\t<div class=\"elementor-element elementor-element-65a688b elementor-widget elementor-widget-image\" data-id=\"65a688b\" data-element_type=\"widget\" data-e-type=\"widget\" data-widget_type=\"image.default\">\n\t\t\t\t\t\t\t\t\t\t\t\t\t\t\t\t<a href=\"https:\/\/www.trampolino.ee\/wp-content\/uploads\/2025\/01\/87A4931-e1581778454370.jpg\" data-elementor-open-lightbox=\"yes\" data-e-action-hash=\"#elementor-action%3Aaction%3Dlightbox%26settings%3DeyJpZCI6MTY0NDcsInVybCI6Imh0dHBzOlwvXC93d3cudHJhbXBvbGluby5lZVwvd3AtY29udGVudFwvdXBsb2Fkc1wvMjAyNVwvMDFcLzg3QTQ5MzEtZTE1ODE3Nzg0NTQzNzAuanBnIn0%3D\">\n\t\t\t\t\t\t\t<img decoding=\"async\" width=\"800\" height=\"690\" src=\"https:\/\/www.trampolino.ee\/wp-content\/uploads\/2025\/01\/87A4931-e1581778454370.jpg\" class=\"attachment-large size-large wp-image-16447\" alt=\"\" \/>\t\t\t\t\t\t\t\t<\/a>\n\t\t\t\t\t\t\t\t\t\t\t\t\t\t\t<\/div>\n\t\t\t\t<\/div>\n\t\t<div data-particle_enable=\"false\" data-particle-mobile-disabled=\"false\" class=\"elementor-element elementor-element-4fc000a3 e-con-full elementor-hidden-mobile e-flex e-con e-child\" data-id=\"4fc000a3\" data-element_type=\"container\" data-e-type=\"container\">\n\t\t\t\t<div class=\"elementor-element elementor-element-404d4360 elementor-widget elementor-widget-image\" data-id=\"404d4360\" data-element_type=\"widget\" data-e-type=\"widget\" data-widget_type=\"image.default\">\n\t\t\t\t\t\t\t\t\t\t\t\t\t\t\t\t<a href=\"https:\/\/www.trampolino.ee\/wp-content\/uploads\/2025\/01\/IMG_9745.jpg\" data-elementor-open-lightbox=\"yes\" data-e-action-hash=\"#elementor-action%3Aaction%3Dlightbox%26settings%3DeyJpZCI6MTY0NDgsInVybCI6Imh0dHBzOlwvXC93d3cudHJhbXBvbGluby5lZVwvd3AtY29udGVudFwvdXBsb2Fkc1wvMjAyNVwvMDFcL0lNR185NzQ1LmpwZyJ9\">\n\t\t\t\t\t\t\t<img loading=\"lazy\" decoding=\"async\" width=\"800\" height=\"533\" src=\"https:\/\/www.trampolino.ee\/wp-content\/uploads\/2025\/01\/IMG_9745.jpg\" class=\"attachment-large size-large wp-image-16448\" alt=\"\" \/>\t\t\t\t\t\t\t\t<\/a>\n\t\t\t\t\t\t\t\t\t\t\t\t\t\t\t<\/div>\n\t\t\t\t<\/div>\n\t\t\t\t<\/div>\n\t\t\t\t<\/div>\n\t\t\t\t\t<\/div>\n\t\t\t\t<\/div>\n\t\t<div data-particle_enable=\"false\" data-particle-mobile-disabled=\"false\" class=\"elementor-element elementor-element-5949c1b6 e-flex e-con-boxed e-con e-parent\" data-id=\"5949c1b6\" data-element_type=\"container\" data-e-type=\"container\" data-settings=\"{&quot;background_background&quot;:&quot;classic&quot;}\">\n\t\t\t\t\t<div class=\"e-con-inner\">\n\t\t<div data-particle_enable=\"false\" data-particle-mobile-disabled=\"false\" class=\"elementor-element elementor-element-2a124e1b e-con-full e-flex e-con e-child\" data-id=\"2a124e1b\" data-element_type=\"container\" data-e-type=\"container\">\n\t\t\t\t<div class=\"elementor-element elementor-element-78b2a9b1 elementor-widget elementor-widget-image\" data-id=\"78b2a9b1\" data-element_type=\"widget\" data-e-type=\"widget\" data-widget_type=\"image.default\">\n\t\t\t\t\t\t\t\t\t\t\t\t\t\t\t<img loading=\"lazy\" decoding=\"async\" width=\"100\" height=\"100\" src=\"https:\/\/www.trampolino.ee\/wp-content\/uploads\/2025\/01\/Group-1848_1.png\" class=\"attachment-large size-large wp-image-16355\" alt=\"\" \/>\t\t\t\t\t\t\t\t\t\t\t\t\t\t\t<\/div>\n\t\t\t\t<div class=\"elementor-element elementor-element-66957582 elementor-widget elementor-widget-heading\" data-id=\"66957582\" data-element_type=\"widget\" data-e-type=\"widget\" data-widget_type=\"heading.default\">\n\t\t\t\t\t<h2 class=\"elementor-heading-title elementor-size-default\">Galleria<\/h2>\t\t\t\t<\/div>\n\t\t\t\t<\/div>\n\t\t\t\t\t<\/div>\n\t\t\t\t<\/div>\n\t\t<div data-particle_enable=\"false\" data-particle-mobile-disabled=\"false\" class=\"elementor-element elementor-element-f89bb35 e-flex e-con-boxed e-con e-parent\" data-id=\"f89bb35\" data-element_type=\"container\" data-e-type=\"container\" data-settings=\"{&quot;background_background&quot;:&quot;classic&quot;}\">\n\t\t\t\t\t<div class=\"e-con-inner\">\n\t\t<div data-particle_enable=\"false\" data-particle-mobile-disabled=\"false\" class=\"elementor-element elementor-element-6289607e e-con-full e-flex e-con e-child\" data-id=\"6289607e\" data-element_type=\"container\" data-e-type=\"container\">\n\t\t\t\t<div class=\"elementor-element elementor-element-1ab9987c elementor-widget elementor-widget-gallery\" data-id=\"1ab9987c\" data-element_type=\"widget\" data-e-type=\"widget\" data-settings=\"{&quot;columns&quot;:3,&quot;gap&quot;:{&quot;unit&quot;:&quot;px&quot;,&quot;size&quot;:15,&quot;sizes&quot;:[]},&quot;lazyload&quot;:&quot;yes&quot;,&quot;gallery_layout&quot;:&quot;grid&quot;,&quot;columns_tablet&quot;:2,&quot;columns_mobile&quot;:1,&quot;gap_tablet&quot;:{&quot;unit&quot;:&quot;px&quot;,&quot;size&quot;:10,&quot;sizes&quot;:[]},&quot;gap_mobile&quot;:{&quot;unit&quot;:&quot;px&quot;,&quot;size&quot;:10,&quot;sizes&quot;:[]},&quot;link_to&quot;:&quot;file&quot;,&quot;aspect_ratio&quot;:&quot;3:2&quot;,&quot;overlay_background&quot;:&quot;yes&quot;,&quot;content_hover_animation&quot;:&quot;fade-in&quot;}\" data-widget_type=\"gallery.default\">\n\t\t\t\t\t\t\t<div class=\"elementor-gallery__container\">\r\n\t\t\t\t\t\t\t<a class=\"e-gallery-item elementor-gallery-item elementor-animated-content\" href=\"https:\/\/www.trampolino.ee\/wp-content\/uploads\/2025\/01\/RR090924-48-scaled-1.jpg\" data-elementor-open-lightbox=\"yes\" data-elementor-lightbox-slideshow=\"1ab9987c\" data-e-action-hash=\"#elementor-action%3Aaction%3Dlightbox%26settings%3DeyJpZCI6MTY0NDksInVybCI6Imh0dHBzOlwvXC93d3cudHJhbXBvbGluby5lZVwvd3AtY29udGVudFwvdXBsb2Fkc1wvMjAyNVwvMDFcL1JSMDkwOTI0LTQ4LXNjYWxlZC0xLmpwZyIsInNsaWRlc2hvdyI6IjFhYjk5ODdjIn0%3D\">\r\n\t\t\t\t\t<div class=\"e-gallery-image elementor-gallery-item__image\" data-thumbnail=\"https:\/\/www.trampolino.ee\/wp-content\/uploads\/2025\/01\/RR090924-48-scaled-1.jpg\" data-width=\"800\" data-height=\"600\" aria-label=\"\" role=\"img\" ><\/div>\r\n\t\t\t\t\t\t\t\t\t\t\t<div class=\"elementor-gallery-item__overlay\"><\/div>\r\n\t\t\t\t\t\t\t\t\t\t\t\t\t\t<\/a>\r\n\t\t\t\t\t\t\t<a class=\"e-gallery-item elementor-gallery-item elementor-animated-content\" href=\"https:\/\/www.trampolino.ee\/wp-content\/uploads\/2025\/01\/RR090924-47-scaled-1.jpg\" data-elementor-open-lightbox=\"yes\" data-elementor-lightbox-slideshow=\"1ab9987c\" data-e-action-hash=\"#elementor-action%3Aaction%3Dlightbox%26settings%3DeyJpZCI6MTY0NTAsInVybCI6Imh0dHBzOlwvXC93d3cudHJhbXBvbGluby5lZVwvd3AtY29udGVudFwvdXBsb2Fkc1wvMjAyNVwvMDFcL1JSMDkwOTI0LTQ3LXNjYWxlZC0xLmpwZyIsInNsaWRlc2hvdyI6IjFhYjk5ODdjIn0%3D\">\r\n\t\t\t\t\t<div class=\"e-gallery-image elementor-gallery-item__image\" data-thumbnail=\"https:\/\/www.trampolino.ee\/wp-content\/uploads\/2025\/01\/RR090924-47-scaled-1.jpg\" data-width=\"800\" data-height=\"600\" aria-label=\"\" role=\"img\" ><\/div>\r\n\t\t\t\t\t\t\t\t\t\t\t<div class=\"elementor-gallery-item__overlay\"><\/div>\r\n\t\t\t\t\t\t\t\t\t\t\t\t\t\t<\/a>\r\n\t\t\t\t\t\t\t<a class=\"e-gallery-item elementor-gallery-item elementor-animated-content\" href=\"https:\/\/www.trampolino.ee\/wp-content\/uploads\/2025\/01\/RR090924-44-scaled-1.jpg\" data-elementor-open-lightbox=\"yes\" data-elementor-lightbox-slideshow=\"1ab9987c\" data-e-action-hash=\"#elementor-action%3Aaction%3Dlightbox%26settings%3DeyJpZCI6MTY0NTEsInVybCI6Imh0dHBzOlwvXC93d3cudHJhbXBvbGluby5lZVwvd3AtY29udGVudFwvdXBsb2Fkc1wvMjAyNVwvMDFcL1JSMDkwOTI0LTQ0LXNjYWxlZC0xLmpwZyIsInNsaWRlc2hvdyI6IjFhYjk5ODdjIn0%3D\">\r\n\t\t\t\t\t<div class=\"e-gallery-image elementor-gallery-item__image\" data-thumbnail=\"https:\/\/www.trampolino.ee\/wp-content\/uploads\/2025\/01\/RR090924-44-scaled-1.jpg\" data-width=\"800\" data-height=\"600\" aria-label=\"\" role=\"img\" ><\/div>\r\n\t\t\t\t\t\t\t\t\t\t\t<div class=\"elementor-gallery-item__overlay\"><\/div>\r\n\t\t\t\t\t\t\t\t\t\t\t\t\t\t<\/a>\r\n\t\t\t\t\t\t\t<a class=\"e-gallery-item elementor-gallery-item elementor-animated-content\" href=\"https:\/\/www.trampolino.ee\/wp-content\/uploads\/2025\/01\/RR090924-42-scaled-1.jpg\" data-elementor-open-lightbox=\"yes\" data-elementor-lightbox-slideshow=\"1ab9987c\" data-e-action-hash=\"#elementor-action%3Aaction%3Dlightbox%26settings%3DeyJpZCI6MTY0NTIsInVybCI6Imh0dHBzOlwvXC93d3cudHJhbXBvbGluby5lZVwvd3AtY29udGVudFwvdXBsb2Fkc1wvMjAyNVwvMDFcL1JSMDkwOTI0LTQyLXNjYWxlZC0xLmpwZyIsInNsaWRlc2hvdyI6IjFhYjk5ODdjIn0%3D\">\r\n\t\t\t\t\t<div class=\"e-gallery-image elementor-gallery-item__image\" data-thumbnail=\"https:\/\/www.trampolino.ee\/wp-content\/uploads\/2025\/01\/RR090924-42-scaled-1.jpg\" data-width=\"800\" data-height=\"600\" aria-label=\"\" role=\"img\" ><\/div>\r\n\t\t\t\t\t\t\t\t\t\t\t<div class=\"elementor-gallery-item__overlay\"><\/div>\r\n\t\t\t\t\t\t\t\t\t\t\t\t\t\t<\/a>\r\n\t\t\t\t\t\t\t<a class=\"e-gallery-item elementor-gallery-item elementor-animated-content\" href=\"https:\/\/www.trampolino.ee\/wp-content\/uploads\/2025\/01\/RR090924-41-scaled-1.jpg\" data-elementor-open-lightbox=\"yes\" data-elementor-lightbox-slideshow=\"1ab9987c\" data-e-action-hash=\"#elementor-action%3Aaction%3Dlightbox%26settings%3DeyJpZCI6MTY0NTMsInVybCI6Imh0dHBzOlwvXC93d3cudHJhbXBvbGluby5lZVwvd3AtY29udGVudFwvdXBsb2Fkc1wvMjAyNVwvMDFcL1JSMDkwOTI0LTQxLXNjYWxlZC0xLmpwZyIsInNsaWRlc2hvdyI6IjFhYjk5ODdjIn0%3D\">\r\n\t\t\t\t\t<div class=\"e-gallery-image elementor-gallery-item__image\" data-thumbnail=\"https:\/\/www.trampolino.ee\/wp-content\/uploads\/2025\/01\/RR090924-41-scaled-1.jpg\" data-width=\"800\" data-height=\"600\" aria-label=\"\" role=\"img\" ><\/div>\r\n\t\t\t\t\t\t\t\t\t\t\t<div class=\"elementor-gallery-item__overlay\"><\/div>\r\n\t\t\t\t\t\t\t\t\t\t\t\t\t\t<\/a>\r\n\t\t\t\t\t\t\t<a class=\"e-gallery-item elementor-gallery-item elementor-animated-content\" href=\"https:\/\/www.trampolino.ee\/wp-content\/uploads\/2025\/01\/RR090924-52-scaled-1.jpg\" data-elementor-open-lightbox=\"yes\" data-elementor-lightbox-slideshow=\"1ab9987c\" data-e-action-hash=\"#elementor-action%3Aaction%3Dlightbox%26settings%3DeyJpZCI6MTY0NTQsInVybCI6Imh0dHBzOlwvXC93d3cudHJhbXBvbGluby5lZVwvd3AtY29udGVudFwvdXBsb2Fkc1wvMjAyNVwvMDFcL1JSMDkwOTI0LTUyLXNjYWxlZC0xLmpwZyIsInNsaWRlc2hvdyI6IjFhYjk5ODdjIn0%3D\">\r\n\t\t\t\t\t<div class=\"e-gallery-image elementor-gallery-item__image\" data-thumbnail=\"https:\/\/www.trampolino.ee\/wp-content\/uploads\/2025\/01\/RR090924-52-scaled-1.jpg\" data-width=\"800\" data-height=\"600\" aria-label=\"\" role=\"img\" ><\/div>\r\n\t\t\t\t\t\t\t\t\t\t\t<div class=\"elementor-gallery-item__overlay\"><\/div>\r\n\t\t\t\t\t\t\t\t\t\t\t\t\t\t<\/a>\r\n\t\t\t\t\t<\/div>\r\n\t\t\t\t\t<\/div>\n\t\t\t\t<\/div>\n\t\t\t\t\t<\/div>\n\t\t\t\t<\/div>\n\t\t\t\t<\/div>\n\t\t","protected":false},"excerpt":{"rendered":"<p>Arino Arinon syntym\u00e4p\u00e4iv\u00e4huone on saanut inspiraationsa taivaasta. Huone sijaitsee trampoliinikeskuksen 2. kerroksessa, Trampolino-katon alla. Huoneesta on hyv\u00e4 n\u00e4k\u00f6ala koko trampoliinialueelle ja siell\u00e4 vallitsevaan j\u00e4nnitykseen. Syntym\u00e4p\u00e4iv\u00e4huoneeseen mahtuu jopa 20 vierasta. Jos [&hellip;]<\/p>\n","protected":false},"author":14,"featured_media":0,"parent":16255,"menu_order":0,"comment_status":"closed","ping_status":"closed","template":"","meta":{"_price":"","_stock":"","_tribe_ticket_header":"","_tribe_default_ticket_provider":"","_tribe_ticket_capacity":"0","_ticket_start_date":"","_ticket_end_date":"","_tribe_ticket_show_description":"","_tribe_ticket_show_not_going":false,"_tribe_ticket_use_global_stock":"","_tribe_ticket_global_stock_level":"","_global_stock_mode":"","_global_stock_cap":"","_tribe_rsvp_for_event":"","_tribe_ticket_going_count":"","_tribe_ticket_not_going_count":"","_tribe_tickets_list":"[]","_tribe_ticket_has_attendee_info_fields":false,"footnotes":"","_tec_slr_enabled":"","_tec_slr_layout":""},"class_list":["post-16258","page","type-page","status-publish","hentry"],"cmb2":{"yourprefix_rest_metabox":{"yourprefix_rest_text":""}},"ticketed":false,"_links":{"self":[{"href":"https:\/\/www.trampolino.ee\/fi\/wp-json\/wp\/v2\/pages\/16258","targetHints":{"allow":["GET"]}}],"collection":[{"href":"https:\/\/www.trampolino.ee\/fi\/wp-json\/wp\/v2\/pages"}],"about":[{"href":"https:\/\/www.trampolino.ee\/fi\/wp-json\/wp\/v2\/types\/page"}],"author":[{"embeddable":true,"href":"https:\/\/www.trampolino.ee\/fi\/wp-json\/wp\/v2\/users\/14"}],"replies":[{"embeddable":true,"href":"https:\/\/www.trampolino.ee\/fi\/wp-json\/wp\/v2\/comments?post=16258"}],"version-history":[{"count":0,"href":"https:\/\/www.trampolino.ee\/fi\/wp-json\/wp\/v2\/pages\/16258\/revisions"}],"up":[{"embeddable":true,"href":"https:\/\/www.trampolino.ee\/fi\/wp-json\/wp\/v2\/pages\/16255"}],"wp:attachment":[{"href":"https:\/\/www.trampolino.ee\/fi\/wp-json\/wp\/v2\/media?parent=16258"}],"curies":[{"name":"wp","href":"https:\/\/api.w.org\/{rel}","templated":true}]}}