{"id":16267,"date":"2025-01-11T00:00:19","date_gmt":"2025-01-10T22:00:19","guid":{"rendered":"https:\/\/www.trampolino.ee\/party-rooms\/forestino\/"},"modified":"2026-03-19T18:59:00","modified_gmt":"2026-03-19T16:59:00","slug":"forestino","status":"publish","type":"page","link":"https:\/\/www.trampolino.ee\/fi\/juhlatilat\/forestino\/","title":{"rendered":"Forestino"},"content":{"rendered":"\t\t<div data-elementor-type=\"wp-page\" data-elementor-id=\"16267\" class=\"elementor elementor-16267 elementor-6069\" data-elementor-post-type=\"page\">\n\t\t\t\t<div data-particle_enable=\"false\" data-particle-mobile-disabled=\"false\" class=\"elementor-element elementor-element-1ccb714a e-flex e-con-boxed e-con e-parent\" data-id=\"1ccb714a\" data-element_type=\"container\" data-e-type=\"container\" data-settings=\"{&quot;background_background&quot;:&quot;classic&quot;,&quot;shape_divider_bottom&quot;:&quot;tilt&quot;}\">\n\t\t\t\t\t<div class=\"e-con-inner\">\n\t\t\t\t<div class=\"elementor-shape elementor-shape-bottom\" aria-hidden=\"true\" data-negative=\"false\">\n\t\t\t<svg xmlns=\"http:\/\/www.w3.org\/2000\/svg\" viewBox=\"0 0 1000 100\" preserveAspectRatio=\"none\">\n\t<path class=\"elementor-shape-fill\" d=\"M0,6V0h1000v100L0,6z\"\/>\n<\/svg>\t\t<\/div>\n\t\t<div data-particle_enable=\"false\" data-particle-mobile-disabled=\"false\" class=\"elementor-element elementor-element-7bbb89c0 e-con-full e-flex e-con e-child\" data-id=\"7bbb89c0\" data-element_type=\"container\" data-e-type=\"container\">\n\t\t<div data-particle_enable=\"false\" data-particle-mobile-disabled=\"false\" class=\"elementor-element elementor-element-531443e1 e-con-full e-flex e-con e-child\" data-id=\"531443e1\" data-element_type=\"container\" data-e-type=\"container\">\n\t\t\t\t<div class=\"elementor-element elementor-element-2afb6f28 elementor-widget elementor-widget-image\" data-id=\"2afb6f28\" data-element_type=\"widget\" data-e-type=\"widget\" data-widget_type=\"image.default\">\n\t\t\t\t\t\t\t\t\t\t\t\t\t\t\t<img decoding=\"async\" width=\"101\" height=\"101\" src=\"https:\/\/www.trampolino.ee\/wp-content\/uploads\/2025\/01\/Group-1848-1-1.png\" class=\"attachment-large size-large wp-image-16057\" alt=\"\" \/>\t\t\t\t\t\t\t\t\t\t\t\t\t\t\t<\/div>\n\t\t\t\t<div class=\"elementor-element elementor-element-1a068ae3 elementor-widget elementor-widget-heading\" data-id=\"1a068ae3\" data-element_type=\"widget\" data-e-type=\"widget\" data-widget_type=\"heading.default\">\n\t\t\t\t\t<h1 class=\"elementor-heading-title elementor-size-default\">Forestino<\/h1>\t\t\t\t<\/div>\n\t\t\t\t<\/div>\n\t\t\t\t<div class=\"elementor-element elementor-element-1e76a6bf elementor-widget elementor-widget-text-editor\" data-id=\"1e76a6bf\" data-element_type=\"widget\" data-e-type=\"widget\" data-widget_type=\"text-editor.default\">\n\t\t\t\t\t\t\t\t\t<p>Forestinon syntym\u00e4p\u00e4iv\u00e4huone on saanut inspiraationsa koskemattomasta luonnosta. Huone sijaitsee ensimm\u00e4isess\u00e4 kerroksessa, l\u00e4hell\u00e4 trampoliinialuetta ja kassaa. Syntym\u00e4p\u00e4iv\u00e4huoneessa on py\u00f6re\u00e4t nelj\u00e4n hengen p\u00f6yd\u00e4t, joita voidaan j\u00e4rjestell\u00e4 uudelleen tarpeen mukaan.<\/p><p>Syntym\u00e4p\u00e4iv\u00e4huoneeseen mahtuu jopa 20 vierasta. Jos vieraita on enemm\u00e4n kuin huone sallii, jokaisesta lis\u00e4lapsesta veloitetaan 5 \u20ac\/lapsi. Huoneessa on my\u00f6s astioita jopa 20 lapselle. Jos vieraita on enemm\u00e4n, kertak\u00e4ytt\u00f6astioita lis\u00e4lapsille voi ostaa paikan p\u00e4\u00e4lt\u00e4 hintaan 2,5 \u20ac\/lapsi. Hintaan sis\u00e4ltyy lautanen, aterimet ja juomamuki.<\/p><p>Huoneessa on keittokomero, jossa on vedenkeitin, mikroaaltouuni ja kahvinkeitin k\u00e4ytett\u00e4viss\u00e4si. Lis\u00e4ksi tarjolla on tarvittavat astiat ja keitti\u00f6v\u00e4lineet tarjoilua varten. Syntym\u00e4p\u00e4iv\u00e4huoneesta l\u00f6ytyy my\u00f6s erilaisia \u200b\u200baterimia ja ruokailuv\u00e4lineit\u00e4, joten kertak\u00e4ytt\u00f6v\u00e4lineit\u00e4 ei tarvitse tuoda mukana \u2013 tuotamme v\u00e4hemm\u00e4n j\u00e4tett\u00e4 ja s\u00e4\u00e4st\u00e4mme luontoa!<\/p><p>Jos haluat tehd\u00e4 syntym\u00e4p\u00e4ivien j\u00e4rjest\u00e4misest\u00e4 itsellesi entist\u00e4 helpompaa, <a href=\"https:\/\/www.trampolino.ee\/fi\/ateriapalvelut\/\">tilaa herkullinen syntym\u00e4p\u00e4iv\u00e4p\u00f6yt\u00e4 kauttamme<\/a>. Valikoimasta l\u00f6ytyy lasten suosikkimakuja.<\/p><p>Haluatko lis\u00e4t\u00e4 juhliisi hieman lis\u00e4maustetta? <a href=\"https:\/\/www.trampolino.ee\/fi\/lisapalvelut\/\">Tutustu lis\u00e4palveluihimme<\/a>.<\/p>\t\t\t\t\t\t\t\t<\/div>\n\t\t\t\t<div class=\"elementor-element elementor-element-3a0da6d4 elementor-hidden-mobile elementor-widget elementor-widget-button\" data-id=\"3a0da6d4\" data-element_type=\"widget\" data-e-type=\"widget\" data-widget_type=\"button.default\">\n\t\t\t\t\t\t\t\t\t\t<a class=\"elementor-button elementor-button-link elementor-size-sm\" href=\"https:\/\/www.trampolino.ee\/fi\/varaus\/\">\n\t\t\t\t\t\t<span class=\"elementor-button-content-wrapper\">\n\t\t\t\t\t\t<span class=\"elementor-button-icon\">\n\t\t\t\t<i aria-hidden=\"true\" class=\"fas fa-arrow-right\"><\/i>\t\t\t<\/span>\n\t\t\t\t\t\t\t\t\t<span class=\"elementor-button-text\">Varaa t\u00e4m\u00e4 huone<\/span>\n\t\t\t\t\t<\/span>\n\t\t\t\t\t<\/a>\n\t\t\t\t\t\t\t\t<\/div>\n\t\t<div data-particle_enable=\"false\" data-particle-mobile-disabled=\"false\" class=\"elementor-element elementor-element-60df75b8 e-con-full e-flex e-con e-child\" data-id=\"60df75b8\" data-element_type=\"container\" data-e-type=\"container\">\n\t\t<div data-particle_enable=\"false\" data-particle-mobile-disabled=\"false\" class=\"elementor-element elementor-element-9b7ebb3 e-con-full e-flex e-con e-child\" data-id=\"9b7ebb3\" data-element_type=\"container\" data-e-type=\"container\">\n\t\t\t\t<div class=\"elementor-element elementor-element-30df10ae elementor-widget elementor-widget-text-editor\" data-id=\"30df10ae\" data-element_type=\"widget\" data-e-type=\"widget\" data-widget_type=\"text-editor.default\">\n\t\t\t\t\t\t\t\t\t<p style=\"font-size: 24px;\">Kapasiteetti<\/p>\n<p style=\"font-size: 24px;\"><strong style=\"font-size: 48px;\">20<\/strong><\/p>\t\t\t\t\t\t\t\t<\/div>\n\t\t\t\t<\/div>\n\t\t<div data-particle_enable=\"false\" data-particle-mobile-disabled=\"false\" class=\"elementor-element elementor-element-6fa91993 e-con-full e-flex e-con e-child\" data-id=\"6fa91993\" data-element_type=\"container\" data-e-type=\"container\">\n\t\t\t\t<div class=\"elementor-element elementor-element-2ad2c890 elementor-widget elementor-widget-text-editor\" data-id=\"2ad2c890\" data-element_type=\"widget\" data-e-type=\"widget\" data-widget_type=\"text-editor.default\">\n\t\t\t\t\t\t\t\t\t<p style=\"font-size: 24px;\">Hinta<\/p><p>Ma-To 18:00-21:00 ja Pe 10:00-17:00<\/p><p><strong style=\"font-size: 32px;\">3h\/219\u20ac<\/strong><\/p><p>Pe 18:00-21:00 ja La-Su 10:00-21:00<\/p><p><strong style=\"font-size: 32px;\">3h\/249\u20ac<\/strong><\/p><p>100 \u20ac jokaista ylitetty\u00e4 puolta tuntia kohden<\/p>\t\t\t\t\t\t\t\t<\/div>\n\t\t\t\t<\/div>\n\t\t\t\t<\/div>\n\t\t\t\t<\/div>\n\t\t<div data-particle_enable=\"false\" data-particle-mobile-disabled=\"false\" class=\"elementor-element elementor-element-46b2394a e-con-full e-flex e-con e-child\" data-id=\"46b2394a\" data-element_type=\"container\" data-e-type=\"container\">\n\t\t<div data-particle_enable=\"false\" data-particle-mobile-disabled=\"false\" class=\"elementor-element elementor-element-35e64b76 e-con-full e-flex e-con e-child\" data-id=\"35e64b76\" data-element_type=\"container\" data-e-type=\"container\">\n\t\t\t\t<div class=\"elementor-element elementor-element-3d194649 elementor-widget elementor-widget-image\" data-id=\"3d194649\" data-element_type=\"widget\" data-e-type=\"widget\" data-widget_type=\"image.default\">\n\t\t\t\t\t\t\t\t\t\t\t\t\t\t\t\t<a href=\"https:\/\/www.trampolino.ee\/wp-content\/uploads\/2025\/01\/Trampolino-postitus_11-1.jpg\" data-elementor-open-lightbox=\"yes\" data-e-action-hash=\"#elementor-action%3Aaction%3Dlightbox%26settings%3DeyJpZCI6NzYyNCwidXJsIjoiaHR0cHM6XC9cL3d3dy50cmFtcG9saW5vLmVlXC93cC1jb250ZW50XC91cGxvYWRzXC8yMDI1XC8wMVwvVHJhbXBvbGluby1wb3N0aXR1c18xMS0xLmpwZyJ9\">\n\t\t\t\t\t\t\t<img fetchpriority=\"high\" decoding=\"async\" width=\"800\" height=\"532\" src=\"https:\/\/www.trampolino.ee\/wp-content\/uploads\/2025\/01\/Trampolino-postitus_11-1-1024x681.jpg\" class=\"attachment-large size-large wp-image-7624\" alt=\"\" srcset=\"https:\/\/www.trampolino.ee\/wp-content\/uploads\/2025\/01\/Trampolino-postitus_11-1-1024x681.jpg 1024w, https:\/\/www.trampolino.ee\/wp-content\/uploads\/2025\/01\/Trampolino-postitus_11-1-300x200.jpg 300w, https:\/\/www.trampolino.ee\/wp-content\/uploads\/2025\/01\/Trampolino-postitus_11-1-768x511.jpg 768w, https:\/\/www.trampolino.ee\/wp-content\/uploads\/2025\/01\/Trampolino-postitus_11-1-600x399.jpg 600w, https:\/\/www.trampolino.ee\/wp-content\/uploads\/2025\/01\/Trampolino-postitus_11-1.jpg 1500w\" sizes=\"(max-width: 800px) 100vw, 800px\" \/>\t\t\t\t\t\t\t\t<\/a>\n\t\t\t\t\t\t\t\t\t\t\t\t\t\t\t<\/div>\n\t\t\t\t<\/div>\n\t\t<div data-particle_enable=\"false\" data-particle-mobile-disabled=\"false\" class=\"elementor-element elementor-element-b5c6271 e-con-full e-flex e-con e-child\" data-id=\"b5c6271\" data-element_type=\"container\" data-e-type=\"container\">\n\t\t\t\t<div class=\"elementor-element elementor-element-69442ac3 elementor-mobile-align-justify elementor-widget-mobile__width-inherit elementor-hidden-desktop elementor-hidden-tablet elementor-widget elementor-widget-button\" data-id=\"69442ac3\" data-element_type=\"widget\" data-e-type=\"widget\" data-widget_type=\"button.default\">\n\t\t\t\t\t\t\t\t\t\t<a class=\"elementor-button elementor-button-link elementor-size-sm\" href=\"https:\/\/www.trampolino.ee\/fi\/varaus\/\">\n\t\t\t\t\t\t<span class=\"elementor-button-content-wrapper\">\n\t\t\t\t\t\t<span class=\"elementor-button-icon\">\n\t\t\t\t<i aria-hidden=\"true\" class=\"fas fa-arrow-right\"><\/i>\t\t\t<\/span>\n\t\t\t\t\t\t\t\t\t<span class=\"elementor-button-text\">Varaa t\u00e4m\u00e4 huone<\/span>\n\t\t\t\t\t<\/span>\n\t\t\t\t\t<\/a>\n\t\t\t\t\t\t\t\t<\/div>\n\t\t<div data-particle_enable=\"false\" data-particle-mobile-disabled=\"false\" class=\"elementor-element elementor-element-cb241e0 e-con-full elementor-hidden-mobile e-flex e-con e-child\" data-id=\"cb241e0\" data-element_type=\"container\" data-e-type=\"container\">\n\t\t\t\t<div class=\"elementor-element elementor-element-467040c3 elementor-widget elementor-widget-image\" data-id=\"467040c3\" data-element_type=\"widget\" data-e-type=\"widget\" data-widget_type=\"image.default\">\n\t\t\t\t\t\t\t\t\t\t\t\t\t\t\t\t<a href=\"https:\/\/www.trampolino.ee\/wp-content\/uploads\/2025\/01\/RR090924-84-scaled-1-1.jpg\" data-elementor-open-lightbox=\"yes\" data-e-action-hash=\"#elementor-action%3Aaction%3Dlightbox%26settings%3DeyJpZCI6NzYyNiwidXJsIjoiaHR0cHM6XC9cL3d3dy50cmFtcG9saW5vLmVlXC93cC1jb250ZW50XC91cGxvYWRzXC8yMDI1XC8wMVwvUlIwOTA5MjQtODQtc2NhbGVkLTEtMS5qcGcifQ%3D%3D\">\n\t\t\t\t\t\t\t<img decoding=\"async\" width=\"800\" height=\"600\" src=\"https:\/\/www.trampolino.ee\/wp-content\/uploads\/2025\/01\/RR090924-84-scaled-1-1-1024x768.jpg\" class=\"attachment-large size-large wp-image-7626\" alt=\"\" srcset=\"https:\/\/www.trampolino.ee\/wp-content\/uploads\/2025\/01\/RR090924-84-scaled-1-1-1024x768.jpg 1024w, https:\/\/www.trampolino.ee\/wp-content\/uploads\/2025\/01\/RR090924-84-scaled-1-1-300x225.jpg 300w, https:\/\/www.trampolino.ee\/wp-content\/uploads\/2025\/01\/RR090924-84-scaled-1-1-768x576.jpg 768w, https:\/\/www.trampolino.ee\/wp-content\/uploads\/2025\/01\/RR090924-84-scaled-1-1-1536x1152.jpg 1536w, https:\/\/www.trampolino.ee\/wp-content\/uploads\/2025\/01\/RR090924-84-scaled-1-1-2048x1536.jpg 2048w, https:\/\/www.trampolino.ee\/wp-content\/uploads\/2025\/01\/RR090924-84-scaled-1-1-600x450.jpg 600w\" sizes=\"(max-width: 800px) 100vw, 800px\" \/>\t\t\t\t\t\t\t\t<\/a>\n\t\t\t\t\t\t\t\t\t\t\t\t\t\t\t<\/div>\n\t\t\t\t<\/div>\n\t\t<div data-particle_enable=\"false\" data-particle-mobile-disabled=\"false\" class=\"elementor-element elementor-element-51850949 e-con-full elementor-hidden-mobile e-flex e-con e-child\" data-id=\"51850949\" data-element_type=\"container\" data-e-type=\"container\">\n\t\t\t\t<div class=\"elementor-element elementor-element-5f4e1758 elementor-widget elementor-widget-image\" data-id=\"5f4e1758\" data-element_type=\"widget\" data-e-type=\"widget\" data-widget_type=\"image.default\">\n\t\t\t\t\t\t\t\t\t\t\t\t\t\t\t\t<a href=\"https:\/\/www.trampolino.ee\/wp-content\/uploads\/2025\/01\/RR090924-81-scaled-1-1.jpg\" data-elementor-open-lightbox=\"yes\" data-e-action-hash=\"#elementor-action%3Aaction%3Dlightbox%26settings%3DeyJpZCI6NzYyOCwidXJsIjoiaHR0cHM6XC9cL3d3dy50cmFtcG9saW5vLmVlXC93cC1jb250ZW50XC91cGxvYWRzXC8yMDI1XC8wMVwvUlIwOTA5MjQtODEtc2NhbGVkLTEtMS5qcGcifQ%3D%3D\">\n\t\t\t\t\t\t\t<img loading=\"lazy\" decoding=\"async\" width=\"800\" height=\"600\" src=\"https:\/\/www.trampolino.ee\/wp-content\/uploads\/2025\/01\/RR090924-81-scaled-1-1-1024x768.jpg\" class=\"attachment-large size-large wp-image-7628\" alt=\"\" srcset=\"https:\/\/www.trampolino.ee\/wp-content\/uploads\/2025\/01\/RR090924-81-scaled-1-1-1024x768.jpg 1024w, https:\/\/www.trampolino.ee\/wp-content\/uploads\/2025\/01\/RR090924-81-scaled-1-1-300x225.jpg 300w, https:\/\/www.trampolino.ee\/wp-content\/uploads\/2025\/01\/RR090924-81-scaled-1-1-768x576.jpg 768w, https:\/\/www.trampolino.ee\/wp-content\/uploads\/2025\/01\/RR090924-81-scaled-1-1-1536x1152.jpg 1536w, https:\/\/www.trampolino.ee\/wp-content\/uploads\/2025\/01\/RR090924-81-scaled-1-1-2048x1536.jpg 2048w, https:\/\/www.trampolino.ee\/wp-content\/uploads\/2025\/01\/RR090924-81-scaled-1-1-600x450.jpg 600w\" sizes=\"(max-width: 800px) 100vw, 800px\" \/>\t\t\t\t\t\t\t\t<\/a>\n\t\t\t\t\t\t\t\t\t\t\t\t\t\t\t<\/div>\n\t\t\t\t<\/div>\n\t\t\t\t<\/div>\n\t\t\t\t<\/div>\n\t\t\t\t\t<\/div>\n\t\t\t\t<\/div>\n\t\t<div data-particle_enable=\"false\" data-particle-mobile-disabled=\"false\" class=\"elementor-element elementor-element-6b633d52 e-flex e-con-boxed e-con e-parent\" data-id=\"6b633d52\" data-element_type=\"container\" data-e-type=\"container\" data-settings=\"{&quot;background_background&quot;:&quot;classic&quot;}\">\n\t\t\t\t\t<div class=\"e-con-inner\">\n\t\t<div data-particle_enable=\"false\" data-particle-mobile-disabled=\"false\" class=\"elementor-element elementor-element-6456a194 e-con-full e-flex e-con e-child\" data-id=\"6456a194\" data-element_type=\"container\" data-e-type=\"container\">\n\t\t\t\t<div class=\"elementor-element elementor-element-736db37b elementor-widget elementor-widget-image\" data-id=\"736db37b\" data-element_type=\"widget\" data-e-type=\"widget\" data-widget_type=\"image.default\">\n\t\t\t\t\t\t\t\t\t\t\t\t\t\t\t<img loading=\"lazy\" decoding=\"async\" width=\"100\" height=\"100\" src=\"https:\/\/www.trampolino.ee\/wp-content\/uploads\/2025\/01\/Group-1848_1-1.png\" class=\"attachment-large size-large wp-image-16063\" alt=\"\" \/>\t\t\t\t\t\t\t\t\t\t\t\t\t\t\t<\/div>\n\t\t\t\t<div class=\"elementor-element elementor-element-8f94a4a elementor-widget elementor-widget-heading\" data-id=\"8f94a4a\" data-element_type=\"widget\" data-e-type=\"widget\" data-widget_type=\"heading.default\">\n\t\t\t\t\t<h2 class=\"elementor-heading-title elementor-size-default\">Galleria<\/h2>\t\t\t\t<\/div>\n\t\t\t\t<\/div>\n\t\t\t\t\t<\/div>\n\t\t\t\t<\/div>\n\t\t<div data-particle_enable=\"false\" data-particle-mobile-disabled=\"false\" class=\"elementor-element elementor-element-4314afcf e-flex e-con-boxed e-con e-parent\" data-id=\"4314afcf\" data-element_type=\"container\" data-e-type=\"container\" data-settings=\"{&quot;background_background&quot;:&quot;classic&quot;}\">\n\t\t\t\t\t<div class=\"e-con-inner\">\n\t\t\t\t<div class=\"elementor-element elementor-element-2d0e516e elementor-widget elementor-widget-gallery\" data-id=\"2d0e516e\" data-element_type=\"widget\" data-e-type=\"widget\" data-settings=\"{&quot;columns&quot;:3,&quot;gap&quot;:{&quot;unit&quot;:&quot;px&quot;,&quot;size&quot;:15,&quot;sizes&quot;:[]},&quot;lazyload&quot;:&quot;yes&quot;,&quot;gallery_layout&quot;:&quot;grid&quot;,&quot;columns_tablet&quot;:2,&quot;columns_mobile&quot;:1,&quot;gap_tablet&quot;:{&quot;unit&quot;:&quot;px&quot;,&quot;size&quot;:10,&quot;sizes&quot;:[]},&quot;gap_mobile&quot;:{&quot;unit&quot;:&quot;px&quot;,&quot;size&quot;:10,&quot;sizes&quot;:[]},&quot;link_to&quot;:&quot;file&quot;,&quot;aspect_ratio&quot;:&quot;3:2&quot;,&quot;overlay_background&quot;:&quot;yes&quot;,&quot;content_hover_animation&quot;:&quot;fade-in&quot;}\" data-widget_type=\"gallery.default\">\n\t\t\t\t\t\t\t<div class=\"elementor-gallery__container\">\r\n\t\t\t\t\t\t\t<a class=\"e-gallery-item elementor-gallery-item elementor-animated-content\" href=\"https:\/\/www.trampolino.ee\/wp-content\/uploads\/2025\/01\/RR090924-81-1-scaled-1-1.jpg\" data-elementor-open-lightbox=\"yes\" data-elementor-lightbox-slideshow=\"2d0e516e\" data-e-action-hash=\"#elementor-action%3Aaction%3Dlightbox%26settings%3DeyJpZCI6NzYzMCwidXJsIjoiaHR0cHM6XC9cL3d3dy50cmFtcG9saW5vLmVlXC93cC1jb250ZW50XC91cGxvYWRzXC8yMDI1XC8wMVwvUlIwOTA5MjQtODEtMS1zY2FsZWQtMS0xLmpwZyIsInNsaWRlc2hvdyI6IjJkMGU1MTZlIn0%3D\">\r\n\t\t\t\t\t<div class=\"e-gallery-image elementor-gallery-item__image\" data-thumbnail=\"https:\/\/www.trampolino.ee\/wp-content\/uploads\/2025\/01\/RR090924-81-1-scaled-1-1-1024x768.jpg\" data-width=\"800\" data-height=\"600\" aria-label=\"\" role=\"img\" ><\/div>\r\n\t\t\t\t\t\t\t\t\t\t\t<div class=\"elementor-gallery-item__overlay\"><\/div>\r\n\t\t\t\t\t\t\t\t\t\t\t\t\t\t<\/a>\r\n\t\t\t\t\t\t\t<a class=\"e-gallery-item elementor-gallery-item elementor-animated-content\" href=\"https:\/\/www.trampolino.ee\/wp-content\/uploads\/2025\/01\/RR090924-85-scaled-1-1.jpg\" data-elementor-open-lightbox=\"yes\" data-elementor-lightbox-slideshow=\"2d0e516e\" data-e-action-hash=\"#elementor-action%3Aaction%3Dlightbox%26settings%3DeyJpZCI6NzYzMiwidXJsIjoiaHR0cHM6XC9cL3d3dy50cmFtcG9saW5vLmVlXC93cC1jb250ZW50XC91cGxvYWRzXC8yMDI1XC8wMVwvUlIwOTA5MjQtODUtc2NhbGVkLTEtMS5qcGciLCJzbGlkZXNob3ciOiIyZDBlNTE2ZSJ9\">\r\n\t\t\t\t\t<div class=\"e-gallery-image elementor-gallery-item__image\" data-thumbnail=\"https:\/\/www.trampolino.ee\/wp-content\/uploads\/2025\/01\/RR090924-85-scaled-1-1-1024x768.jpg\" data-width=\"800\" data-height=\"600\" aria-label=\"\" role=\"img\" ><\/div>\r\n\t\t\t\t\t\t\t\t\t\t\t<div class=\"elementor-gallery-item__overlay\"><\/div>\r\n\t\t\t\t\t\t\t\t\t\t\t\t\t\t<\/a>\r\n\t\t\t\t\t\t\t<a class=\"e-gallery-item elementor-gallery-item elementor-animated-content\" href=\"https:\/\/www.trampolino.ee\/wp-content\/uploads\/2025\/01\/318020228_590347986428601_8814031862767948528_n-2.jpg\" data-elementor-open-lightbox=\"yes\" data-elementor-lightbox-slideshow=\"2d0e516e\" data-e-action-hash=\"#elementor-action%3Aaction%3Dlightbox%26settings%3DeyJpZCI6NzYzNCwidXJsIjoiaHR0cHM6XC9cL3d3dy50cmFtcG9saW5vLmVlXC93cC1jb250ZW50XC91cGxvYWRzXC8yMDI1XC8wMVwvMzE4MDIwMjI4XzU5MDM0Nzk4NjQyODYwMV84ODE0MDMxODYyNzY3OTQ4NTI4X24tMi5qcGciLCJzbGlkZXNob3ciOiIyZDBlNTE2ZSJ9\">\r\n\t\t\t\t\t<div class=\"e-gallery-image elementor-gallery-item__image\" data-thumbnail=\"https:\/\/www.trampolino.ee\/wp-content\/uploads\/2025\/01\/318020228_590347986428601_8814031862767948528_n-2.jpg\" data-width=\"700\" data-height=\"394\" aria-label=\"\" role=\"img\" ><\/div>\r\n\t\t\t\t\t\t\t\t\t\t\t<div class=\"elementor-gallery-item__overlay\"><\/div>\r\n\t\t\t\t\t\t\t\t\t\t\t\t\t\t<\/a>\r\n\t\t\t\t\t\t\t<a class=\"e-gallery-item elementor-gallery-item elementor-animated-content\" href=\"https:\/\/www.trampolino.ee\/wp-content\/uploads\/2025\/01\/RR090924-66-scaled-1-1.jpg\" data-elementor-open-lightbox=\"yes\" data-elementor-lightbox-slideshow=\"2d0e516e\" data-e-action-hash=\"#elementor-action%3Aaction%3Dlightbox%26settings%3DeyJpZCI6NzYzNiwidXJsIjoiaHR0cHM6XC9cL3d3dy50cmFtcG9saW5vLmVlXC93cC1jb250ZW50XC91cGxvYWRzXC8yMDI1XC8wMVwvUlIwOTA5MjQtNjYtc2NhbGVkLTEtMS5qcGciLCJzbGlkZXNob3ciOiIyZDBlNTE2ZSJ9\">\r\n\t\t\t\t\t<div class=\"e-gallery-image elementor-gallery-item__image\" data-thumbnail=\"https:\/\/www.trampolino.ee\/wp-content\/uploads\/2025\/01\/RR090924-66-scaled-1-1-1024x768.jpg\" data-width=\"800\" data-height=\"600\" aria-label=\"\" role=\"img\" ><\/div>\r\n\t\t\t\t\t\t\t\t\t\t\t<div class=\"elementor-gallery-item__overlay\"><\/div>\r\n\t\t\t\t\t\t\t\t\t\t\t\t\t\t<\/a>\r\n\t\t\t\t\t\t\t<a class=\"e-gallery-item elementor-gallery-item elementor-animated-content\" href=\"https:\/\/www.trampolino.ee\/wp-content\/uploads\/2025\/01\/RR090924-73-scaled-1-1.jpg\" data-elementor-open-lightbox=\"yes\" data-elementor-lightbox-slideshow=\"2d0e516e\" data-e-action-hash=\"#elementor-action%3Aaction%3Dlightbox%26settings%3DeyJpZCI6NzYzOCwidXJsIjoiaHR0cHM6XC9cL3d3dy50cmFtcG9saW5vLmVlXC93cC1jb250ZW50XC91cGxvYWRzXC8yMDI1XC8wMVwvUlIwOTA5MjQtNzMtc2NhbGVkLTEtMS5qcGciLCJzbGlkZXNob3ciOiIyZDBlNTE2ZSJ9\">\r\n\t\t\t\t\t<div class=\"e-gallery-image elementor-gallery-item__image\" data-thumbnail=\"https:\/\/www.trampolino.ee\/wp-content\/uploads\/2025\/01\/RR090924-73-scaled-1-1-1024x768.jpg\" data-width=\"800\" data-height=\"600\" aria-label=\"\" role=\"img\" ><\/div>\r\n\t\t\t\t\t\t\t\t\t\t\t<div class=\"elementor-gallery-item__overlay\"><\/div>\r\n\t\t\t\t\t\t\t\t\t\t\t\t\t\t<\/a>\r\n\t\t\t\t\t\t\t<a class=\"e-gallery-item elementor-gallery-item elementor-animated-content\" href=\"https:\/\/www.trampolino.ee\/wp-content\/uploads\/2025\/01\/RR090924-75-scaled-1-1.jpg\" data-elementor-open-lightbox=\"yes\" data-elementor-lightbox-slideshow=\"2d0e516e\" data-e-action-hash=\"#elementor-action%3Aaction%3Dlightbox%26settings%3DeyJpZCI6NzY0MCwidXJsIjoiaHR0cHM6XC9cL3d3dy50cmFtcG9saW5vLmVlXC93cC1jb250ZW50XC91cGxvYWRzXC8yMDI1XC8wMVwvUlIwOTA5MjQtNzUtc2NhbGVkLTEtMS5qcGciLCJzbGlkZXNob3ciOiIyZDBlNTE2ZSJ9\">\r\n\t\t\t\t\t<div class=\"e-gallery-image elementor-gallery-item__image\" data-thumbnail=\"https:\/\/www.trampolino.ee\/wp-content\/uploads\/2025\/01\/RR090924-75-scaled-1-1-1024x768.jpg\" data-width=\"800\" data-height=\"600\" aria-label=\"\" role=\"img\" ><\/div>\r\n\t\t\t\t\t\t\t\t\t\t\t<div class=\"elementor-gallery-item__overlay\"><\/div>\r\n\t\t\t\t\t\t\t\t\t\t\t\t\t\t<\/a>\r\n\t\t\t\t\t<\/div>\r\n\t\t\t\t\t<\/div>\n\t\t\t\t\t<\/div>\n\t\t\t\t<\/div>\n\t\t\t\t<\/div>\n\t\t","protected":false},"excerpt":{"rendered":"<p>Forestino Forestinon syntym\u00e4p\u00e4iv\u00e4huone on saanut inspiraationsa koskemattomasta luonnosta. Huone sijaitsee ensimm\u00e4isess\u00e4 kerroksessa, l\u00e4hell\u00e4 trampoliinialuetta ja kassaa. Syntym\u00e4p\u00e4iv\u00e4huoneessa on py\u00f6re\u00e4t nelj\u00e4n hengen p\u00f6yd\u00e4t, joita voidaan j\u00e4rjestell\u00e4 uudelleen tarpeen mukaan. Syntym\u00e4p\u00e4iv\u00e4huoneeseen mahtuu [&hellip;]<\/p>\n","protected":false},"author":14,"featured_media":0,"parent":16255,"menu_order":0,"comment_status":"closed","ping_status":"closed","template":"","meta":{"_price":"","_stock":"","_tribe_ticket_header":"","_tribe_default_ticket_provider":"","_tribe_ticket_capacity":"0","_ticket_start_date":"","_ticket_end_date":"","_tribe_ticket_show_description":"","_tribe_ticket_show_not_going":false,"_tribe_ticket_use_global_stock":"","_tribe_ticket_global_stock_level":"","_global_stock_mode":"","_global_stock_cap":"","_tribe_rsvp_for_event":"","_tribe_ticket_going_count":"","_tribe_ticket_not_going_count":"","_tribe_tickets_list":"[]","_tribe_ticket_has_attendee_info_fields":false,"footnotes":"","_tec_slr_enabled":"","_tec_slr_layout":""},"class_list":["post-16267","page","type-page","status-publish","hentry"],"cmb2":{"yourprefix_rest_metabox":{"yourprefix_rest_text":""}},"ticketed":false,"_links":{"self":[{"href":"https:\/\/www.trampolino.ee\/fi\/wp-json\/wp\/v2\/pages\/16267","targetHints":{"allow":["GET"]}}],"collection":[{"href":"https:\/\/www.trampolino.ee\/fi\/wp-json\/wp\/v2\/pages"}],"about":[{"href":"https:\/\/www.trampolino.ee\/fi\/wp-json\/wp\/v2\/types\/page"}],"author":[{"embeddable":true,"href":"https:\/\/www.trampolino.ee\/fi\/wp-json\/wp\/v2\/users\/14"}],"replies":[{"embeddable":true,"href":"https:\/\/www.trampolino.ee\/fi\/wp-json\/wp\/v2\/comments?post=16267"}],"version-history":[{"count":0,"href":"https:\/\/www.trampolino.ee\/fi\/wp-json\/wp\/v2\/pages\/16267\/revisions"}],"up":[{"embeddable":true,"href":"https:\/\/www.trampolino.ee\/fi\/wp-json\/wp\/v2\/pages\/16255"}],"wp:attachment":[{"href":"https:\/\/www.trampolino.ee\/fi\/wp-json\/wp\/v2\/media?parent=16267"}],"curies":[{"name":"wp","href":"https:\/\/api.w.org\/{rel}","templated":true}]}}