{"id":16273,"date":"2025-01-11T00:00:19","date_gmt":"2025-01-10T22:00:19","guid":{"rendered":"https:\/\/www.trampolino.ee\/party-rooms\/porto\/"},"modified":"2026-03-19T19:27:45","modified_gmt":"2026-03-19T17:27:45","slug":"porto","status":"publish","type":"page","link":"https:\/\/www.trampolino.ee\/fi\/juhlatilat\/porto\/","title":{"rendered":"Porto"},"content":{"rendered":"\t\t<div data-elementor-type=\"wp-page\" data-elementor-id=\"16273\" class=\"elementor elementor-16273 elementor-6075\" data-elementor-post-type=\"page\">\n\t\t\t\t<div data-particle_enable=\"false\" data-particle-mobile-disabled=\"false\" class=\"elementor-element elementor-element-516173a2 e-flex e-con-boxed e-con e-parent\" data-id=\"516173a2\" data-element_type=\"container\" data-e-type=\"container\" data-settings=\"{&quot;background_background&quot;:&quot;classic&quot;,&quot;shape_divider_bottom&quot;:&quot;tilt&quot;}\">\n\t\t\t\t\t<div class=\"e-con-inner\">\n\t\t\t\t<div class=\"elementor-shape elementor-shape-bottom\" aria-hidden=\"true\" data-negative=\"false\">\n\t\t\t<svg xmlns=\"http:\/\/www.w3.org\/2000\/svg\" viewBox=\"0 0 1000 100\" preserveAspectRatio=\"none\">\n\t<path class=\"elementor-shape-fill\" d=\"M0,6V0h1000v100L0,6z\"\/>\n<\/svg>\t\t<\/div>\n\t\t<div data-particle_enable=\"false\" data-particle-mobile-disabled=\"false\" class=\"elementor-element elementor-element-6c79edb2 e-con-full e-flex e-con e-child\" data-id=\"6c79edb2\" data-element_type=\"container\" data-e-type=\"container\">\n\t\t<div data-particle_enable=\"false\" data-particle-mobile-disabled=\"false\" class=\"elementor-element elementor-element-274d6041 e-con-full e-flex e-con e-child\" data-id=\"274d6041\" data-element_type=\"container\" data-e-type=\"container\">\n\t\t\t\t<div class=\"elementor-element elementor-element-2a293359 elementor-widget elementor-widget-image\" data-id=\"2a293359\" data-element_type=\"widget\" data-e-type=\"widget\" data-widget_type=\"image.default\">\n\t\t\t\t\t\t\t\t\t\t\t\t\t\t\t<img decoding=\"async\" width=\"101\" height=\"101\" src=\"https:\/\/www.trampolino.ee\/wp-content\/uploads\/2025\/01\/Group-1848-1-1.png\" class=\"attachment-large size-large wp-image-16057\" alt=\"\" \/>\t\t\t\t\t\t\t\t\t\t\t\t\t\t\t<\/div>\n\t\t\t\t<div class=\"elementor-element elementor-element-6634eb99 elementor-widget elementor-widget-heading\" data-id=\"6634eb99\" data-element_type=\"widget\" data-e-type=\"widget\" data-widget_type=\"heading.default\">\n\t\t\t\t\t<h1 class=\"elementor-heading-title elementor-size-default\">Porto<\/h1>\t\t\t\t<\/div>\n\t\t\t\t<\/div>\n\t\t\t\t<div class=\"elementor-element elementor-element-1ac38bb2 elementor-widget elementor-widget-text-editor\" data-id=\"1ac38bb2\" data-element_type=\"widget\" data-e-type=\"widget\" data-widget_type=\"text-editor.default\">\n\t\t\t\t\t\t\t\t\t<p>Porton syntym\u00e4p\u00e4iv\u00e4huone on saanut inspiraationsa vaaleansinisest\u00e4 laguunista ja merimatkoista. Toisen kerroksen huoneesta on hyv\u00e4t n\u00e4kym\u00e4t trampoliinikeskukseen.<\/p><p>Syntym\u00e4p\u00e4iv\u00e4huoneeseen mahtuu jopa 20 vierasta. Jos vieraita on enemm\u00e4n kuin huone sallii, jokaisesta lis\u00e4lapsesta veloitetaan 5 \u20ac\/lapsi. Huoneessa on my\u00f6s astioita jopa 20 lapselle. Jos vieraita on enemm\u00e4n, kertak\u00e4ytt\u00f6astioita lis\u00e4lapsille voi ostaa paikan p\u00e4\u00e4lt\u00e4 hintaan 2,5 \u20ac\/lapsi. Hintaan sis\u00e4ltyy lautanen, aterimet ja juomamuki.<\/p><p>Huoneessa on keittokomero, jossa on vedenkeitin, mikroaaltouuni ja kahvinkeitin. Lis\u00e4ksi tarjolla on tarvittavat astiat ja keitti\u00f6v\u00e4lineet tarjoilua varten. Syntym\u00e4p\u00e4iv\u00e4huoneesta l\u00f6ytyy my\u00f6s erilaisia \u200b\u200baterimia ja ruokailuv\u00e4lineit\u00e4, joten kertak\u00e4ytt\u00f6v\u00e4lineit\u00e4 ei tarvitse tuoda mukana \u2013 tuotamme v\u00e4hemm\u00e4n j\u00e4tett\u00e4 ja s\u00e4\u00e4st\u00e4mme luontoa!<\/p><p>Jos haluat tehd\u00e4 syntym\u00e4p\u00e4ivien j\u00e4rjest\u00e4misest\u00e4 itsellesi entist\u00e4 helpompaa, <a href=\"https:\/\/www.trampolino.ee\/fi\/ateriapalvelut\/\">tilaa herkullinen syntym\u00e4p\u00e4iv\u00e4p\u00f6yt\u00e4 kauttamme<\/a>. Valikoimasta l\u00f6ytyy lasten suosikkimakuja.<\/p><p>Haluatko lis\u00e4t\u00e4 juhliisi hieman lis\u00e4maustetta? <a href=\"https:\/\/www.trampolino.ee\/fi\/lisapalvelut\/\">Tutustu lis\u00e4palveluihimme<\/a>.<\/p>\t\t\t\t\t\t\t\t<\/div>\n\t\t\t\t<div class=\"elementor-element elementor-element-52e6a498 elementor-hidden-mobile elementor-widget elementor-widget-button\" data-id=\"52e6a498\" data-element_type=\"widget\" data-e-type=\"widget\" data-widget_type=\"button.default\">\n\t\t\t\t\t\t\t\t\t\t<a class=\"elementor-button elementor-button-link elementor-size-sm\" href=\"https:\/\/www.trampolino.ee\/fi\/varaus\/\">\n\t\t\t\t\t\t<span class=\"elementor-button-content-wrapper\">\n\t\t\t\t\t\t<span class=\"elementor-button-icon\">\n\t\t\t\t<i aria-hidden=\"true\" class=\"fas fa-arrow-right\"><\/i>\t\t\t<\/span>\n\t\t\t\t\t\t\t\t\t<span class=\"elementor-button-text\">Varaa t\u00e4m\u00e4 huone<\/span>\n\t\t\t\t\t<\/span>\n\t\t\t\t\t<\/a>\n\t\t\t\t\t\t\t\t<\/div>\n\t\t<div data-particle_enable=\"false\" data-particle-mobile-disabled=\"false\" class=\"elementor-element elementor-element-1a1fd924 e-con-full e-flex e-con e-child\" data-id=\"1a1fd924\" data-element_type=\"container\" data-e-type=\"container\">\n\t\t<div data-particle_enable=\"false\" data-particle-mobile-disabled=\"false\" class=\"elementor-element elementor-element-26596fc2 e-con-full e-flex e-con e-child\" data-id=\"26596fc2\" data-element_type=\"container\" data-e-type=\"container\">\n\t\t\t\t<div class=\"elementor-element elementor-element-61b0130 elementor-widget elementor-widget-text-editor\" data-id=\"61b0130\" data-element_type=\"widget\" data-e-type=\"widget\" data-widget_type=\"text-editor.default\">\n\t\t\t\t\t\t\t\t\t<p style=\"font-size: 24px;\">Kapasiteetti<\/p>\n<p style=\"font-size: 24px;\"><strong style=\"font-size: 48px;\">20<\/strong><\/p>\t\t\t\t\t\t\t\t<\/div>\n\t\t\t\t<\/div>\n\t\t<div data-particle_enable=\"false\" data-particle-mobile-disabled=\"false\" class=\"elementor-element elementor-element-71e1fc85 e-con-full e-flex e-con e-child\" data-id=\"71e1fc85\" data-element_type=\"container\" data-e-type=\"container\">\n\t\t\t\t<div class=\"elementor-element elementor-element-59e62a3f elementor-widget elementor-widget-text-editor\" data-id=\"59e62a3f\" data-element_type=\"widget\" data-e-type=\"widget\" data-widget_type=\"text-editor.default\">\n\t\t\t\t\t\t\t\t\t<p style=\"font-size: 24px;\">Hinta<\/p><p>Ma-To 18:00-21:00 ja Pe 10:00-17:00<\/p><p><strong style=\"font-size: 32px;\">3h\/219\u20ac<\/strong><\/p><p>Pe 18:00-21:00 ja La-Su 10:00-21:00<\/p><p><strong style=\"font-size: 32px;\">3h\/249\u20ac<\/strong><\/p><p>100 \u20ac jokaista ylitetty\u00e4 puolta tuntia kohden<\/p>\t\t\t\t\t\t\t\t<\/div>\n\t\t\t\t<\/div>\n\t\t\t\t<\/div>\n\t\t\t\t<\/div>\n\t\t<div data-particle_enable=\"false\" data-particle-mobile-disabled=\"false\" class=\"elementor-element elementor-element-2edd8e99 e-con-full e-flex e-con e-child\" data-id=\"2edd8e99\" data-element_type=\"container\" data-e-type=\"container\">\n\t\t<div data-particle_enable=\"false\" data-particle-mobile-disabled=\"false\" class=\"elementor-element elementor-element-138c20bc e-con-full e-flex e-con e-child\" data-id=\"138c20bc\" data-element_type=\"container\" data-e-type=\"container\">\n\t\t\t\t<div class=\"elementor-element elementor-element-2e5794f1 elementor-widget elementor-widget-image\" data-id=\"2e5794f1\" data-element_type=\"widget\" data-e-type=\"widget\" data-widget_type=\"image.default\">\n\t\t\t\t\t\t\t\t\t\t\t\t\t\t\t\t<a href=\"https:\/\/www.trampolino.ee\/wp-content\/uploads\/2025\/01\/Trampolino-sunnipaevatoad_25-scaled-1-1.jpg\" data-elementor-open-lightbox=\"yes\" data-e-action-hash=\"#elementor-action%3Aaction%3Dlightbox%26settings%3DeyJpZCI6NzY1NiwidXJsIjoiaHR0cHM6XC9cL3d3dy50cmFtcG9saW5vLmVlXC93cC1jb250ZW50XC91cGxvYWRzXC8yMDI1XC8wMVwvVHJhbXBvbGluby1zdW5uaXBhZXZhdG9hZF8yNS1zY2FsZWQtMS0xLmpwZyJ9\">\n\t\t\t\t\t\t\t<img fetchpriority=\"high\" decoding=\"async\" width=\"800\" height=\"534\" src=\"https:\/\/www.trampolino.ee\/wp-content\/uploads\/2025\/01\/Trampolino-sunnipaevatoad_25-scaled-1-1-1024x683.jpg\" class=\"attachment-large size-large wp-image-7656\" alt=\"\" srcset=\"https:\/\/www.trampolino.ee\/wp-content\/uploads\/2025\/01\/Trampolino-sunnipaevatoad_25-scaled-1-1-1024x683.jpg 1024w, https:\/\/www.trampolino.ee\/wp-content\/uploads\/2025\/01\/Trampolino-sunnipaevatoad_25-scaled-1-1-300x200.jpg 300w, https:\/\/www.trampolino.ee\/wp-content\/uploads\/2025\/01\/Trampolino-sunnipaevatoad_25-scaled-1-1-768x512.jpg 768w, https:\/\/www.trampolino.ee\/wp-content\/uploads\/2025\/01\/Trampolino-sunnipaevatoad_25-scaled-1-1-1536x1024.jpg 1536w, https:\/\/www.trampolino.ee\/wp-content\/uploads\/2025\/01\/Trampolino-sunnipaevatoad_25-scaled-1-1-2048x1366.jpg 2048w, https:\/\/www.trampolino.ee\/wp-content\/uploads\/2025\/01\/Trampolino-sunnipaevatoad_25-scaled-1-1-600x400.jpg 600w\" sizes=\"(max-width: 800px) 100vw, 800px\" \/>\t\t\t\t\t\t\t\t<\/a>\n\t\t\t\t\t\t\t\t\t\t\t\t\t\t\t<\/div>\n\t\t\t\t<\/div>\n\t\t<div data-particle_enable=\"false\" data-particle-mobile-disabled=\"false\" class=\"elementor-element elementor-element-7ded852b e-con-full e-flex e-con e-child\" data-id=\"7ded852b\" data-element_type=\"container\" data-e-type=\"container\">\n\t\t\t\t<div class=\"elementor-element elementor-element-369f63ce elementor-mobile-align-justify elementor-widget-mobile__width-inherit elementor-hidden-desktop elementor-hidden-tablet elementor-widget elementor-widget-button\" data-id=\"369f63ce\" data-element_type=\"widget\" data-e-type=\"widget\" data-widget_type=\"button.default\">\n\t\t\t\t\t\t\t\t\t\t<a class=\"elementor-button elementor-button-link elementor-size-sm\" href=\"https:\/\/www.trampolino.ee\/fi\/varaus\/\">\n\t\t\t\t\t\t<span class=\"elementor-button-content-wrapper\">\n\t\t\t\t\t\t<span class=\"elementor-button-icon\">\n\t\t\t\t<i aria-hidden=\"true\" class=\"fas fa-arrow-right\"><\/i>\t\t\t<\/span>\n\t\t\t\t\t\t\t\t\t<span class=\"elementor-button-text\">Varaa t\u00e4m\u00e4 huone<\/span>\n\t\t\t\t\t<\/span>\n\t\t\t\t\t<\/a>\n\t\t\t\t\t\t\t\t<\/div>\n\t\t<div data-particle_enable=\"false\" data-particle-mobile-disabled=\"false\" class=\"elementor-element elementor-element-1d8fef23 e-con-full elementor-hidden-mobile e-flex e-con e-child\" data-id=\"1d8fef23\" data-element_type=\"container\" data-e-type=\"container\">\n\t\t\t\t<div class=\"elementor-element elementor-element-506ebcb4 elementor-widget elementor-widget-image\" data-id=\"506ebcb4\" data-element_type=\"widget\" data-e-type=\"widget\" data-widget_type=\"image.default\">\n\t\t\t\t\t\t\t\t\t\t\t\t\t\t\t\t<a href=\"https:\/\/www.trampolino.ee\/wp-content\/uploads\/2025\/01\/Trampolino-postitus_10-2.jpg\" data-elementor-open-lightbox=\"yes\" data-e-action-hash=\"#elementor-action%3Aaction%3Dlightbox%26settings%3DeyJpZCI6NzY1OCwidXJsIjoiaHR0cHM6XC9cL3d3dy50cmFtcG9saW5vLmVlXC93cC1jb250ZW50XC91cGxvYWRzXC8yMDI1XC8wMVwvVHJhbXBvbGluby1wb3N0aXR1c18xMC0yLmpwZyJ9\">\n\t\t\t\t\t\t\t<img decoding=\"async\" width=\"800\" height=\"532\" src=\"https:\/\/www.trampolino.ee\/wp-content\/uploads\/2025\/01\/Trampolino-postitus_10-2-1024x681.jpg\" class=\"attachment-large size-large wp-image-7658\" alt=\"\" srcset=\"https:\/\/www.trampolino.ee\/wp-content\/uploads\/2025\/01\/Trampolino-postitus_10-2-1024x681.jpg 1024w, https:\/\/www.trampolino.ee\/wp-content\/uploads\/2025\/01\/Trampolino-postitus_10-2-300x200.jpg 300w, https:\/\/www.trampolino.ee\/wp-content\/uploads\/2025\/01\/Trampolino-postitus_10-2-768x511.jpg 768w, https:\/\/www.trampolino.ee\/wp-content\/uploads\/2025\/01\/Trampolino-postitus_10-2-600x399.jpg 600w, https:\/\/www.trampolino.ee\/wp-content\/uploads\/2025\/01\/Trampolino-postitus_10-2.jpg 1500w\" sizes=\"(max-width: 800px) 100vw, 800px\" \/>\t\t\t\t\t\t\t\t<\/a>\n\t\t\t\t\t\t\t\t\t\t\t\t\t\t\t<\/div>\n\t\t\t\t<\/div>\n\t\t<div data-particle_enable=\"false\" data-particle-mobile-disabled=\"false\" class=\"elementor-element elementor-element-172e6cc4 e-con-full elementor-hidden-mobile e-flex e-con e-child\" data-id=\"172e6cc4\" data-element_type=\"container\" data-e-type=\"container\">\n\t\t\t\t<div class=\"elementor-element elementor-element-238da345 elementor-widget elementor-widget-image\" data-id=\"238da345\" data-element_type=\"widget\" data-e-type=\"widget\" data-widget_type=\"image.default\">\n\t\t\t\t\t\t\t\t\t\t\t\t\t\t\t\t<a href=\"https:\/\/www.trampolino.ee\/wp-content\/uploads\/2025\/01\/DSC_7819-scaled-1-1.jpg\" data-elementor-open-lightbox=\"yes\" data-e-action-hash=\"#elementor-action%3Aaction%3Dlightbox%26settings%3DeyJpZCI6NzY2MCwidXJsIjoiaHR0cHM6XC9cL3d3dy50cmFtcG9saW5vLmVlXC93cC1jb250ZW50XC91cGxvYWRzXC8yMDI1XC8wMVwvRFNDXzc4MTktc2NhbGVkLTEtMS5qcGcifQ%3D%3D\">\n\t\t\t\t\t\t\t<img loading=\"lazy\" decoding=\"async\" width=\"800\" height=\"532\" src=\"https:\/\/www.trampolino.ee\/wp-content\/uploads\/2025\/01\/DSC_7819-scaled-1-1-1024x681.jpg\" class=\"attachment-large size-large wp-image-7660\" alt=\"\" srcset=\"https:\/\/www.trampolino.ee\/wp-content\/uploads\/2025\/01\/DSC_7819-scaled-1-1-1024x681.jpg 1024w, https:\/\/www.trampolino.ee\/wp-content\/uploads\/2025\/01\/DSC_7819-scaled-1-1-300x200.jpg 300w, https:\/\/www.trampolino.ee\/wp-content\/uploads\/2025\/01\/DSC_7819-scaled-1-1-768x511.jpg 768w, https:\/\/www.trampolino.ee\/wp-content\/uploads\/2025\/01\/DSC_7819-scaled-1-1-1536x1022.jpg 1536w, https:\/\/www.trampolino.ee\/wp-content\/uploads\/2025\/01\/DSC_7819-scaled-1-1-2048x1362.jpg 2048w, https:\/\/www.trampolino.ee\/wp-content\/uploads\/2025\/01\/DSC_7819-scaled-1-1-600x399.jpg 600w\" sizes=\"(max-width: 800px) 100vw, 800px\" \/>\t\t\t\t\t\t\t\t<\/a>\n\t\t\t\t\t\t\t\t\t\t\t\t\t\t\t<\/div>\n\t\t\t\t<\/div>\n\t\t\t\t<\/div>\n\t\t\t\t<\/div>\n\t\t\t\t\t<\/div>\n\t\t\t\t<\/div>\n\t\t<div data-particle_enable=\"false\" data-particle-mobile-disabled=\"false\" class=\"elementor-element elementor-element-1fdba2f4 e-flex e-con-boxed e-con e-parent\" data-id=\"1fdba2f4\" data-element_type=\"container\" data-e-type=\"container\" data-settings=\"{&quot;background_background&quot;:&quot;classic&quot;}\">\n\t\t\t\t\t<div class=\"e-con-inner\">\n\t\t<div data-particle_enable=\"false\" data-particle-mobile-disabled=\"false\" class=\"elementor-element elementor-element-4336ca03 e-con-full e-flex e-con e-child\" data-id=\"4336ca03\" data-element_type=\"container\" data-e-type=\"container\">\n\t\t\t\t<div class=\"elementor-element elementor-element-2846e577 elementor-widget elementor-widget-image\" data-id=\"2846e577\" data-element_type=\"widget\" data-e-type=\"widget\" data-widget_type=\"image.default\">\n\t\t\t\t\t\t\t\t\t\t\t\t\t\t\t<img loading=\"lazy\" decoding=\"async\" width=\"100\" height=\"100\" src=\"https:\/\/www.trampolino.ee\/wp-content\/uploads\/2025\/01\/Group-1848_1-1.png\" class=\"attachment-large size-large wp-image-16063\" alt=\"\" \/>\t\t\t\t\t\t\t\t\t\t\t\t\t\t\t<\/div>\n\t\t\t\t<div class=\"elementor-element elementor-element-46d9eabf elementor-widget elementor-widget-heading\" data-id=\"46d9eabf\" data-element_type=\"widget\" data-e-type=\"widget\" data-widget_type=\"heading.default\">\n\t\t\t\t\t<h2 class=\"elementor-heading-title elementor-size-default\">Galleria<\/h2>\t\t\t\t<\/div>\n\t\t\t\t<\/div>\n\t\t\t\t\t<\/div>\n\t\t\t\t<\/div>\n\t\t<div data-particle_enable=\"false\" data-particle-mobile-disabled=\"false\" class=\"elementor-element elementor-element-5e15709 e-flex e-con-boxed e-con e-parent\" data-id=\"5e15709\" data-element_type=\"container\" data-e-type=\"container\" data-settings=\"{&quot;background_background&quot;:&quot;classic&quot;}\">\n\t\t\t\t\t<div class=\"e-con-inner\">\n\t\t\t\t<div class=\"elementor-element elementor-element-050432b elementor-widget elementor-widget-gallery\" data-id=\"050432b\" data-element_type=\"widget\" data-e-type=\"widget\" data-settings=\"{&quot;columns&quot;:3,&quot;gap&quot;:{&quot;unit&quot;:&quot;px&quot;,&quot;size&quot;:15,&quot;sizes&quot;:[]},&quot;lazyload&quot;:&quot;yes&quot;,&quot;gallery_layout&quot;:&quot;grid&quot;,&quot;columns_tablet&quot;:2,&quot;columns_mobile&quot;:1,&quot;gap_tablet&quot;:{&quot;unit&quot;:&quot;px&quot;,&quot;size&quot;:10,&quot;sizes&quot;:[]},&quot;gap_mobile&quot;:{&quot;unit&quot;:&quot;px&quot;,&quot;size&quot;:10,&quot;sizes&quot;:[]},&quot;link_to&quot;:&quot;file&quot;,&quot;aspect_ratio&quot;:&quot;3:2&quot;,&quot;overlay_background&quot;:&quot;yes&quot;,&quot;content_hover_animation&quot;:&quot;fade-in&quot;}\" data-widget_type=\"gallery.default\">\n\t\t\t\t\t\t\t<div class=\"elementor-gallery__container\">\r\n\t\t\t\t\t\t\t<a class=\"e-gallery-item elementor-gallery-item elementor-animated-content\" href=\"https:\/\/www.trampolino.ee\/wp-content\/uploads\/2025\/01\/IMG_9768.jpg\" data-elementor-open-lightbox=\"yes\" data-elementor-lightbox-slideshow=\"050432b\" data-e-action-hash=\"#elementor-action%3Aaction%3Dlightbox%26settings%3DeyJpZCI6MTY0ODAsInVybCI6Imh0dHBzOlwvXC93d3cudHJhbXBvbGluby5lZVwvd3AtY29udGVudFwvdXBsb2Fkc1wvMjAyNVwvMDFcL0lNR185NzY4LmpwZyIsInNsaWRlc2hvdyI6IjA1MDQzMmIifQ%3D%3D\">\r\n\t\t\t\t\t<div class=\"e-gallery-image elementor-gallery-item__image\" data-thumbnail=\"https:\/\/www.trampolino.ee\/wp-content\/uploads\/2025\/01\/IMG_9768.jpg\" data-width=\"800\" data-height=\"533\" aria-label=\"\" role=\"img\" ><\/div>\r\n\t\t\t\t\t\t\t\t\t\t\t<div class=\"elementor-gallery-item__overlay\"><\/div>\r\n\t\t\t\t\t\t\t\t\t\t\t\t\t\t<\/a>\r\n\t\t\t\t\t\t\t<a class=\"e-gallery-item elementor-gallery-item elementor-animated-content\" href=\"https:\/\/www.trampolino.ee\/wp-content\/uploads\/2025\/01\/IMG_9766-Enhanced-NR.jpg\" data-elementor-open-lightbox=\"yes\" data-elementor-lightbox-slideshow=\"050432b\" data-e-action-hash=\"#elementor-action%3Aaction%3Dlightbox%26settings%3DeyJpZCI6MTY0ODEsInVybCI6Imh0dHBzOlwvXC93d3cudHJhbXBvbGluby5lZVwvd3AtY29udGVudFwvdXBsb2Fkc1wvMjAyNVwvMDFcL0lNR185NzY2LUVuaGFuY2VkLU5SLmpwZyIsInNsaWRlc2hvdyI6IjA1MDQzMmIifQ%3D%3D\">\r\n\t\t\t\t\t<div class=\"e-gallery-image elementor-gallery-item__image\" data-thumbnail=\"https:\/\/www.trampolino.ee\/wp-content\/uploads\/2025\/01\/IMG_9766-Enhanced-NR.jpg\" data-width=\"800\" data-height=\"533\" aria-label=\"\" role=\"img\" ><\/div>\r\n\t\t\t\t\t\t\t\t\t\t\t<div class=\"elementor-gallery-item__overlay\"><\/div>\r\n\t\t\t\t\t\t\t\t\t\t\t\t\t\t<\/a>\r\n\t\t\t\t\t\t\t<a class=\"e-gallery-item elementor-gallery-item elementor-animated-content\" href=\"https:\/\/www.trampolino.ee\/wp-content\/uploads\/2025\/01\/IMG_9773-Enhanced-NR.jpg\" data-elementor-open-lightbox=\"yes\" data-elementor-lightbox-slideshow=\"050432b\" data-e-action-hash=\"#elementor-action%3Aaction%3Dlightbox%26settings%3DeyJpZCI6MTY0ODIsInVybCI6Imh0dHBzOlwvXC93d3cudHJhbXBvbGluby5lZVwvd3AtY29udGVudFwvdXBsb2Fkc1wvMjAyNVwvMDFcL0lNR185NzczLUVuaGFuY2VkLU5SLmpwZyIsInNsaWRlc2hvdyI6IjA1MDQzMmIifQ%3D%3D\">\r\n\t\t\t\t\t<div class=\"e-gallery-image elementor-gallery-item__image\" data-thumbnail=\"https:\/\/www.trampolino.ee\/wp-content\/uploads\/2025\/01\/IMG_9773-Enhanced-NR.jpg\" data-width=\"800\" data-height=\"533\" aria-label=\"\" role=\"img\" ><\/div>\r\n\t\t\t\t\t\t\t\t\t\t\t<div class=\"elementor-gallery-item__overlay\"><\/div>\r\n\t\t\t\t\t\t\t\t\t\t\t\t\t\t<\/a>\r\n\t\t\t\t\t\t\t<a class=\"e-gallery-item elementor-gallery-item elementor-animated-content\" href=\"https:\/\/www.trampolino.ee\/wp-content\/uploads\/2025\/01\/IMG_9763.jpg\" data-elementor-open-lightbox=\"yes\" data-elementor-lightbox-slideshow=\"050432b\" data-e-action-hash=\"#elementor-action%3Aaction%3Dlightbox%26settings%3DeyJpZCI6MTY0ODMsInVybCI6Imh0dHBzOlwvXC93d3cudHJhbXBvbGluby5lZVwvd3AtY29udGVudFwvdXBsb2Fkc1wvMjAyNVwvMDFcL0lNR185NzYzLmpwZyIsInNsaWRlc2hvdyI6IjA1MDQzMmIifQ%3D%3D\">\r\n\t\t\t\t\t<div class=\"e-gallery-image elementor-gallery-item__image\" data-thumbnail=\"https:\/\/www.trampolino.ee\/wp-content\/uploads\/2025\/01\/IMG_9763.jpg\" data-width=\"800\" data-height=\"533\" aria-label=\"\" role=\"img\" ><\/div>\r\n\t\t\t\t\t\t\t\t\t\t\t<div class=\"elementor-gallery-item__overlay\"><\/div>\r\n\t\t\t\t\t\t\t\t\t\t\t\t\t\t<\/a>\r\n\t\t\t\t\t\t\t<a class=\"e-gallery-item elementor-gallery-item elementor-animated-content\" href=\"https:\/\/www.trampolino.ee\/wp-content\/uploads\/2025\/01\/IMG_9765.jpg\" data-elementor-open-lightbox=\"yes\" data-elementor-lightbox-slideshow=\"050432b\" data-e-action-hash=\"#elementor-action%3Aaction%3Dlightbox%26settings%3DeyJpZCI6MTY0ODQsInVybCI6Imh0dHBzOlwvXC93d3cudHJhbXBvbGluby5lZVwvd3AtY29udGVudFwvdXBsb2Fkc1wvMjAyNVwvMDFcL0lNR185NzY1LmpwZyIsInNsaWRlc2hvdyI6IjA1MDQzMmIifQ%3D%3D\">\r\n\t\t\t\t\t<div class=\"e-gallery-image elementor-gallery-item__image\" data-thumbnail=\"https:\/\/www.trampolino.ee\/wp-content\/uploads\/2025\/01\/IMG_9765.jpg\" data-width=\"800\" data-height=\"533\" aria-label=\"\" role=\"img\" ><\/div>\r\n\t\t\t\t\t\t\t\t\t\t\t<div class=\"elementor-gallery-item__overlay\"><\/div>\r\n\t\t\t\t\t\t\t\t\t\t\t\t\t\t<\/a>\r\n\t\t\t\t\t\t\t<a class=\"e-gallery-item elementor-gallery-item elementor-animated-content\" href=\"https:\/\/www.trampolino.ee\/wp-content\/uploads\/2025\/01\/IMG_9764.jpg\" data-elementor-open-lightbox=\"yes\" data-elementor-lightbox-slideshow=\"050432b\" data-e-action-hash=\"#elementor-action%3Aaction%3Dlightbox%26settings%3DeyJpZCI6MTY0ODUsInVybCI6Imh0dHBzOlwvXC93d3cudHJhbXBvbGluby5lZVwvd3AtY29udGVudFwvdXBsb2Fkc1wvMjAyNVwvMDFcL0lNR185NzY0LmpwZyIsInNsaWRlc2hvdyI6IjA1MDQzMmIifQ%3D%3D\">\r\n\t\t\t\t\t<div class=\"e-gallery-image elementor-gallery-item__image\" data-thumbnail=\"https:\/\/www.trampolino.ee\/wp-content\/uploads\/2025\/01\/IMG_9764.jpg\" data-width=\"800\" data-height=\"533\" aria-label=\"\" role=\"img\" ><\/div>\r\n\t\t\t\t\t\t\t\t\t\t\t<div class=\"elementor-gallery-item__overlay\"><\/div>\r\n\t\t\t\t\t\t\t\t\t\t\t\t\t\t<\/a>\r\n\t\t\t\t\t<\/div>\r\n\t\t\t\t\t<\/div>\n\t\t\t\t\t<\/div>\n\t\t\t\t<\/div>\n\t\t\t\t<\/div>\n\t\t","protected":false},"excerpt":{"rendered":"<p>Porto Porton syntym\u00e4p\u00e4iv\u00e4huone on saanut inspiraationsa vaaleansinisest\u00e4 laguunista ja merimatkoista. Toisen kerroksen huoneesta on hyv\u00e4t n\u00e4kym\u00e4t trampoliinikeskukseen. Syntym\u00e4p\u00e4iv\u00e4huoneeseen mahtuu jopa 20 vierasta. Jos vieraita on enemm\u00e4n kuin huone sallii, jokaisesta [&hellip;]<\/p>\n","protected":false},"author":14,"featured_media":0,"parent":16255,"menu_order":0,"comment_status":"closed","ping_status":"closed","template":"","meta":{"_price":"","_stock":"","_tribe_ticket_header":"","_tribe_default_ticket_provider":"","_tribe_ticket_capacity":"0","_ticket_start_date":"","_ticket_end_date":"","_tribe_ticket_show_description":"","_tribe_ticket_show_not_going":false,"_tribe_ticket_use_global_stock":"","_tribe_ticket_global_stock_level":"","_global_stock_mode":"","_global_stock_cap":"","_tribe_rsvp_for_event":"","_tribe_ticket_going_count":"","_tribe_ticket_not_going_count":"","_tribe_tickets_list":"[]","_tribe_ticket_has_attendee_info_fields":false,"footnotes":"","_tec_slr_enabled":"","_tec_slr_layout":""},"class_list":["post-16273","page","type-page","status-publish","hentry"],"cmb2":{"yourprefix_rest_metabox":{"yourprefix_rest_text":""}},"ticketed":false,"_links":{"self":[{"href":"https:\/\/www.trampolino.ee\/fi\/wp-json\/wp\/v2\/pages\/16273","targetHints":{"allow":["GET"]}}],"collection":[{"href":"https:\/\/www.trampolino.ee\/fi\/wp-json\/wp\/v2\/pages"}],"about":[{"href":"https:\/\/www.trampolino.ee\/fi\/wp-json\/wp\/v2\/types\/page"}],"author":[{"embeddable":true,"href":"https:\/\/www.trampolino.ee\/fi\/wp-json\/wp\/v2\/users\/14"}],"replies":[{"embeddable":true,"href":"https:\/\/www.trampolino.ee\/fi\/wp-json\/wp\/v2\/comments?post=16273"}],"version-history":[{"count":0,"href":"https:\/\/www.trampolino.ee\/fi\/wp-json\/wp\/v2\/pages\/16273\/revisions"}],"up":[{"embeddable":true,"href":"https:\/\/www.trampolino.ee\/fi\/wp-json\/wp\/v2\/pages\/16255"}],"wp:attachment":[{"href":"https:\/\/www.trampolino.ee\/fi\/wp-json\/wp\/v2\/media?parent=16273"}],"curies":[{"name":"wp","href":"https:\/\/api.w.org\/{rel}","templated":true}]}}