{"id":16276,"date":"2025-01-11T00:00:19","date_gmt":"2025-01-10T22:00:19","guid":{"rendered":"https:\/\/www.trampolino.ee\/party-rooms\/space\/"},"modified":"2026-03-20T16:20:48","modified_gmt":"2026-03-20T14:20:48","slug":"avaruus","status":"publish","type":"page","link":"https:\/\/www.trampolino.ee\/fi\/juhlatilat\/avaruus\/","title":{"rendered":"Avaruus"},"content":{"rendered":"\t\t<div data-elementor-type=\"wp-page\" data-elementor-id=\"16276\" class=\"elementor elementor-16276 elementor-6084\" data-elementor-post-type=\"page\">\n\t\t\t\t<div data-particle_enable=\"false\" data-particle-mobile-disabled=\"false\" class=\"elementor-element elementor-element-30e2dce3 e-flex e-con-boxed e-con e-parent\" data-id=\"30e2dce3\" data-element_type=\"container\" data-e-type=\"container\" data-settings=\"{&quot;background_background&quot;:&quot;classic&quot;,&quot;shape_divider_bottom&quot;:&quot;tilt&quot;}\">\n\t\t\t\t\t<div class=\"e-con-inner\">\n\t\t\t\t<div class=\"elementor-shape elementor-shape-bottom\" aria-hidden=\"true\" data-negative=\"false\">\n\t\t\t<svg xmlns=\"http:\/\/www.w3.org\/2000\/svg\" viewBox=\"0 0 1000 100\" preserveAspectRatio=\"none\">\n\t<path class=\"elementor-shape-fill\" d=\"M0,6V0h1000v100L0,6z\"\/>\n<\/svg>\t\t<\/div>\n\t\t<div data-particle_enable=\"false\" data-particle-mobile-disabled=\"false\" class=\"elementor-element elementor-element-70867aa1 e-con-full e-flex e-con e-child\" data-id=\"70867aa1\" data-element_type=\"container\" data-e-type=\"container\">\n\t\t<div data-particle_enable=\"false\" data-particle-mobile-disabled=\"false\" class=\"elementor-element elementor-element-10f457fe e-con-full e-flex e-con e-child\" data-id=\"10f457fe\" data-element_type=\"container\" data-e-type=\"container\">\n\t\t\t\t<div class=\"elementor-element elementor-element-2c9adbbc elementor-widget elementor-widget-image\" data-id=\"2c9adbbc\" data-element_type=\"widget\" data-e-type=\"widget\" data-widget_type=\"image.default\">\n\t\t\t\t\t\t\t\t\t\t\t\t\t\t\t<img decoding=\"async\" width=\"101\" height=\"101\" src=\"https:\/\/www.trampolino.ee\/wp-content\/uploads\/2025\/01\/Group-1848-1.png\" class=\"attachment-large size-large wp-image-16321\" alt=\"\" \/>\t\t\t\t\t\t\t\t\t\t\t\t\t\t\t<\/div>\n\t\t\t\t<div class=\"elementor-element elementor-element-7f11b376 elementor-widget elementor-widget-heading\" data-id=\"7f11b376\" data-element_type=\"widget\" data-e-type=\"widget\" data-widget_type=\"heading.default\">\n\t\t\t\t\t<h1 class=\"elementor-heading-title elementor-size-default\">Avaruus<\/h1>\t\t\t\t<\/div>\n\t\t\t\t<\/div>\n\t\t\t\t<div class=\"elementor-element elementor-element-61aeb613 elementor-widget elementor-widget-text-editor\" data-id=\"61aeb613\" data-element_type=\"widget\" data-e-type=\"widget\" data-widget_type=\"text-editor.default\">\n\t\t\t\t\t\t\t\t\t<p>Tule viett\u00e4m\u00e4\u00e4n mahtavat syntym\u00e4p\u00e4iv\u00e4juhlat trampoliinikeskuksen uusimmassa huoneessa. Huomio, valmiina, l\u00e4ht\u00f6! Trampolino-avaruussukkula juhlijoineen nousee ilmaan.<\/p><p>Suurin syntym\u00e4p\u00e4iv\u00e4huoneemme majoittaa 20 vierasta. Jos vieraita on enemm\u00e4n kuin huone sallii, veloitetaan jokaisesta lis\u00e4lapsesta 5 \u20ac\/lapsi. Huoneessa on keittokomero, jossa on vedenkeitin, mikroaaltouuni, j\u00e4\u00e4kaappi ja kahvinkeitin. Lis\u00e4ksi tarjolla on tarvittavat astiat ja keitti\u00f6v\u00e4lineet tarjoilua varten.<\/p><p>Syntym\u00e4p\u00e4iv\u00e4huoneesta l\u00f6ytyy my\u00f6s erilaisia \u200b\u200bruokailuv\u00e4lineit\u00e4 ja kattausv\u00e4lineit\u00e4. Jos vieraita on enemm\u00e4n, lis\u00e4lapsille tarkoitettuja kertak\u00e4ytt\u00f6astioita voi ostaa paikan p\u00e4\u00e4lt\u00e4 hintaan 2,5 \u20ac\/lapsi. Hintaan sis\u00e4ltyy lautanen, aterimet ja juomamuki.<\/p><p>Jos haluat tehd\u00e4 syntym\u00e4p\u00e4ivien j\u00e4rjest\u00e4misest\u00e4 itsellesi entist\u00e4 helpompaa, <a href=\"https:\/\/www.trampolino.ee\/fi\/ateriapalvelut\/\">tilaa herkullinen syntym\u00e4p\u00e4iv\u00e4p\u00f6yt\u00e4 kauttamme<\/a>. Valikoimasta l\u00f6ytyy lasten suosikkimakuja.<\/p><p>Haluatko lis\u00e4t\u00e4 juhliisi hieman lis\u00e4maustetta? <a href=\"https:\/\/www.trampolino.ee\/fi\/lisapalvelut\/\">Tutustu lis\u00e4palveluihimme<\/a>.<\/p>\t\t\t\t\t\t\t\t<\/div>\n\t\t\t\t<div class=\"elementor-element elementor-element-1a5ad6f6 elementor-hidden-mobile elementor-widget elementor-widget-button\" data-id=\"1a5ad6f6\" data-element_type=\"widget\" data-e-type=\"widget\" data-widget_type=\"button.default\">\n\t\t\t\t\t\t\t\t\t\t<a class=\"elementor-button elementor-button-link elementor-size-sm\" href=\"https:\/\/www.trampolino.ee\/fi\/varaus\/\">\n\t\t\t\t\t\t<span class=\"elementor-button-content-wrapper\">\n\t\t\t\t\t\t<span class=\"elementor-button-icon\">\n\t\t\t\t<i aria-hidden=\"true\" class=\"fas fa-arrow-right\"><\/i>\t\t\t<\/span>\n\t\t\t\t\t\t\t\t\t<span class=\"elementor-button-text\">Varaa t\u00e4m\u00e4 huone<\/span>\n\t\t\t\t\t<\/span>\n\t\t\t\t\t<\/a>\n\t\t\t\t\t\t\t\t<\/div>\n\t\t<div data-particle_enable=\"false\" data-particle-mobile-disabled=\"false\" class=\"elementor-element elementor-element-adbfb65 e-con-full e-flex e-con e-child\" data-id=\"adbfb65\" data-element_type=\"container\" data-e-type=\"container\">\n\t\t<div data-particle_enable=\"false\" data-particle-mobile-disabled=\"false\" class=\"elementor-element elementor-element-18437e96 e-con-full e-flex e-con e-child\" data-id=\"18437e96\" data-element_type=\"container\" data-e-type=\"container\">\n\t\t\t\t<div class=\"elementor-element elementor-element-44ccce4b elementor-widget elementor-widget-text-editor\" data-id=\"44ccce4b\" data-element_type=\"widget\" data-e-type=\"widget\" data-widget_type=\"text-editor.default\">\n\t\t\t\t\t\t\t\t\t<p style=\"font-size: 24px;\">Kapasiteetti<\/p><p style=\"font-size: 24px;\"><strong style=\"font-size: 48px;\">20<\/strong><\/p><p style=\"font-size: 24px;\">Ik\u00e4<\/p><p><strong style=\"font-size: 48px;\">5+<\/strong><\/p>\t\t\t\t\t\t\t\t<\/div>\n\t\t\t\t<\/div>\n\t\t<div data-particle_enable=\"false\" data-particle-mobile-disabled=\"false\" class=\"elementor-element elementor-element-12429fdb e-con-full e-flex e-con e-child\" data-id=\"12429fdb\" data-element_type=\"container\" data-e-type=\"container\">\n\t\t\t\t<div class=\"elementor-element elementor-element-525c3ec0 elementor-widget elementor-widget-text-editor\" data-id=\"525c3ec0\" data-element_type=\"widget\" data-e-type=\"widget\" data-widget_type=\"text-editor.default\">\n\t\t\t\t\t\t\t\t\t<p style=\"font-size: 24px;\">Hinta<\/p><p>Ma-To 18:00-21:00 ja Pe 10:00-17:00<\/p><p><strong style=\"font-size: 32px;\">3h\/249\u20ac<\/strong><\/p><p>Pe 18:00-21:00 ja La-Su 10:00-21:00<\/p><p><strong style=\"font-size: 32px;\">3h\/279\u20ac<\/strong><\/p><p>100 \u20ac jokaista ylitetty\u00e4 puolta tuntia kohden<\/p><div class=\"elementor-element elementor-element-46b2394a e-con-full e-flex e-con e-child\" data-id=\"46b2394a\" data-element_type=\"container\"><div class=\"elementor-element elementor-element-35e64b76 e-con-full e-flex e-con e-child\" data-id=\"35e64b76\" data-element_type=\"container\"><div class=\"elementor-element elementor-element-3d194649 elementor-widget elementor-widget-image\" data-id=\"3d194649\" data-element_type=\"widget\" data-widget_type=\"image.default\">\u00a0<\/div><\/div><\/div>\t\t\t\t\t\t\t\t<\/div>\n\t\t\t\t<\/div>\n\t\t\t\t<\/div>\n\t\t\t\t<\/div>\n\t\t<div data-particle_enable=\"false\" data-particle-mobile-disabled=\"false\" class=\"elementor-element elementor-element-28d038b3 e-con-full e-flex e-con e-child\" data-id=\"28d038b3\" data-element_type=\"container\" data-e-type=\"container\">\n\t\t<div data-particle_enable=\"false\" data-particle-mobile-disabled=\"false\" class=\"elementor-element elementor-element-18c22b8d e-con-full e-flex e-con e-child\" data-id=\"18c22b8d\" data-element_type=\"container\" data-e-type=\"container\">\n\t\t\t\t<div class=\"elementor-element elementor-element-12d96481 elementor-widget elementor-widget-image\" data-id=\"12d96481\" data-element_type=\"widget\" data-e-type=\"widget\" data-widget_type=\"image.default\">\n\t\t\t\t\t\t\t\t\t\t\t\t\t\t\t\t<a href=\"https:\/\/www.trampolino.ee\/wp-content\/uploads\/2025\/01\/DSC_0403-scaled-1.jpg\" data-elementor-open-lightbox=\"yes\" data-e-action-hash=\"#elementor-action%3Aaction%3Dlightbox%26settings%3DeyJpZCI6MTY0ODYsInVybCI6Imh0dHBzOlwvXC93d3cudHJhbXBvbGluby5lZVwvd3AtY29udGVudFwvdXBsb2Fkc1wvMjAyNVwvMDFcL0RTQ18wNDAzLXNjYWxlZC0xLmpwZyJ9\">\n\t\t\t\t\t\t\t<img fetchpriority=\"high\" decoding=\"async\" width=\"800\" height=\"533\" src=\"https:\/\/www.trampolino.ee\/wp-content\/uploads\/2025\/01\/DSC_0403-scaled-1.jpg\" class=\"attachment-large size-large wp-image-16486\" alt=\"\" \/>\t\t\t\t\t\t\t\t<\/a>\n\t\t\t\t\t\t\t\t\t\t\t\t\t\t\t<\/div>\n\t\t\t\t<\/div>\n\t\t<div data-particle_enable=\"false\" data-particle-mobile-disabled=\"false\" class=\"elementor-element elementor-element-7ca19ff7 e-con-full e-flex e-con e-child\" data-id=\"7ca19ff7\" data-element_type=\"container\" data-e-type=\"container\">\n\t\t\t\t<div class=\"elementor-element elementor-element-4bb4892e elementor-mobile-align-justify elementor-widget-mobile__width-inherit elementor-hidden-desktop elementor-hidden-tablet elementor-widget elementor-widget-button\" data-id=\"4bb4892e\" data-element_type=\"widget\" data-e-type=\"widget\" data-widget_type=\"button.default\">\n\t\t\t\t\t\t\t\t\t\t<a class=\"elementor-button elementor-button-link elementor-size-sm\" href=\"https:\/\/www.trampolino.ee\/fi\/varaus\/\">\n\t\t\t\t\t\t<span class=\"elementor-button-content-wrapper\">\n\t\t\t\t\t\t<span class=\"elementor-button-icon\">\n\t\t\t\t<i aria-hidden=\"true\" class=\"fas fa-arrow-right\"><\/i>\t\t\t<\/span>\n\t\t\t\t\t\t\t\t\t<span class=\"elementor-button-text\">Varaa t\u00e4m\u00e4 huone<\/span>\n\t\t\t\t\t<\/span>\n\t\t\t\t\t<\/a>\n\t\t\t\t\t\t\t\t<\/div>\n\t\t<div data-particle_enable=\"false\" data-particle-mobile-disabled=\"false\" class=\"elementor-element elementor-element-5a91c5b7 e-con-full elementor-hidden-mobile e-flex e-con e-child\" data-id=\"5a91c5b7\" data-element_type=\"container\" data-e-type=\"container\">\n\t\t\t\t<div class=\"elementor-element elementor-element-5b3d0446 elementor-widget elementor-widget-image\" data-id=\"5b3d0446\" data-element_type=\"widget\" data-e-type=\"widget\" data-widget_type=\"image.default\">\n\t\t\t\t\t\t\t\t\t\t\t\t\t\t\t\t<a href=\"https:\/\/www.trampolino.ee\/wp-content\/uploads\/2025\/01\/IMG-5544-scaled-1.jpg\" data-elementor-open-lightbox=\"yes\" data-e-action-hash=\"#elementor-action%3Aaction%3Dlightbox%26settings%3DeyJpZCI6MTY0ODcsInVybCI6Imh0dHBzOlwvXC93d3cudHJhbXBvbGluby5lZVwvd3AtY29udGVudFwvdXBsb2Fkc1wvMjAyNVwvMDFcL0lNRy01NTQ0LXNjYWxlZC0xLmpwZyJ9\">\n\t\t\t\t\t\t\t<img decoding=\"async\" width=\"800\" height=\"600\" src=\"https:\/\/www.trampolino.ee\/wp-content\/uploads\/2025\/01\/IMG-5544-scaled-1.jpg\" class=\"attachment-large size-large wp-image-16487\" alt=\"\" \/>\t\t\t\t\t\t\t\t<\/a>\n\t\t\t\t\t\t\t\t\t\t\t\t\t\t\t<\/div>\n\t\t\t\t<\/div>\n\t\t<div data-particle_enable=\"false\" data-particle-mobile-disabled=\"false\" class=\"elementor-element elementor-element-e5e98c9 e-con-full elementor-hidden-mobile e-flex e-con e-child\" data-id=\"e5e98c9\" data-element_type=\"container\" data-e-type=\"container\">\n\t\t\t\t<div class=\"elementor-element elementor-element-1d8d3977 elementor-widget elementor-widget-image\" data-id=\"1d8d3977\" data-element_type=\"widget\" data-e-type=\"widget\" data-widget_type=\"image.default\">\n\t\t\t\t\t\t\t\t\t\t\t\t\t\t\t\t<a href=\"https:\/\/www.trampolino.ee\/wp-content\/uploads\/2025\/01\/Trampolino-sunnipaevatoad_vertikaalne_6.jpg\" data-elementor-open-lightbox=\"yes\" data-e-action-hash=\"#elementor-action%3Aaction%3Dlightbox%26settings%3DeyJpZCI6MTY0ODgsInVybCI6Imh0dHBzOlwvXC93d3cudHJhbXBvbGluby5lZVwvd3AtY29udGVudFwvdXBsb2Fkc1wvMjAyNVwvMDFcL1RyYW1wb2xpbm8tc3VubmlwYWV2YXRvYWRfdmVydGlrYWFsbmVfNi5qcGcifQ%3D%3D\">\n\t\t\t\t\t\t\t<img loading=\"lazy\" decoding=\"async\" width=\"681\" height=\"1024\" src=\"https:\/\/www.trampolino.ee\/wp-content\/uploads\/2025\/01\/Trampolino-sunnipaevatoad_vertikaalne_6.jpg\" class=\"attachment-large size-large wp-image-16488\" alt=\"\" \/>\t\t\t\t\t\t\t\t<\/a>\n\t\t\t\t\t\t\t\t\t\t\t\t\t\t\t<\/div>\n\t\t\t\t<\/div>\n\t\t\t\t<\/div>\n\t\t\t\t<\/div>\n\t\t\t\t\t<\/div>\n\t\t\t\t<\/div>\n\t\t<div data-particle_enable=\"false\" data-particle-mobile-disabled=\"false\" class=\"elementor-element elementor-element-2e8119ab e-flex e-con-boxed e-con e-parent\" data-id=\"2e8119ab\" data-element_type=\"container\" data-e-type=\"container\" data-settings=\"{&quot;background_background&quot;:&quot;classic&quot;}\">\n\t\t\t\t\t<div class=\"e-con-inner\">\n\t\t<div data-particle_enable=\"false\" data-particle-mobile-disabled=\"false\" class=\"elementor-element elementor-element-6e1b0dfe e-con-full e-flex e-con e-child\" data-id=\"6e1b0dfe\" data-element_type=\"container\" data-e-type=\"container\">\n\t\t\t\t<div class=\"elementor-element elementor-element-372c4ce0 elementor-widget elementor-widget-image\" data-id=\"372c4ce0\" data-element_type=\"widget\" data-e-type=\"widget\" data-widget_type=\"image.default\">\n\t\t\t\t\t\t\t\t\t\t\t\t\t\t\t<img loading=\"lazy\" decoding=\"async\" width=\"100\" height=\"100\" src=\"https:\/\/www.trampolino.ee\/wp-content\/uploads\/2025\/01\/Group-1848_1.png\" class=\"attachment-large size-large wp-image-16355\" alt=\"\" \/>\t\t\t\t\t\t\t\t\t\t\t\t\t\t\t<\/div>\n\t\t\t\t<div class=\"elementor-element elementor-element-18cb7d4e elementor-widget elementor-widget-heading\" data-id=\"18cb7d4e\" data-element_type=\"widget\" data-e-type=\"widget\" data-widget_type=\"heading.default\">\n\t\t\t\t\t<h2 class=\"elementor-heading-title elementor-size-default\">Galleria<\/h2>\t\t\t\t<\/div>\n\t\t\t\t<\/div>\n\t\t\t\t\t<\/div>\n\t\t\t\t<\/div>\n\t\t<div data-particle_enable=\"false\" data-particle-mobile-disabled=\"false\" class=\"elementor-element elementor-element-576be3c2 e-flex e-con-boxed e-con e-parent\" data-id=\"576be3c2\" data-element_type=\"container\" data-e-type=\"container\" data-settings=\"{&quot;background_background&quot;:&quot;classic&quot;}\">\n\t\t\t\t\t<div class=\"e-con-inner\">\n\t\t\t\t<div class=\"elementor-element elementor-element-2bd9bbf1 elementor-widget elementor-widget-gallery\" data-id=\"2bd9bbf1\" data-element_type=\"widget\" data-e-type=\"widget\" data-settings=\"{&quot;columns&quot;:3,&quot;gap&quot;:{&quot;unit&quot;:&quot;px&quot;,&quot;size&quot;:15,&quot;sizes&quot;:[]},&quot;lazyload&quot;:&quot;yes&quot;,&quot;gallery_layout&quot;:&quot;grid&quot;,&quot;columns_tablet&quot;:2,&quot;columns_mobile&quot;:1,&quot;gap_tablet&quot;:{&quot;unit&quot;:&quot;px&quot;,&quot;size&quot;:10,&quot;sizes&quot;:[]},&quot;gap_mobile&quot;:{&quot;unit&quot;:&quot;px&quot;,&quot;size&quot;:10,&quot;sizes&quot;:[]},&quot;link_to&quot;:&quot;file&quot;,&quot;aspect_ratio&quot;:&quot;3:2&quot;,&quot;overlay_background&quot;:&quot;yes&quot;,&quot;content_hover_animation&quot;:&quot;fade-in&quot;}\" data-widget_type=\"gallery.default\">\n\t\t\t\t\t\t\t<div class=\"elementor-gallery__container\">\r\n\t\t\t\t\t\t\t<a class=\"e-gallery-item elementor-gallery-item elementor-animated-content\" href=\"https:\/\/www.trampolino.ee\/wp-content\/uploads\/2025\/01\/IMG_9737.jpg\" data-elementor-open-lightbox=\"yes\" data-elementor-lightbox-slideshow=\"2bd9bbf1\" data-e-action-hash=\"#elementor-action%3Aaction%3Dlightbox%26settings%3DeyJpZCI6MTY0ODksInVybCI6Imh0dHBzOlwvXC93d3cudHJhbXBvbGluby5lZVwvd3AtY29udGVudFwvdXBsb2Fkc1wvMjAyNVwvMDFcL0lNR185NzM3LmpwZyIsInNsaWRlc2hvdyI6IjJiZDliYmYxIn0%3D\">\r\n\t\t\t\t\t<div class=\"e-gallery-image elementor-gallery-item__image\" data-thumbnail=\"https:\/\/www.trampolino.ee\/wp-content\/uploads\/2025\/01\/IMG_9737-1024x683.jpg\" data-width=\"800\" data-height=\"534\" aria-label=\"\" role=\"img\" ><\/div>\r\n\t\t\t\t\t\t\t\t\t\t\t<div class=\"elementor-gallery-item__overlay\"><\/div>\r\n\t\t\t\t\t\t\t\t\t\t\t\t\t\t<\/a>\r\n\t\t\t\t\t\t\t<a class=\"e-gallery-item elementor-gallery-item elementor-animated-content\" href=\"https:\/\/www.trampolino.ee\/wp-content\/uploads\/2025\/01\/IMG_9733-Enhanced-NR.jpg\" data-elementor-open-lightbox=\"yes\" data-elementor-lightbox-slideshow=\"2bd9bbf1\" data-e-action-hash=\"#elementor-action%3Aaction%3Dlightbox%26settings%3DeyJpZCI6MTY0OTAsInVybCI6Imh0dHBzOlwvXC93d3cudHJhbXBvbGluby5lZVwvd3AtY29udGVudFwvdXBsb2Fkc1wvMjAyNVwvMDFcL0lNR185NzMzLUVuaGFuY2VkLU5SLmpwZyIsInNsaWRlc2hvdyI6IjJiZDliYmYxIn0%3D\">\r\n\t\t\t\t\t<div class=\"e-gallery-image elementor-gallery-item__image\" data-thumbnail=\"https:\/\/www.trampolino.ee\/wp-content\/uploads\/2025\/01\/IMG_9733-Enhanced-NR-1024x683.jpg\" data-width=\"800\" data-height=\"534\" aria-label=\"\" role=\"img\" ><\/div>\r\n\t\t\t\t\t\t\t\t\t\t\t<div class=\"elementor-gallery-item__overlay\"><\/div>\r\n\t\t\t\t\t\t\t\t\t\t\t\t\t\t<\/a>\r\n\t\t\t\t\t\t\t<a class=\"e-gallery-item elementor-gallery-item elementor-animated-content\" href=\"https:\/\/www.trampolino.ee\/wp-content\/uploads\/2025\/01\/IMG_9738.jpg\" data-elementor-open-lightbox=\"yes\" data-elementor-lightbox-slideshow=\"2bd9bbf1\" data-e-action-hash=\"#elementor-action%3Aaction%3Dlightbox%26settings%3DeyJpZCI6MTY0OTEsInVybCI6Imh0dHBzOlwvXC93d3cudHJhbXBvbGluby5lZVwvd3AtY29udGVudFwvdXBsb2Fkc1wvMjAyNVwvMDFcL0lNR185NzM4LmpwZyIsInNsaWRlc2hvdyI6IjJiZDliYmYxIn0%3D\">\r\n\t\t\t\t\t<div class=\"e-gallery-image elementor-gallery-item__image\" data-thumbnail=\"https:\/\/www.trampolino.ee\/wp-content\/uploads\/2025\/01\/IMG_9738-1024x683.jpg\" data-width=\"800\" data-height=\"534\" aria-label=\"\" role=\"img\" ><\/div>\r\n\t\t\t\t\t\t\t\t\t\t\t<div class=\"elementor-gallery-item__overlay\"><\/div>\r\n\t\t\t\t\t\t\t\t\t\t\t\t\t\t<\/a>\r\n\t\t\t\t\t\t\t<a class=\"e-gallery-item elementor-gallery-item elementor-animated-content\" href=\"https:\/\/www.trampolino.ee\/wp-content\/uploads\/2025\/01\/IMG_9736-Enhanced-NR.jpg\" data-elementor-open-lightbox=\"yes\" data-elementor-lightbox-slideshow=\"2bd9bbf1\" data-e-action-hash=\"#elementor-action%3Aaction%3Dlightbox%26settings%3DeyJpZCI6MTY0OTIsInVybCI6Imh0dHBzOlwvXC93d3cudHJhbXBvbGluby5lZVwvd3AtY29udGVudFwvdXBsb2Fkc1wvMjAyNVwvMDFcL0lNR185NzM2LUVuaGFuY2VkLU5SLmpwZyIsInNsaWRlc2hvdyI6IjJiZDliYmYxIn0%3D\">\r\n\t\t\t\t\t<div class=\"e-gallery-image elementor-gallery-item__image\" data-thumbnail=\"https:\/\/www.trampolino.ee\/wp-content\/uploads\/2025\/01\/IMG_9736-Enhanced-NR-1024x683.jpg\" data-width=\"800\" data-height=\"534\" aria-label=\"\" role=\"img\" ><\/div>\r\n\t\t\t\t\t\t\t\t\t\t\t<div class=\"elementor-gallery-item__overlay\"><\/div>\r\n\t\t\t\t\t\t\t\t\t\t\t\t\t\t<\/a>\r\n\t\t\t\t\t\t\t<a class=\"e-gallery-item elementor-gallery-item elementor-animated-content\" href=\"https:\/\/www.trampolino.ee\/wp-content\/uploads\/2025\/01\/IMG_9730.jpg\" data-elementor-open-lightbox=\"yes\" data-elementor-lightbox-slideshow=\"2bd9bbf1\" data-e-action-hash=\"#elementor-action%3Aaction%3Dlightbox%26settings%3DeyJpZCI6MTY0OTMsInVybCI6Imh0dHBzOlwvXC93d3cudHJhbXBvbGluby5lZVwvd3AtY29udGVudFwvdXBsb2Fkc1wvMjAyNVwvMDFcL0lNR185NzMwLmpwZyIsInNsaWRlc2hvdyI6IjJiZDliYmYxIn0%3D\">\r\n\t\t\t\t\t<div class=\"e-gallery-image elementor-gallery-item__image\" data-thumbnail=\"https:\/\/www.trampolino.ee\/wp-content\/uploads\/2025\/01\/IMG_9730-1024x683.jpg\" data-width=\"800\" data-height=\"534\" aria-label=\"\" role=\"img\" ><\/div>\r\n\t\t\t\t\t\t\t\t\t\t\t<div class=\"elementor-gallery-item__overlay\"><\/div>\r\n\t\t\t\t\t\t\t\t\t\t\t\t\t\t<\/a>\r\n\t\t\t\t\t\t\t<a class=\"e-gallery-item elementor-gallery-item elementor-animated-content\" href=\"https:\/\/www.trampolino.ee\/wp-content\/uploads\/2025\/01\/IMG_9720.jpg\" data-elementor-open-lightbox=\"yes\" data-elementor-lightbox-slideshow=\"2bd9bbf1\" data-e-action-hash=\"#elementor-action%3Aaction%3Dlightbox%26settings%3DeyJpZCI6MTY0OTQsInVybCI6Imh0dHBzOlwvXC93d3cudHJhbXBvbGluby5lZVwvd3AtY29udGVudFwvdXBsb2Fkc1wvMjAyNVwvMDFcL0lNR185NzIwLmpwZyIsInNsaWRlc2hvdyI6IjJiZDliYmYxIn0%3D\">\r\n\t\t\t\t\t<div class=\"e-gallery-image elementor-gallery-item__image\" data-thumbnail=\"https:\/\/www.trampolino.ee\/wp-content\/uploads\/2025\/01\/IMG_9720-1024x683.jpg\" data-width=\"800\" data-height=\"534\" aria-label=\"\" role=\"img\" ><\/div>\r\n\t\t\t\t\t\t\t\t\t\t\t<div class=\"elementor-gallery-item__overlay\"><\/div>\r\n\t\t\t\t\t\t\t\t\t\t\t\t\t\t<\/a>\r\n\t\t\t\t\t<\/div>\r\n\t\t\t\t\t<\/div>\n\t\t\t\t\t<\/div>\n\t\t\t\t<\/div>\n\t\t\t\t<\/div>\n\t\t","protected":false},"excerpt":{"rendered":"<p>Avaruus Tule viett\u00e4m\u00e4\u00e4n mahtavat syntym\u00e4p\u00e4iv\u00e4juhlat trampoliinikeskuksen uusimmassa huoneessa. Huomio, valmiina, l\u00e4ht\u00f6! Trampolino-avaruussukkula juhlijoineen nousee ilmaan. Suurin syntym\u00e4p\u00e4iv\u00e4huoneemme majoittaa 20 vierasta. Jos vieraita on enemm\u00e4n kuin huone sallii, veloitetaan jokaisesta lis\u00e4lapsesta [&hellip;]<\/p>\n","protected":false},"author":14,"featured_media":0,"parent":16255,"menu_order":0,"comment_status":"closed","ping_status":"closed","template":"","meta":{"_price":"","_stock":"","_tribe_ticket_header":"","_tribe_default_ticket_provider":"","_tribe_ticket_capacity":"0","_ticket_start_date":"","_ticket_end_date":"","_tribe_ticket_show_description":"","_tribe_ticket_show_not_going":false,"_tribe_ticket_use_global_stock":"","_tribe_ticket_global_stock_level":"","_global_stock_mode":"","_global_stock_cap":"","_tribe_rsvp_for_event":"","_tribe_ticket_going_count":"","_tribe_ticket_not_going_count":"","_tribe_tickets_list":"[]","_tribe_ticket_has_attendee_info_fields":false,"footnotes":"","_tec_slr_enabled":"","_tec_slr_layout":""},"class_list":["post-16276","page","type-page","status-publish","hentry"],"cmb2":{"yourprefix_rest_metabox":{"yourprefix_rest_text":""}},"ticketed":false,"_links":{"self":[{"href":"https:\/\/www.trampolino.ee\/fi\/wp-json\/wp\/v2\/pages\/16276","targetHints":{"allow":["GET"]}}],"collection":[{"href":"https:\/\/www.trampolino.ee\/fi\/wp-json\/wp\/v2\/pages"}],"about":[{"href":"https:\/\/www.trampolino.ee\/fi\/wp-json\/wp\/v2\/types\/page"}],"author":[{"embeddable":true,"href":"https:\/\/www.trampolino.ee\/fi\/wp-json\/wp\/v2\/users\/14"}],"replies":[{"embeddable":true,"href":"https:\/\/www.trampolino.ee\/fi\/wp-json\/wp\/v2\/comments?post=16276"}],"version-history":[{"count":0,"href":"https:\/\/www.trampolino.ee\/fi\/wp-json\/wp\/v2\/pages\/16276\/revisions"}],"up":[{"embeddable":true,"href":"https:\/\/www.trampolino.ee\/fi\/wp-json\/wp\/v2\/pages\/16255"}],"wp:attachment":[{"href":"https:\/\/www.trampolino.ee\/fi\/wp-json\/wp\/v2\/media?parent=16276"}],"curies":[{"name":"wp","href":"https:\/\/api.w.org\/{rel}","templated":true}]}}