{"id":16279,"date":"2025-01-11T00:00:19","date_gmt":"2025-01-10T22:00:19","guid":{"rendered":"https:\/\/www.trampolino.ee\/party-rooms\/vip-package\/"},"modified":"2026-03-19T19:28:51","modified_gmt":"2026-03-19T17:28:51","slug":"vip-paketti","status":"publish","type":"page","link":"https:\/\/www.trampolino.ee\/fi\/juhlatilat\/vip-paketti\/","title":{"rendered":"VIP-paketti"},"content":{"rendered":"\t\t<div data-elementor-type=\"wp-page\" data-elementor-id=\"16279\" class=\"elementor elementor-16279 elementor-6081\" data-elementor-post-type=\"page\">\n\t\t\t\t<div data-particle_enable=\"false\" data-particle-mobile-disabled=\"false\" class=\"elementor-element elementor-element-64dced72 e-flex e-con-boxed e-con e-parent\" data-id=\"64dced72\" data-element_type=\"container\" data-e-type=\"container\" data-settings=\"{&quot;background_background&quot;:&quot;classic&quot;,&quot;shape_divider_bottom&quot;:&quot;tilt&quot;}\">\n\t\t\t\t\t<div class=\"e-con-inner\">\n\t\t\t\t<div class=\"elementor-shape elementor-shape-bottom\" aria-hidden=\"true\" data-negative=\"false\">\n\t\t\t<svg xmlns=\"http:\/\/www.w3.org\/2000\/svg\" viewBox=\"0 0 1000 100\" preserveAspectRatio=\"none\">\n\t<path class=\"elementor-shape-fill\" d=\"M0,6V0h1000v100L0,6z\"\/>\n<\/svg>\t\t<\/div>\n\t\t<div data-particle_enable=\"false\" data-particle-mobile-disabled=\"false\" class=\"elementor-element elementor-element-70f86c03 e-con-full e-flex e-con e-child\" data-id=\"70f86c03\" data-element_type=\"container\" data-e-type=\"container\">\n\t\t<div data-particle_enable=\"false\" data-particle-mobile-disabled=\"false\" class=\"elementor-element elementor-element-61b1c83b e-con-full e-flex e-con e-child\" data-id=\"61b1c83b\" data-element_type=\"container\" data-e-type=\"container\">\n\t\t\t\t<div class=\"elementor-element elementor-element-8ff1d5c elementor-widget elementor-widget-image\" data-id=\"8ff1d5c\" data-element_type=\"widget\" data-e-type=\"widget\" data-widget_type=\"image.default\">\n\t\t\t\t\t\t\t\t\t\t\t\t\t\t\t<img decoding=\"async\" width=\"101\" height=\"101\" src=\"https:\/\/www.trampolino.ee\/wp-content\/uploads\/2025\/01\/Group-1848-1-1.png\" class=\"attachment-large size-large wp-image-16057\" alt=\"\" \/>\t\t\t\t\t\t\t\t\t\t\t\t\t\t\t<\/div>\n\t\t\t\t<div class=\"elementor-element elementor-element-8dc4b7a elementor-widget elementor-widget-heading\" data-id=\"8dc4b7a\" data-element_type=\"widget\" data-e-type=\"widget\" data-widget_type=\"heading.default\">\n\t\t\t\t\t<h1 class=\"elementor-heading-title elementor-size-default\">VIP-paketti<\/h1>\t\t\t\t<\/div>\n\t\t\t\t<\/div>\n\t\t\t\t<div class=\"elementor-element elementor-element-202fae85 elementor-widget elementor-widget-text-editor\" data-id=\"202fae85\" data-element_type=\"widget\" data-e-type=\"widget\" data-widget_type=\"text-editor.default\">\n\t\t\t\t\t\t\t\t\t<p>Laserhuone on erityinen! Huoneen himme\u00e4t neonvalot saavat syd\u00e4mesi hakkaamaan. T\u00e4\u00e4ll\u00e4 sinulla on tunne, ett\u00e4 jotain j\u00e4nnitt\u00e4v\u00e4\u00e4 on tapahtumassa. Ja niin tapahtuukin! Trampoliinialueella hauskanpidon lis\u00e4ksi voit pelata laserpeli\u00e4 yst\u00e4viesi kanssa.<\/p><p>Syntym\u00e4p\u00e4iv\u00e4huoneeseen mahtuu 15 vierasta ja laserpeliin 18 henkil\u00f6\u00e4 (ota yhteytt\u00e4, jos kiinnostuneita on enemm\u00e4n). Huoneessa on kaksi ruokap\u00f6yt\u00e4\u00e4 tuoleineen ja yksi korkeampi baarip\u00f6yt\u00e4, jonka takana voit esimerkiksi siemailla virkist\u00e4v\u00e4\u00e4 j\u00e4\u00e4juomaa jakkaroilla. Huoneessa on my\u00f6s Bluetooth-\u00e4\u00e4nikeskus musiikin kuunteluun.<\/p><p>Jos vieraita on enemm\u00e4n kuin huone sallii, jokaisesta lis\u00e4lapsesta veloitetaan 5 \u20ac per lapsi. Huoneessa on my\u00f6s astioita jopa 20 lapselle. Jos vieraita on enemm\u00e4n, lis\u00e4lasten kertak\u00e4ytt\u00f6astioita voi ostaa paikan p\u00e4\u00e4lt\u00e4 hintaan 2,5 \u20ac per lapsi. Hintaan sis\u00e4ltyy lautanen, aterimet ja juomamuki.<\/p><p>Pelaa niin monta peli\u00e4 kuin haluat 3 tunnin aikana. Mielest\u00e4mme nautinnollisinta on osallistua viiteen 10 minuutin peliin. Mutta sin\u00e4 p\u00e4\u00e4t\u00e4t!<\/p><p>Jos haluat tehd\u00e4 syntym\u00e4p\u00e4ivien j\u00e4rjest\u00e4misest\u00e4 itsellesi entist\u00e4 helpompaa, <a href=\"https:\/\/www.trampolino.ee\/fi\/ateriapalvelut\/\">tilaa herkullinen syntym\u00e4p\u00e4iv\u00e4p\u00f6yt\u00e4 kauttamme<\/a>. Valikoimasta l\u00f6ytyy lasten suosikkimakuja.<\/p><p>Haluatko lis\u00e4t\u00e4 juhliisi hieman lis\u00e4maustetta? <a href=\"https:\/\/www.trampolino.ee\/fi\/lisapalvelut\/\">Tutustu lis\u00e4palveluihimme<\/a>.<\/p>\t\t\t\t\t\t\t\t<\/div>\n\t\t\t\t<div class=\"elementor-element elementor-element-47ec2be0 elementor-hidden-mobile elementor-widget elementor-widget-button\" data-id=\"47ec2be0\" data-element_type=\"widget\" data-e-type=\"widget\" data-widget_type=\"button.default\">\n\t\t\t\t\t\t\t\t\t\t<a class=\"elementor-button elementor-button-link elementor-size-sm\" href=\"https:\/\/www.trampolino.ee\/fi\/varaus\/\">\n\t\t\t\t\t\t<span class=\"elementor-button-content-wrapper\">\n\t\t\t\t\t\t<span class=\"elementor-button-icon\">\n\t\t\t\t<i aria-hidden=\"true\" class=\"fas fa-arrow-right\"><\/i>\t\t\t<\/span>\n\t\t\t\t\t\t\t\t\t<span class=\"elementor-button-text\">Varaa t\u00e4m\u00e4 huone<\/span>\n\t\t\t\t\t<\/span>\n\t\t\t\t\t<\/a>\n\t\t\t\t\t\t\t\t<\/div>\n\t\t<div data-particle_enable=\"false\" data-particle-mobile-disabled=\"false\" class=\"elementor-element elementor-element-3aebf337 e-con-full e-flex e-con e-child\" data-id=\"3aebf337\" data-element_type=\"container\" data-e-type=\"container\">\n\t\t<div data-particle_enable=\"false\" data-particle-mobile-disabled=\"false\" class=\"elementor-element elementor-element-4c3bef34 e-con-full e-flex e-con e-child\" data-id=\"4c3bef34\" data-element_type=\"container\" data-e-type=\"container\">\n\t\t\t\t<div class=\"elementor-element elementor-element-af29b96 elementor-widget elementor-widget-text-editor\" data-id=\"af29b96\" data-element_type=\"widget\" data-e-type=\"widget\" data-widget_type=\"text-editor.default\">\n\t\t\t\t\t\t\t\t\t<p style=\"font-size: 24px;\">Kapasiteetti<\/p><p style=\"font-size: 24px;\"><strong style=\"font-size: 48px;\">15<\/strong><\/p>\t\t\t\t\t\t\t\t<\/div>\n\t\t\t\t<\/div>\n\t\t<div data-particle_enable=\"false\" data-particle-mobile-disabled=\"false\" class=\"elementor-element elementor-element-7df7b8cd e-con-full e-flex e-con e-child\" data-id=\"7df7b8cd\" data-element_type=\"container\" data-e-type=\"container\">\n\t\t\t\t<div class=\"elementor-element elementor-element-21894057 elementor-widget elementor-widget-text-editor\" data-id=\"21894057\" data-element_type=\"widget\" data-e-type=\"widget\" data-widget_type=\"text-editor.default\">\n\t\t\t\t\t\t\t\t\t<p style=\"font-size: 24px;\">Hinta<\/p><p>Ma-Su 10:00 &#8211; 21:00<\/p><p><strong style=\"font-size: 32px;\">3h\/449\u20ac<\/strong><\/p><p>100 \u20ac jokaista ylitetty\u00e4 puolta tuntia kohden<\/p>\t\t\t\t\t\t\t\t<\/div>\n\t\t\t\t<\/div>\n\t\t\t\t<\/div>\n\t\t\t\t<\/div>\n\t\t<div data-particle_enable=\"false\" data-particle-mobile-disabled=\"false\" class=\"elementor-element elementor-element-1ec5c967 e-con-full e-flex e-con e-child\" data-id=\"1ec5c967\" data-element_type=\"container\" data-e-type=\"container\">\n\t\t<div data-particle_enable=\"false\" data-particle-mobile-disabled=\"false\" class=\"elementor-element elementor-element-460a3e7f e-con-full e-flex e-con e-child\" data-id=\"460a3e7f\" data-element_type=\"container\" data-e-type=\"container\">\n\t\t\t\t<div class=\"elementor-element elementor-element-e5a5899 elementor-widget elementor-widget-image\" data-id=\"e5a5899\" data-element_type=\"widget\" data-e-type=\"widget\" data-widget_type=\"image.default\">\n\t\t\t\t\t\t\t\t\t\t\t\t\t\t\t<img fetchpriority=\"high\" decoding=\"async\" width=\"800\" height=\"534\" src=\"https:\/\/www.trampolino.ee\/wp-content\/uploads\/2025\/01\/Trampolino-sunnipaevatoad18-scaled-1-1-1024x683.jpg\" class=\"attachment-large size-large wp-image-7686\" alt=\"\" srcset=\"https:\/\/www.trampolino.ee\/wp-content\/uploads\/2025\/01\/Trampolino-sunnipaevatoad18-scaled-1-1-1024x683.jpg 1024w, https:\/\/www.trampolino.ee\/wp-content\/uploads\/2025\/01\/Trampolino-sunnipaevatoad18-scaled-1-1-300x200.jpg 300w, https:\/\/www.trampolino.ee\/wp-content\/uploads\/2025\/01\/Trampolino-sunnipaevatoad18-scaled-1-1-768x512.jpg 768w, https:\/\/www.trampolino.ee\/wp-content\/uploads\/2025\/01\/Trampolino-sunnipaevatoad18-scaled-1-1-1536x1024.jpg 1536w, https:\/\/www.trampolino.ee\/wp-content\/uploads\/2025\/01\/Trampolino-sunnipaevatoad18-scaled-1-1-2048x1366.jpg 2048w, https:\/\/www.trampolino.ee\/wp-content\/uploads\/2025\/01\/Trampolino-sunnipaevatoad18-scaled-1-1-600x400.jpg 600w\" sizes=\"(max-width: 800px) 100vw, 800px\" \/>\t\t\t\t\t\t\t\t\t\t\t\t\t\t\t<\/div>\n\t\t\t\t<\/div>\n\t\t<div data-particle_enable=\"false\" data-particle-mobile-disabled=\"false\" class=\"elementor-element elementor-element-651aa329 e-con-full e-flex e-con e-child\" data-id=\"651aa329\" data-element_type=\"container\" data-e-type=\"container\">\n\t\t\t\t<div class=\"elementor-element elementor-element-6ab4e41 elementor-mobile-align-justify elementor-widget-mobile__width-inherit elementor-hidden-desktop elementor-hidden-tablet elementor-widget elementor-widget-button\" data-id=\"6ab4e41\" data-element_type=\"widget\" data-e-type=\"widget\" data-widget_type=\"button.default\">\n\t\t\t\t\t\t\t\t\t\t<a class=\"elementor-button elementor-button-link elementor-size-sm\" href=\"https:\/\/www.trampolino.ee\/fi\/varaus\/\">\n\t\t\t\t\t\t<span class=\"elementor-button-content-wrapper\">\n\t\t\t\t\t\t<span class=\"elementor-button-icon\">\n\t\t\t\t<i aria-hidden=\"true\" class=\"fas fa-arrow-right\"><\/i>\t\t\t<\/span>\n\t\t\t\t\t\t\t\t\t<span class=\"elementor-button-text\">Varaa t\u00e4m\u00e4 huone<\/span>\n\t\t\t\t\t<\/span>\n\t\t\t\t\t<\/a>\n\t\t\t\t\t\t\t\t<\/div>\n\t\t<div data-particle_enable=\"false\" data-particle-mobile-disabled=\"false\" class=\"elementor-element elementor-element-3fef0bf2 e-con-full elementor-hidden-mobile e-flex e-con e-child\" data-id=\"3fef0bf2\" data-element_type=\"container\" data-e-type=\"container\">\n\t\t\t\t<div class=\"elementor-element elementor-element-ece5769 elementor-widget elementor-widget-image\" data-id=\"ece5769\" data-element_type=\"widget\" data-e-type=\"widget\" data-widget_type=\"image.default\">\n\t\t\t\t\t\t\t\t\t\t\t\t\t\t\t<img decoding=\"async\" width=\"681\" height=\"1024\" src=\"https:\/\/www.trampolino.ee\/wp-content\/uploads\/2025\/01\/Lasertag_12_1-2-681x1024.jpg\" class=\"attachment-large size-large wp-image-16442\" alt=\"\" srcset=\"https:\/\/www.trampolino.ee\/wp-content\/uploads\/2025\/01\/Lasertag_12_1-2-681x1024.jpg 681w, https:\/\/www.trampolino.ee\/wp-content\/uploads\/2025\/01\/Lasertag_12_1-2-200x300.jpg 200w, https:\/\/www.trampolino.ee\/wp-content\/uploads\/2025\/01\/Lasertag_12_1-2-768x1154.jpg 768w, https:\/\/www.trampolino.ee\/wp-content\/uploads\/2025\/01\/Lasertag_12_1-2-600x902.jpg 600w, https:\/\/www.trampolino.ee\/wp-content\/uploads\/2025\/01\/Lasertag_12_1-2.jpg 998w\" sizes=\"(max-width: 681px) 100vw, 681px\" \/>\t\t\t\t\t\t\t\t\t\t\t\t\t\t\t<\/div>\n\t\t\t\t<\/div>\n\t\t<div data-particle_enable=\"false\" data-particle-mobile-disabled=\"false\" class=\"elementor-element elementor-element-26fcbbc9 e-con-full elementor-hidden-mobile e-flex e-con e-child\" data-id=\"26fcbbc9\" data-element_type=\"container\" data-e-type=\"container\">\n\t\t\t\t<div class=\"elementor-element elementor-element-a8f0e86 elementor-widget elementor-widget-image\" data-id=\"a8f0e86\" data-element_type=\"widget\" data-e-type=\"widget\" data-widget_type=\"image.default\">\n\t\t\t\t\t\t\t\t\t\t\t\t\t\t\t<img loading=\"lazy\" decoding=\"async\" width=\"800\" height=\"532\" src=\"https:\/\/www.trampolino.ee\/wp-content\/uploads\/2025\/01\/Lasertag_11_1-2-1024x681.jpg\" class=\"attachment-large size-large wp-image-16431\" alt=\"\" srcset=\"https:\/\/www.trampolino.ee\/wp-content\/uploads\/2025\/01\/Lasertag_11_1-2-1024x681.jpg 1024w, https:\/\/www.trampolino.ee\/wp-content\/uploads\/2025\/01\/Lasertag_11_1-2-300x200.jpg 300w, https:\/\/www.trampolino.ee\/wp-content\/uploads\/2025\/01\/Lasertag_11_1-2-768x511.jpg 768w, https:\/\/www.trampolino.ee\/wp-content\/uploads\/2025\/01\/Lasertag_11_1-2-600x399.jpg 600w, https:\/\/www.trampolino.ee\/wp-content\/uploads\/2025\/01\/Lasertag_11_1-2.jpg 1500w\" sizes=\"(max-width: 800px) 100vw, 800px\" \/>\t\t\t\t\t\t\t\t\t\t\t\t\t\t\t<\/div>\n\t\t\t\t<\/div>\n\t\t\t\t<\/div>\n\t\t\t\t<\/div>\n\t\t\t\t\t<\/div>\n\t\t\t\t<\/div>\n\t\t<div data-particle_enable=\"false\" data-particle-mobile-disabled=\"false\" class=\"elementor-element elementor-element-2cad8604 e-flex e-con-boxed e-con e-parent\" data-id=\"2cad8604\" data-element_type=\"container\" data-e-type=\"container\" data-settings=\"{&quot;background_background&quot;:&quot;classic&quot;}\">\n\t\t\t\t\t<div class=\"e-con-inner\">\n\t\t<div data-particle_enable=\"false\" data-particle-mobile-disabled=\"false\" class=\"elementor-element elementor-element-37690a7d e-con-full e-flex e-con e-child\" data-id=\"37690a7d\" data-element_type=\"container\" data-e-type=\"container\">\n\t\t\t\t<div class=\"elementor-element elementor-element-f4c1d10 elementor-widget elementor-widget-image\" data-id=\"f4c1d10\" data-element_type=\"widget\" data-e-type=\"widget\" data-widget_type=\"image.default\">\n\t\t\t\t\t\t\t\t\t\t\t\t\t\t\t<img loading=\"lazy\" decoding=\"async\" width=\"100\" height=\"100\" src=\"https:\/\/www.trampolino.ee\/wp-content\/uploads\/2025\/01\/Group-1848_1-1.png\" class=\"attachment-large size-large wp-image-16063\" alt=\"\" \/>\t\t\t\t\t\t\t\t\t\t\t\t\t\t\t<\/div>\n\t\t\t\t<div class=\"elementor-element elementor-element-c92622f elementor-widget elementor-widget-heading\" data-id=\"c92622f\" data-element_type=\"widget\" data-e-type=\"widget\" data-widget_type=\"heading.default\">\n\t\t\t\t\t<h2 class=\"elementor-heading-title elementor-size-default\">Galleria<\/h2>\t\t\t\t<\/div>\n\t\t\t\t<\/div>\n\t\t\t\t\t<\/div>\n\t\t\t\t<\/div>\n\t\t<div data-particle_enable=\"false\" data-particle-mobile-disabled=\"false\" class=\"elementor-element elementor-element-6ac17a0a e-flex e-con-boxed e-con e-parent\" data-id=\"6ac17a0a\" data-element_type=\"container\" data-e-type=\"container\" data-settings=\"{&quot;background_background&quot;:&quot;classic&quot;}\">\n\t\t\t\t\t<div class=\"e-con-inner\">\n\t\t\t\t<div class=\"elementor-element elementor-element-56d4dcda elementor-widget elementor-widget-gallery\" data-id=\"56d4dcda\" data-element_type=\"widget\" data-e-type=\"widget\" data-settings=\"{&quot;columns&quot;:3,&quot;gap&quot;:{&quot;unit&quot;:&quot;px&quot;,&quot;size&quot;:15,&quot;sizes&quot;:[]},&quot;lazyload&quot;:&quot;yes&quot;,&quot;gallery_layout&quot;:&quot;grid&quot;,&quot;columns_tablet&quot;:2,&quot;columns_mobile&quot;:1,&quot;gap_tablet&quot;:{&quot;unit&quot;:&quot;px&quot;,&quot;size&quot;:10,&quot;sizes&quot;:[]},&quot;gap_mobile&quot;:{&quot;unit&quot;:&quot;px&quot;,&quot;size&quot;:10,&quot;sizes&quot;:[]},&quot;link_to&quot;:&quot;file&quot;,&quot;aspect_ratio&quot;:&quot;3:2&quot;,&quot;overlay_background&quot;:&quot;yes&quot;,&quot;content_hover_animation&quot;:&quot;fade-in&quot;}\" data-widget_type=\"gallery.default\">\n\t\t\t\t\t\t\t<div class=\"elementor-gallery__container\">\r\n\t\t\t\t\t\t\t<a class=\"e-gallery-item elementor-gallery-item elementor-animated-content\" href=\"https:\/\/www.trampolino.ee\/wp-content\/uploads\/2025\/01\/RR090924-14-scaled-1-1.jpg\" data-elementor-open-lightbox=\"yes\" data-elementor-lightbox-slideshow=\"56d4dcda\" data-e-action-hash=\"#elementor-action%3Aaction%3Dlightbox%26settings%3DeyJpZCI6NzY5MiwidXJsIjoiaHR0cHM6XC9cL3d3dy50cmFtcG9saW5vLmVlXC93cC1jb250ZW50XC91cGxvYWRzXC8yMDI1XC8wMVwvUlIwOTA5MjQtMTQtc2NhbGVkLTEtMS5qcGciLCJzbGlkZXNob3ciOiI1NmQ0ZGNkYSJ9\">\r\n\t\t\t\t\t<div class=\"e-gallery-image elementor-gallery-item__image\" data-thumbnail=\"https:\/\/www.trampolino.ee\/wp-content\/uploads\/2025\/01\/RR090924-14-scaled-1-1-1024x768.jpg\" data-width=\"800\" data-height=\"600\" aria-label=\"\" role=\"img\" ><\/div>\r\n\t\t\t\t\t\t\t\t\t\t\t<div class=\"elementor-gallery-item__overlay\"><\/div>\r\n\t\t\t\t\t\t\t\t\t\t\t\t\t\t<\/a>\r\n\t\t\t\t\t\t\t<a class=\"e-gallery-item elementor-gallery-item elementor-animated-content\" href=\"https:\/\/www.trampolino.ee\/wp-content\/uploads\/2025\/01\/RR090924-16-scaled-1-1.jpg\" data-elementor-open-lightbox=\"yes\" data-elementor-lightbox-slideshow=\"56d4dcda\" data-e-action-hash=\"#elementor-action%3Aaction%3Dlightbox%26settings%3DeyJpZCI6NzY5NCwidXJsIjoiaHR0cHM6XC9cL3d3dy50cmFtcG9saW5vLmVlXC93cC1jb250ZW50XC91cGxvYWRzXC8yMDI1XC8wMVwvUlIwOTA5MjQtMTYtc2NhbGVkLTEtMS5qcGciLCJzbGlkZXNob3ciOiI1NmQ0ZGNkYSJ9\">\r\n\t\t\t\t\t<div class=\"e-gallery-image elementor-gallery-item__image\" data-thumbnail=\"https:\/\/www.trampolino.ee\/wp-content\/uploads\/2025\/01\/RR090924-16-scaled-1-1-1024x768.jpg\" data-width=\"800\" data-height=\"600\" aria-label=\"\" role=\"img\" ><\/div>\r\n\t\t\t\t\t\t\t\t\t\t\t<div class=\"elementor-gallery-item__overlay\"><\/div>\r\n\t\t\t\t\t\t\t\t\t\t\t\t\t\t<\/a>\r\n\t\t\t\t\t\t\t<a class=\"e-gallery-item elementor-gallery-item elementor-animated-content\" href=\"https:\/\/www.trampolino.ee\/wp-content\/uploads\/2025\/01\/RR090924-17-scaled-1-1.jpg\" data-elementor-open-lightbox=\"yes\" data-elementor-lightbox-slideshow=\"56d4dcda\" data-e-action-hash=\"#elementor-action%3Aaction%3Dlightbox%26settings%3DeyJpZCI6NzY5NiwidXJsIjoiaHR0cHM6XC9cL3d3dy50cmFtcG9saW5vLmVlXC93cC1jb250ZW50XC91cGxvYWRzXC8yMDI1XC8wMVwvUlIwOTA5MjQtMTctc2NhbGVkLTEtMS5qcGciLCJzbGlkZXNob3ciOiI1NmQ0ZGNkYSJ9\">\r\n\t\t\t\t\t<div class=\"e-gallery-image elementor-gallery-item__image\" data-thumbnail=\"https:\/\/www.trampolino.ee\/wp-content\/uploads\/2025\/01\/RR090924-17-scaled-1-1-1024x768.jpg\" data-width=\"800\" data-height=\"600\" aria-label=\"\" role=\"img\" ><\/div>\r\n\t\t\t\t\t\t\t\t\t\t\t<div class=\"elementor-gallery-item__overlay\"><\/div>\r\n\t\t\t\t\t\t\t\t\t\t\t\t\t\t<\/a>\r\n\t\t\t\t\t\t\t<a class=\"e-gallery-item elementor-gallery-item elementor-animated-content\" href=\"https:\/\/www.trampolino.ee\/wp-content\/uploads\/2025\/01\/DSC_0508-1-scaled-1-1.jpg\" data-elementor-open-lightbox=\"yes\" data-elementor-lightbox-slideshow=\"56d4dcda\" data-e-action-hash=\"#elementor-action%3Aaction%3Dlightbox%26settings%3DeyJpZCI6NzY5OCwidXJsIjoiaHR0cHM6XC9cL3d3dy50cmFtcG9saW5vLmVlXC93cC1jb250ZW50XC91cGxvYWRzXC8yMDI1XC8wMVwvRFNDXzA1MDgtMS1zY2FsZWQtMS0xLmpwZyIsInNsaWRlc2hvdyI6IjU2ZDRkY2RhIn0%3D\">\r\n\t\t\t\t\t<div class=\"e-gallery-image elementor-gallery-item__image\" data-thumbnail=\"https:\/\/www.trampolino.ee\/wp-content\/uploads\/2025\/01\/DSC_0508-1-scaled-1-1-683x1024.jpg\" data-width=\"683\" data-height=\"1024\" aria-label=\"\" role=\"img\" ><\/div>\r\n\t\t\t\t\t\t\t\t\t\t\t<div class=\"elementor-gallery-item__overlay\"><\/div>\r\n\t\t\t\t\t\t\t\t\t\t\t\t\t\t<\/a>\r\n\t\t\t\t\t\t\t<a class=\"e-gallery-item elementor-gallery-item elementor-animated-content\" href=\"https:\/\/www.trampolino.ee\/wp-content\/uploads\/2025\/01\/Trampolino-sunnipaevatoad14-1-scaled-1-1.jpg\" data-elementor-open-lightbox=\"yes\" data-elementor-lightbox-slideshow=\"56d4dcda\" data-e-action-hash=\"#elementor-action%3Aaction%3Dlightbox%26settings%3DeyJpZCI6NzcwMCwidXJsIjoiaHR0cHM6XC9cL3d3dy50cmFtcG9saW5vLmVlXC93cC1jb250ZW50XC91cGxvYWRzXC8yMDI1XC8wMVwvVHJhbXBvbGluby1zdW5uaXBhZXZhdG9hZDE0LTEtc2NhbGVkLTEtMS5qcGciLCJzbGlkZXNob3ciOiI1NmQ0ZGNkYSJ9\">\r\n\t\t\t\t\t<div class=\"e-gallery-image elementor-gallery-item__image\" data-thumbnail=\"https:\/\/www.trampolino.ee\/wp-content\/uploads\/2025\/01\/Trampolino-sunnipaevatoad14-1-scaled-1-1-1024x683.jpg\" data-width=\"800\" data-height=\"534\" aria-label=\"\" role=\"img\" ><\/div>\r\n\t\t\t\t\t\t\t\t\t\t\t<div class=\"elementor-gallery-item__overlay\"><\/div>\r\n\t\t\t\t\t\t\t\t\t\t\t\t\t\t<\/a>\r\n\t\t\t\t\t<\/div>\r\n\t\t\t\t\t<\/div>\n\t\t\t\t\t<\/div>\n\t\t\t\t<\/div>\n\t\t\t\t<\/div>\n\t\t","protected":false},"excerpt":{"rendered":"<p>VIP-paketti Laserhuone on erityinen! Huoneen himme\u00e4t neonvalot saavat syd\u00e4mesi hakkaamaan. T\u00e4\u00e4ll\u00e4 sinulla on tunne, ett\u00e4 jotain j\u00e4nnitt\u00e4v\u00e4\u00e4 on tapahtumassa. Ja niin tapahtuukin! Trampoliinialueella hauskanpidon lis\u00e4ksi voit pelata laserpeli\u00e4 yst\u00e4viesi kanssa. [&hellip;]<\/p>\n","protected":false},"author":14,"featured_media":0,"parent":16255,"menu_order":0,"comment_status":"closed","ping_status":"closed","template":"","meta":{"_price":"","_stock":"","_tribe_ticket_header":"","_tribe_default_ticket_provider":"","_tribe_ticket_capacity":"0","_ticket_start_date":"","_ticket_end_date":"","_tribe_ticket_show_description":"","_tribe_ticket_show_not_going":false,"_tribe_ticket_use_global_stock":"","_tribe_ticket_global_stock_level":"","_global_stock_mode":"","_global_stock_cap":"","_tribe_rsvp_for_event":"","_tribe_ticket_going_count":"","_tribe_ticket_not_going_count":"","_tribe_tickets_list":"[]","_tribe_ticket_has_attendee_info_fields":false,"footnotes":"","_tec_slr_enabled":"","_tec_slr_layout":""},"class_list":["post-16279","page","type-page","status-publish","hentry"],"cmb2":{"yourprefix_rest_metabox":{"yourprefix_rest_text":""}},"ticketed":false,"_links":{"self":[{"href":"https:\/\/www.trampolino.ee\/fi\/wp-json\/wp\/v2\/pages\/16279","targetHints":{"allow":["GET"]}}],"collection":[{"href":"https:\/\/www.trampolino.ee\/fi\/wp-json\/wp\/v2\/pages"}],"about":[{"href":"https:\/\/www.trampolino.ee\/fi\/wp-json\/wp\/v2\/types\/page"}],"author":[{"embeddable":true,"href":"https:\/\/www.trampolino.ee\/fi\/wp-json\/wp\/v2\/users\/14"}],"replies":[{"embeddable":true,"href":"https:\/\/www.trampolino.ee\/fi\/wp-json\/wp\/v2\/comments?post=16279"}],"version-history":[{"count":0,"href":"https:\/\/www.trampolino.ee\/fi\/wp-json\/wp\/v2\/pages\/16279\/revisions"}],"up":[{"embeddable":true,"href":"https:\/\/www.trampolino.ee\/fi\/wp-json\/wp\/v2\/pages\/16255"}],"wp:attachment":[{"href":"https:\/\/www.trampolino.ee\/fi\/wp-json\/wp\/v2\/media?parent=16279"}],"curies":[{"name":"wp","href":"https:\/\/api.w.org\/{rel}","templated":true}]}}