{"id":16289,"date":"2025-01-11T00:00:17","date_gmt":"2025-01-10T22:00:17","guid":{"rendered":"https:\/\/www.trampolino.ee\/privacy-policy\/"},"modified":"2026-03-19T19:45:46","modified_gmt":"2026-03-19T17:45:46","slug":"tietosuojakaytanto","status":"publish","type":"page","link":"https:\/\/www.trampolino.ee\/fi\/tietosuojakaytanto\/","title":{"rendered":"Tietosuojak\u00e4yt\u00e4nt\u00f6"},"content":{"rendered":"\t\t<div data-elementor-type=\"wp-page\" data-elementor-id=\"16289\" class=\"elementor elementor-16289 elementor-6048\" data-elementor-post-type=\"page\">\n\t\t\t\t<div data-particle_enable=\"false\" data-particle-mobile-disabled=\"false\" class=\"elementor-element elementor-element-68f1dde1 e-flex e-con-boxed e-con e-parent\" data-id=\"68f1dde1\" data-element_type=\"container\" data-e-type=\"container\">\n\t\t\t\t\t<div class=\"e-con-inner\">\n\t\t\t\t<div class=\"elementor-element elementor-element-27166b0e elementor-widget elementor-widget-text-editor\" data-id=\"27166b0e\" data-element_type=\"widget\" data-e-type=\"widget\" data-widget_type=\"text-editor.default\">\n\t\t\t\t\t\t\t\t\t<p><strong>HENKIL\u00d6TIETOJEN K\u00c4SITTELY<\/strong><\/p><p>Trampolino-verkkokaupan henkil\u00f6tietojen rekisterinpit\u00e4j\u00e4 on Reds O\u00dc (rekisterinumero 12106028), osoitteessa P\u00e4rnu mnt 139d, 11317 Tallinna, puh. +372 5376 5555 ja s\u00e4hk\u00f6postiosoite info@trampolino.ee.<\/p><p><strong>MIT\u00c4 HENKIL\u00d6TIETOJA K\u00c4SITELL\u00c4\u00c4N<\/strong><\/p><p>\u2212 nimi, puhelinnumero ja s\u00e4hk\u00f6postiosoite;<br \/>\u2212 tavaroiden ja palveluiden hinta sek\u00e4 maksuun liittyv\u00e4t tiedot (ostohistoria);<br \/>\u2212 asiakastuen tiedot.<\/p><p><strong>MIHIN HENKIL\u00d6TIETOJA K\u00c4SITELL\u00c4\u00c4N<\/strong><\/p><p>Henkil\u00f6tietoja k\u00e4ytet\u00e4\u00e4n asiakastilausten hallintaan. Ostohistoriatietoja (ostop\u00e4iv\u00e4m\u00e4\u00e4r\u00e4, tuote, m\u00e4\u00e4r\u00e4, asiakastiedot) k\u00e4ytet\u00e4\u00e4n ostettujen tavaroiden ja palveluiden yleiskatsauksen laatimiseen ja asiakasmieltymysten analysointiin. Henkil\u00f6tietoja, kuten s\u00e4hk\u00f6postiosoite, puhelinnumero ja asiakkaan nimi, k\u00e4sitell\u00e4\u00e4n tavaroiden ja palveluiden toimittamiseen liittyvien ongelmien ratkaisemiseksi (asiakastuki). Verkkokaupan k\u00e4ytt\u00e4j\u00e4n IP-osoitetta tai muita verkkotunnisteita k\u00e4sitell\u00e4\u00e4n verkkokaupan tarjoamiseksi tietoyhteiskunnan palveluna ja verkkosivuston k\u00e4ytt\u00f6tilastojen laatimiseksi.<\/p><p><strong>OIKEUSPERUSTA<\/strong><\/p><p>Henkil\u00f6tietojen k\u00e4sittely suoritetaan asiakkaan kanssa tehdyn sopimuksen t\u00e4yt\u00e4nt\u00f6\u00f6n panemiseksi. Henkil\u00f6tietojen k\u00e4sittely suoritetaan lakis\u00e4\u00e4teisen velvoitteen t\u00e4ytt\u00e4miseksi (esim. kirjanpito ja kuluttajariitojen ratkaiseminen).<\/p><p><strong>VASTAANOTTAJAT, JOLLE HENKIL\u00d6TIEDOT SIIRRET\u00c4\u00c4N<\/strong><\/p><p>Henkil\u00f6tietoja siirret\u00e4\u00e4n verkkokaupan asiakastukeen ostosten ja ostohistorian hallinnoimiseksi sek\u00e4 asiakasongelmien ratkaisemiseksi.<\/p><p><strong>TURVALLISUUS JA TIETOJEN P\u00c4\u00c4SY<\/strong><\/p><p>Henkil\u00f6tietoja s\u00e4ilytet\u00e4\u00e4n Reds O\u00dc:n palvelimilla, jotka sijaitsevat Euroopan unionin j\u00e4senvaltiossa tai Euroopan talousalueeseen liittyneess\u00e4 maassa. Tietoja voidaan siirt\u00e4\u00e4 maihin, joiden tietosuojan taso on Euroopan komission toimesta arvioitu riitt\u00e4v\u00e4ksi, sek\u00e4 yhdysvaltalaisille yrityksille, jotka ovat liittyneet Privacy Shield -j\u00e4rjestelm\u00e4\u00e4n. Verkkokaupan ty\u00f6ntekij\u00f6ill\u00e4 on p\u00e4\u00e4sy henkil\u00f6tietoihin, ja he voivat tarkastella henkil\u00f6tietoja ratkaistakseen verkkokaupan k\u00e4ytt\u00f6\u00f6n liittyvi\u00e4 teknisi\u00e4 ongelmia ja tarjotakseen asiakaspalvelua. Verkkokauppa toteuttaa asianmukaiset fyysiset, organisatoriset ja IT-turvatoimenpiteet suojatakseen henkil\u00f6tietoja vahingossa tapahtuvalta tai laittomalta tuhoutumiselta, katoamiselta, muuttamiselta tai luvattomalta k\u00e4yt\u00f6lt\u00e4 ja luovuttamiselta. Henkil\u00f6tietojen siirto verkkokaupan valtuutetuille k\u00e4sittelij\u00f6ille (esim. tietojen yll\u00e4pito) tapahtuu verkkokaupan ja valtuutettujen k\u00e4sittelij\u00f6iden kanssa tehtyjen sopimusten perusteella. Valtuutetut k\u00e4sittelij\u00e4t ovat velvollisia varmistamaan asianmukaiset suojatoimenpiteet henkil\u00f6tietoja k\u00e4sitelless\u00e4\u00e4n.<\/p><p><strong>SUOSTUMUKSEN PERUUTTAMINEN<\/strong><\/p><p>Jos henkil\u00f6tietojen k\u00e4sittely perustuu asiakkaan suostumukseen, asiakkaalla on oikeus peruuttaa suostumus ilmoittamalla siit\u00e4 asiakastukeen s\u00e4hk\u00f6postitse.<\/p><p><strong>TALLENNUS<\/strong><\/p><p>Verkkokaupan asiakastilin sulkemisen yhteydess\u00e4 henkil\u00f6tiedot poistetaan, ellei tietoja ole tarpeen s\u00e4ilytt\u00e4\u00e4 kirjanpitotarkoituksiin tai kuluttajariitojen ratkaisemiseksi. Jos verkkokaupassa tehd\u00e4\u00e4n ostos ilman asiakastili\u00e4, ostohistoriaa s\u00e4ilytet\u00e4\u00e4n kolme vuotta. Maksuihin ja kuluttajariitoihin liittyviss\u00e4 riitatilanteissa henkil\u00f6tietoja s\u00e4ilytet\u00e4\u00e4n, kunnes vaatimus on t\u00e4ytetty tai vanhentumisajan p\u00e4\u00e4ttymiseen asti. Kirjanpitoon tarvittavia henkil\u00f6tietoja s\u00e4ilytet\u00e4\u00e4n seitsem\u00e4n vuotta.<\/p><p><strong>POISTAMINEN<\/strong><\/p><p>Henkil\u00f6tietojen poistamiseksi sinun on otettava yhteytt\u00e4 asiakastukeen s\u00e4hk\u00f6postitse. Poistopyynt\u00f6\u00f6n vastataan viimeist\u00e4\u00e4n kuukauden kuluessa, ja tietojen poistamisen aika m\u00e4\u00e4ritell\u00e4\u00e4n.<\/p><p><strong>SIIRTO<\/strong><\/p><p>S\u00e4hk\u00f6postitse l\u00e4hetettyyn henkil\u00f6tietojen siirtopyynt\u00f6\u00f6n vastataan viimeist\u00e4\u00e4n kuukauden kuluessa. Asiakastuki tarkistaa henkil\u00f6n henkil\u00f6llisyyden ja ilmoittaa siirrett\u00e4vist\u00e4 henkil\u00f6tiedoista.<\/p><p><strong>SUORAMARKKINOINTIVIESTIT<\/strong><\/p><p>S\u00e4hk\u00f6postiosoitetta ja puhelinnumeroa k\u00e4ytet\u00e4\u00e4n suoramarkkinointiviestien l\u00e4hett\u00e4miseen, jos asiakas on antanut siihen suostumuksensa. Jos asiakas ei halua vastaanottaa suoramarkkinointiviestej\u00e4, h\u00e4nen on valittava s\u00e4hk\u00f6postin alatunnisteessa oleva linkki tai otettava yhteytt\u00e4 asiakastukeen. Jos henkil\u00f6tietoja k\u00e4sitell\u00e4\u00e4n suoramarkkinointitarkoituksiin (profilointi), asiakkaalla on oikeus milloin tahansa vastustaa henkil\u00f6tietojensa alkuper\u00e4ist\u00e4 ja jatkok\u00e4sittely\u00e4, mukaan lukien suoramarkkinointiin liittyv\u00e4\u00e4 profilointia, ilmoittamalla siit\u00e4 asiakastukeen s\u00e4hk\u00f6postitse (asiaankuuluvat tiedot on annettava selke\u00e4sti ja erill\u00e4\u00e4n muista tiedoista).<\/p><p><strong>RIITOJEN RATKAISU<\/strong><\/p><p>Henkil\u00f6tietojen k\u00e4sittelyyn liittyv\u00e4t riidat ratkaistaan \u200b\u200basiakastuen kautta (YHTEYSTIEDOT). Valvontaviranomainen on Viron tietosuojaviranomainen (info@aki.ee).<\/p>\t\t\t\t\t\t\t\t<\/div>\n\t\t\t\t\t<\/div>\n\t\t\t\t<\/div>\n\t\t\t\t<\/div>\n\t\t","protected":false},"excerpt":{"rendered":"<p>HENKIL\u00d6TIETOJEN K\u00c4SITTELY Trampolino-verkkokaupan henkil\u00f6tietojen rekisterinpit\u00e4j\u00e4 on Reds O\u00dc (rekisterinumero 12106028), osoitteessa P\u00e4rnu mnt 139d, 11317 Tallinna, puh. +372 5376 5555 ja s\u00e4hk\u00f6postiosoite info@trampolino.ee. MIT\u00c4 HENKIL\u00d6TIETOJA K\u00c4SITELL\u00c4\u00c4N \u2212 nimi, puhelinnumero ja [&hellip;]<\/p>\n","protected":false},"author":14,"featured_media":0,"parent":0,"menu_order":0,"comment_status":"closed","ping_status":"closed","template":"","meta":{"_price":"","_stock":"","_tribe_ticket_header":"","_tribe_default_ticket_provider":"","_tribe_ticket_capacity":"0","_ticket_start_date":"","_ticket_end_date":"","_tribe_ticket_show_description":"","_tribe_ticket_show_not_going":false,"_tribe_ticket_use_global_stock":"","_tribe_ticket_global_stock_level":"","_global_stock_mode":"","_global_stock_cap":"","_tribe_rsvp_for_event":"","_tribe_ticket_going_count":"","_tribe_ticket_not_going_count":"","_tribe_tickets_list":"[]","_tribe_ticket_has_attendee_info_fields":false,"footnotes":"","_tec_slr_enabled":"","_tec_slr_layout":""},"class_list":["post-16289","page","type-page","status-publish","hentry"],"cmb2":{"yourprefix_rest_metabox":{"yourprefix_rest_text":""}},"ticketed":false,"_links":{"self":[{"href":"https:\/\/www.trampolino.ee\/fi\/wp-json\/wp\/v2\/pages\/16289","targetHints":{"allow":["GET"]}}],"collection":[{"href":"https:\/\/www.trampolino.ee\/fi\/wp-json\/wp\/v2\/pages"}],"about":[{"href":"https:\/\/www.trampolino.ee\/fi\/wp-json\/wp\/v2\/types\/page"}],"author":[{"embeddable":true,"href":"https:\/\/www.trampolino.ee\/fi\/wp-json\/wp\/v2\/users\/14"}],"replies":[{"embeddable":true,"href":"https:\/\/www.trampolino.ee\/fi\/wp-json\/wp\/v2\/comments?post=16289"}],"version-history":[{"count":0,"href":"https:\/\/www.trampolino.ee\/fi\/wp-json\/wp\/v2\/pages\/16289\/revisions"}],"wp:attachment":[{"href":"https:\/\/www.trampolino.ee\/fi\/wp-json\/wp\/v2\/media?parent=16289"}],"curies":[{"name":"wp","href":"https:\/\/api.w.org\/{rel}","templated":true}]}}