{"id":16292,"date":"2025-02-26T14:56:16","date_gmt":"2025-02-26T12:56:16","guid":{"rendered":"https:\/\/www.trampolino.ee\/super-vip-package\/"},"modified":"2026-03-19T19:47:18","modified_gmt":"2026-03-19T17:47:18","slug":"super-vip-paketti","status":"publish","type":"page","link":"https:\/\/www.trampolino.ee\/fi\/super-vip-paketti\/","title":{"rendered":"Super VIP-paketti"},"content":{"rendered":"\t\t<div data-elementor-type=\"wp-page\" data-elementor-id=\"16292\" class=\"elementor elementor-16292 elementor-8984\" data-elementor-post-type=\"page\">\n\t\t\t\t<div data-particle_enable=\"false\" data-particle-mobile-disabled=\"false\" class=\"elementor-element elementor-element-53729129 e-flex e-con-boxed e-con e-parent\" data-id=\"53729129\" data-element_type=\"container\" data-e-type=\"container\" data-settings=\"{&quot;background_background&quot;:&quot;classic&quot;,&quot;shape_divider_bottom&quot;:&quot;tilt&quot;}\">\n\t\t\t\t\t<div class=\"e-con-inner\">\n\t\t\t\t<div class=\"elementor-shape elementor-shape-bottom\" aria-hidden=\"true\" data-negative=\"false\">\n\t\t\t<svg xmlns=\"http:\/\/www.w3.org\/2000\/svg\" viewBox=\"0 0 1000 100\" preserveAspectRatio=\"none\">\n\t<path class=\"elementor-shape-fill\" d=\"M0,6V0h1000v100L0,6z\"\/>\n<\/svg>\t\t<\/div>\n\t\t<div data-particle_enable=\"false\" data-particle-mobile-disabled=\"false\" class=\"elementor-element elementor-element-3331bc5c e-con-full e-flex e-con e-child\" data-id=\"3331bc5c\" data-element_type=\"container\" data-e-type=\"container\">\n\t\t<div data-particle_enable=\"false\" data-particle-mobile-disabled=\"false\" class=\"elementor-element elementor-element-4a6016e e-con-full e-flex e-con e-child\" data-id=\"4a6016e\" data-element_type=\"container\" data-e-type=\"container\">\n\t\t\t\t<div class=\"elementor-element elementor-element-747fcb4e elementor-widget elementor-widget-image\" data-id=\"747fcb4e\" data-element_type=\"widget\" data-e-type=\"widget\" data-widget_type=\"image.default\">\n\t\t\t\t\t\t\t\t\t\t\t\t\t\t\t<img decoding=\"async\" width=\"101\" height=\"101\" src=\"https:\/\/www.trampolino.ee\/wp-content\/uploads\/2025\/01\/Group-1848-1.png\" class=\"attachment-large size-large wp-image-16321\" alt=\"\" \/>\t\t\t\t\t\t\t\t\t\t\t\t\t\t\t<\/div>\n\t\t\t\t<div class=\"elementor-element elementor-element-13c00af1 elementor-widget elementor-widget-heading\" data-id=\"13c00af1\" data-element_type=\"widget\" data-e-type=\"widget\" data-widget_type=\"heading.default\">\n\t\t\t\t\t<h1 class=\"elementor-heading-title elementor-size-default\">Super VIP-paketti<\/h1>\t\t\t\t<\/div>\n\t\t\t\t<\/div>\n\t\t\t\t<div class=\"elementor-element elementor-element-5a9443f0 elementor-widget elementor-widget-text-editor\" data-id=\"5a9443f0\" data-element_type=\"widget\" data-e-type=\"widget\" data-widget_type=\"text-editor.default\">\n\t\t\t\t\t\t\t\t\t<p>Juhli syntym\u00e4p\u00e4iv\u00e4\u00e4si kuin todellinen super VIP! T\u00e4m\u00e4 paketti on luotu niille, jotka rakastavat j\u00e4nnityst\u00e4, seikkailua ja aktiivista viihdett\u00e4 samassa paketissa!<\/p><p>Syntym\u00e4p\u00e4iv\u00e4huoneeseen mahtuu 20 vierasta ja laserpeliin voi osallistua samanaikaisesti 18 henkil\u00f6\u00e4 (<a href=\"https:\/\/www.trampolino.ee\/fi\/yhteystiedot\/\">ota yhteytt\u00e4, jos kiinnostuneita on enemm\u00e4n<\/a>). Laserhuoneessa on kaksi ruokap\u00f6yt\u00e4\u00e4 tuoleineen ja yksi korkeampi baarip\u00f6yt\u00e4, jonka takana voit siemailla virkist\u00e4v\u00e4\u00e4 j\u00e4\u00e4juomaa jakkaroilla. Huoneessa on my\u00f6s Bluetooth-\u00e4\u00e4nikeskus musiikin kuunteluun.<\/p><p>Pelaa niin monta laserpeli\u00e4 kuin haluat kolmen tunnin aikana. Sinua odottavat my\u00f6s j\u00e4nnitt\u00e4v\u00e4t pakohuoneet, jotka tarjoavat adrenaliinia, haasteita ja tiimity\u00f6n iloa. Ratkaise mysteerej\u00e4, testaa \u00e4ly\u00e4si ja pakene ennen kuin aika loppuu!<\/p><p>Jos haluat tehd\u00e4 syntym\u00e4p\u00e4ivien j\u00e4rjest\u00e4misest\u00e4 itsellesi entist\u00e4 helpompaa, <a href=\"https:\/\/www.trampolino.ee\/fi\/ateriapalvelut\/\">tilaa herkullinen syntym\u00e4p\u00e4iv\u00e4p\u00f6yt\u00e4 kauttamme<\/a>. Valikoimasta l\u00f6ytyy lasten suosikkimakuja.<\/p><p>Haluatko lis\u00e4t\u00e4 juhliisi hieman lis\u00e4maustetta? <a href=\"https:\/\/www.trampolino.ee\/fi\/lisapalvelut\/\">Tutustu lis\u00e4palveluihimme<\/a>.<\/p>\t\t\t\t\t\t\t\t<\/div>\n\t\t\t\t<div class=\"elementor-element elementor-element-56980c78 elementor-hidden-mobile elementor-widget elementor-widget-button\" data-id=\"56980c78\" data-element_type=\"widget\" data-e-type=\"widget\" data-widget_type=\"button.default\">\n\t\t\t\t\t\t\t\t\t\t<a class=\"elementor-button elementor-button-link elementor-size-sm\" href=\"https:\/\/www.trampolino.ee\/fi\/yhteystiedot#vorm\">\n\t\t\t\t\t\t<span class=\"elementor-button-content-wrapper\">\n\t\t\t\t\t\t<span class=\"elementor-button-icon\">\n\t\t\t\t<i aria-hidden=\"true\" class=\"fas fa-arrow-right\"><\/i>\t\t\t<\/span>\n\t\t\t\t\t\t\t\t\t<span class=\"elementor-button-text\">Ota yhteytt\u00e4<\/span>\n\t\t\t\t\t<\/span>\n\t\t\t\t\t<\/a>\n\t\t\t\t\t\t\t\t<\/div>\n\t\t<div data-particle_enable=\"false\" data-particle-mobile-disabled=\"false\" class=\"elementor-element elementor-element-3bf716f0 e-con-full e-flex e-con e-child\" data-id=\"3bf716f0\" data-element_type=\"container\" data-e-type=\"container\">\n\t\t<div data-particle_enable=\"false\" data-particle-mobile-disabled=\"false\" class=\"elementor-element elementor-element-48967d01 e-con-full e-flex e-con e-child\" data-id=\"48967d01\" data-element_type=\"container\" data-e-type=\"container\">\n\t\t\t\t<div class=\"elementor-element elementor-element-50f9f58f elementor-widget elementor-widget-text-editor\" data-id=\"50f9f58f\" data-element_type=\"widget\" data-e-type=\"widget\" data-widget_type=\"text-editor.default\">\n\t\t\t\t\t\t\t\t\t<p style=\"font-size: 24px;\">Kapasiteetti<\/p>\n<p style=\"font-size: 24px;\"><strong style=\"font-size: 48px;\">20<\/strong><\/p>\t\t\t\t\t\t\t\t<\/div>\n\t\t\t\t<\/div>\n\t\t<div data-particle_enable=\"false\" data-particle-mobile-disabled=\"false\" class=\"elementor-element elementor-element-58d502a e-con-full e-flex e-con e-child\" data-id=\"58d502a\" data-element_type=\"container\" data-e-type=\"container\">\n\t\t\t\t<div class=\"elementor-element elementor-element-04e9437 elementor-widget elementor-widget-text-editor\" data-id=\"04e9437\" data-element_type=\"widget\" data-e-type=\"widget\" data-widget_type=\"text-editor.default\">\n\t\t\t\t\t\t\t\t\t<p style=\"font-size: 24px;\">Hinnoittelu<\/p>\n<p style=\"font-size: 24px;\"><strong style=\"font-size: 48px;\">549 \u20ac<\/strong><\/p>\t\t\t\t\t\t\t\t<\/div>\n\t\t\t\t<\/div>\n\t\t\t\t<\/div>\n\t\t\t\t<\/div>\n\t\t<div data-particle_enable=\"false\" data-particle-mobile-disabled=\"false\" class=\"elementor-element elementor-element-72313ace e-con-full e-flex e-con e-child\" data-id=\"72313ace\" data-element_type=\"container\" data-e-type=\"container\">\n\t\t<div data-particle_enable=\"false\" data-particle-mobile-disabled=\"false\" class=\"elementor-element elementor-element-613955a6 e-con-full e-flex e-con e-child\" data-id=\"613955a6\" data-element_type=\"container\" data-e-type=\"container\">\n\t\t\t\t<div class=\"elementor-element elementor-element-c8f592c elementor-widget elementor-widget-image\" data-id=\"c8f592c\" data-element_type=\"widget\" data-e-type=\"widget\" data-widget_type=\"image.default\">\n\t\t\t\t\t\t\t\t\t\t\t\t\t\t\t\t<a href=\"https:\/\/www.trampolino.ee\/wp-content\/uploads\/2025\/02\/Lasertuba-lasermang-scaled.jpg\" data-elementor-open-lightbox=\"yes\" data-e-action-hash=\"#elementor-action%3Aaction%3Dlightbox%26settings%3DeyJpZCI6MTYyOTMsInVybCI6Imh0dHBzOlwvXC93d3cudHJhbXBvbGluby5lZVwvd3AtY29udGVudFwvdXBsb2Fkc1wvMjAyNVwvMDJcL0xhc2VydHViYS1sYXNlcm1hbmctc2NhbGVkLmpwZyJ9\">\n\t\t\t\t\t\t\t<img fetchpriority=\"high\" decoding=\"async\" width=\"800\" height=\"534\" src=\"https:\/\/www.trampolino.ee\/wp-content\/uploads\/2025\/02\/Lasertuba-lasermang-1024x683.jpg\" class=\"attachment-large size-large wp-image-16293\" alt=\"\" srcset=\"https:\/\/www.trampolino.ee\/wp-content\/uploads\/2025\/02\/Lasertuba-lasermang-1024x683.jpg 1024w, https:\/\/www.trampolino.ee\/wp-content\/uploads\/2025\/02\/Lasertuba-lasermang-300x200.jpg 300w, https:\/\/www.trampolino.ee\/wp-content\/uploads\/2025\/02\/Lasertuba-lasermang-768x512.jpg 768w, https:\/\/www.trampolino.ee\/wp-content\/uploads\/2025\/02\/Lasertuba-lasermang-1536x1024.jpg 1536w, https:\/\/www.trampolino.ee\/wp-content\/uploads\/2025\/02\/Lasertuba-lasermang-2048x1365.jpg 2048w, https:\/\/www.trampolino.ee\/wp-content\/uploads\/2025\/02\/Lasertuba-lasermang-600x400.jpg 600w\" sizes=\"(max-width: 800px) 100vw, 800px\" \/>\t\t\t\t\t\t\t\t<\/a>\n\t\t\t\t\t\t\t\t\t\t\t\t\t\t\t<\/div>\n\t\t\t\t<\/div>\n\t\t<div data-particle_enable=\"false\" data-particle-mobile-disabled=\"false\" class=\"elementor-element elementor-element-43314705 e-con-full e-flex e-con e-child\" data-id=\"43314705\" data-element_type=\"container\" data-e-type=\"container\">\n\t\t\t\t<div class=\"elementor-element elementor-element-56b7dc33 elementor-mobile-align-justify elementor-widget-mobile__width-inherit elementor-hidden-desktop elementor-hidden-tablet elementor-widget elementor-widget-button\" data-id=\"56b7dc33\" data-element_type=\"widget\" data-e-type=\"widget\" data-widget_type=\"button.default\">\n\t\t\t\t\t\t\t\t\t\t<a class=\"elementor-button elementor-button-link elementor-size-sm\" href=\"https:\/\/www.trampolino.ee\/fi\/yhteystiedot#vorm\">\n\t\t\t\t\t\t<span class=\"elementor-button-content-wrapper\">\n\t\t\t\t\t\t<span class=\"elementor-button-icon\">\n\t\t\t\t<i aria-hidden=\"true\" class=\"fas fa-arrow-right\"><\/i>\t\t\t<\/span>\n\t\t\t\t\t\t\t\t\t<span class=\"elementor-button-text\">Ota yhteytt\u00e4<\/span>\n\t\t\t\t\t<\/span>\n\t\t\t\t\t<\/a>\n\t\t\t\t\t\t\t\t<\/div>\n\t\t<div data-particle_enable=\"false\" data-particle-mobile-disabled=\"false\" class=\"elementor-element elementor-element-7fc81773 e-con-full elementor-hidden-mobile e-flex e-con e-child\" data-id=\"7fc81773\" data-element_type=\"container\" data-e-type=\"container\">\n\t\t\t\t<div class=\"elementor-element elementor-element-67a3293b elementor-widget elementor-widget-image\" data-id=\"67a3293b\" data-element_type=\"widget\" data-e-type=\"widget\" data-widget_type=\"image.default\">\n\t\t\t\t\t\t\t\t\t\t\t\t\t\t\t\t<a href=\"https:\/\/www.trampolino.ee\/wp-content\/uploads\/2025\/12\/Dzungel-peamine-pilt-scaled.jpg\" data-elementor-open-lightbox=\"yes\" data-e-action-hash=\"#elementor-action%3Aaction%3Dlightbox%26settings%3DeyJpZCI6MTYyMDYsInVybCI6Imh0dHBzOlwvXC93d3cudHJhbXBvbGluby5lZVwvd3AtY29udGVudFwvdXBsb2Fkc1wvMjAyNVwvMTJcL0R6dW5nZWwtcGVhbWluZS1waWx0LXNjYWxlZC5qcGcifQ%3D%3D\">\n\t\t\t\t\t\t\t<img decoding=\"async\" width=\"800\" height=\"534\" src=\"https:\/\/www.trampolino.ee\/wp-content\/uploads\/2025\/12\/Dzungel-peamine-pilt-1024x683.jpg\" class=\"attachment-large size-large wp-image-16206\" alt=\"\" srcset=\"https:\/\/www.trampolino.ee\/wp-content\/uploads\/2025\/12\/Dzungel-peamine-pilt-1024x683.jpg 1024w, https:\/\/www.trampolino.ee\/wp-content\/uploads\/2025\/12\/Dzungel-peamine-pilt-300x200.jpg 300w, https:\/\/www.trampolino.ee\/wp-content\/uploads\/2025\/12\/Dzungel-peamine-pilt-768x512.jpg 768w, https:\/\/www.trampolino.ee\/wp-content\/uploads\/2025\/12\/Dzungel-peamine-pilt-1536x1024.jpg 1536w, https:\/\/www.trampolino.ee\/wp-content\/uploads\/2025\/12\/Dzungel-peamine-pilt-2048x1365.jpg 2048w, https:\/\/www.trampolino.ee\/wp-content\/uploads\/2025\/12\/Dzungel-peamine-pilt-600x400.jpg 600w\" sizes=\"(max-width: 800px) 100vw, 800px\" \/>\t\t\t\t\t\t\t\t<\/a>\n\t\t\t\t\t\t\t\t\t\t\t\t\t\t\t<\/div>\n\t\t\t\t<\/div>\n\t\t<div data-particle_enable=\"false\" data-particle-mobile-disabled=\"false\" class=\"elementor-element elementor-element-715863a e-con-full elementor-hidden-mobile e-flex e-con e-child\" data-id=\"715863a\" data-element_type=\"container\" data-e-type=\"container\">\n\t\t\t\t<div class=\"elementor-element elementor-element-b9992e6 elementor-widget elementor-widget-image\" data-id=\"b9992e6\" data-element_type=\"widget\" data-e-type=\"widget\" data-widget_type=\"image.default\">\n\t\t\t\t\t\t\t\t\t\t\t\t\t\t\t\t<a href=\"https:\/\/www.trampolino.ee\/wp-content\/uploads\/2025\/12\/Volukool-peamine-pilt-scaled.jpg\" data-elementor-open-lightbox=\"yes\" data-e-action-hash=\"#elementor-action%3Aaction%3Dlightbox%26settings%3DeyJpZCI6MTYwNjAsInVybCI6Imh0dHBzOlwvXC93d3cudHJhbXBvbGluby5lZVwvd3AtY29udGVudFwvdXBsb2Fkc1wvMjAyNVwvMTJcL1ZvbHVrb29sLXBlYW1pbmUtcGlsdC1zY2FsZWQuanBnIn0%3D\">\n\t\t\t\t\t\t\t<img loading=\"lazy\" decoding=\"async\" width=\"800\" height=\"534\" src=\"https:\/\/www.trampolino.ee\/wp-content\/uploads\/2025\/12\/Volukool-peamine-pilt-1024x683.jpg\" class=\"attachment-large size-large wp-image-16060\" alt=\"\" srcset=\"https:\/\/www.trampolino.ee\/wp-content\/uploads\/2025\/12\/Volukool-peamine-pilt-1024x683.jpg 1024w, https:\/\/www.trampolino.ee\/wp-content\/uploads\/2025\/12\/Volukool-peamine-pilt-300x200.jpg 300w, https:\/\/www.trampolino.ee\/wp-content\/uploads\/2025\/12\/Volukool-peamine-pilt-768x512.jpg 768w, https:\/\/www.trampolino.ee\/wp-content\/uploads\/2025\/12\/Volukool-peamine-pilt-1536x1024.jpg 1536w, https:\/\/www.trampolino.ee\/wp-content\/uploads\/2025\/12\/Volukool-peamine-pilt-2048x1365.jpg 2048w, https:\/\/www.trampolino.ee\/wp-content\/uploads\/2025\/12\/Volukool-peamine-pilt-600x400.jpg 600w\" sizes=\"(max-width: 800px) 100vw, 800px\" \/>\t\t\t\t\t\t\t\t<\/a>\n\t\t\t\t\t\t\t\t\t\t\t\t\t\t\t<\/div>\n\t\t\t\t<\/div>\n\t\t\t\t<\/div>\n\t\t\t\t<\/div>\n\t\t\t\t\t<\/div>\n\t\t\t\t<\/div>\n\t\t<div data-particle_enable=\"false\" data-particle-mobile-disabled=\"false\" class=\"elementor-element elementor-element-3e6f4b8f e-flex e-con-boxed e-con e-parent\" data-id=\"3e6f4b8f\" data-element_type=\"container\" data-e-type=\"container\" data-settings=\"{&quot;background_background&quot;:&quot;classic&quot;}\">\n\t\t\t\t\t<div class=\"e-con-inner\">\n\t\t<div data-particle_enable=\"false\" data-particle-mobile-disabled=\"false\" class=\"elementor-element elementor-element-62311f71 e-con-full e-flex e-con e-child\" data-id=\"62311f71\" data-element_type=\"container\" data-e-type=\"container\">\n\t\t\t\t<div class=\"elementor-element elementor-element-5e52f99c elementor-widget elementor-widget-image\" data-id=\"5e52f99c\" data-element_type=\"widget\" data-e-type=\"widget\" data-widget_type=\"image.default\">\n\t\t\t\t\t\t\t\t\t\t\t\t\t\t\t<img loading=\"lazy\" decoding=\"async\" width=\"100\" height=\"100\" src=\"https:\/\/www.trampolino.ee\/wp-content\/uploads\/2025\/01\/Group-1848_1.png\" class=\"attachment-large size-large wp-image-16355\" alt=\"\" \/>\t\t\t\t\t\t\t\t\t\t\t\t\t\t\t<\/div>\n\t\t\t\t<div class=\"elementor-element elementor-element-22771756 elementor-widget elementor-widget-heading\" data-id=\"22771756\" data-element_type=\"widget\" data-e-type=\"widget\" data-widget_type=\"heading.default\">\n\t\t\t\t\t<h2 class=\"elementor-heading-title elementor-size-default\">Galleria<\/h2>\t\t\t\t<\/div>\n\t\t\t\t<\/div>\n\t\t\t\t\t<\/div>\n\t\t\t\t<\/div>\n\t\t<div data-particle_enable=\"false\" data-particle-mobile-disabled=\"false\" class=\"elementor-element elementor-element-1d200189 e-flex e-con-boxed e-con e-parent\" data-id=\"1d200189\" data-element_type=\"container\" data-e-type=\"container\" data-settings=\"{&quot;background_background&quot;:&quot;classic&quot;}\">\n\t\t\t\t\t<div class=\"e-con-inner\">\n\t\t<div data-particle_enable=\"false\" data-particle-mobile-disabled=\"false\" class=\"elementor-element elementor-element-718c43ab e-con-full e-flex e-con e-child\" data-id=\"718c43ab\" data-element_type=\"container\" data-e-type=\"container\">\n\t\t\t\t<div class=\"elementor-element elementor-element-1e548804 elementor-widget elementor-widget-gallery\" data-id=\"1e548804\" data-element_type=\"widget\" data-e-type=\"widget\" data-settings=\"{&quot;columns&quot;:3,&quot;gap&quot;:{&quot;unit&quot;:&quot;px&quot;,&quot;size&quot;:15,&quot;sizes&quot;:[]},&quot;lazyload&quot;:&quot;yes&quot;,&quot;gallery_layout&quot;:&quot;grid&quot;,&quot;columns_tablet&quot;:2,&quot;columns_mobile&quot;:1,&quot;gap_tablet&quot;:{&quot;unit&quot;:&quot;px&quot;,&quot;size&quot;:10,&quot;sizes&quot;:[]},&quot;gap_mobile&quot;:{&quot;unit&quot;:&quot;px&quot;,&quot;size&quot;:10,&quot;sizes&quot;:[]},&quot;link_to&quot;:&quot;file&quot;,&quot;aspect_ratio&quot;:&quot;3:2&quot;,&quot;overlay_background&quot;:&quot;yes&quot;,&quot;content_hover_animation&quot;:&quot;fade-in&quot;}\" data-widget_type=\"gallery.default\">\n\t\t\t\t\t\t\t<div class=\"elementor-gallery__container\">\r\n\t\t\t\t\t\t\t<a class=\"e-gallery-item elementor-gallery-item elementor-animated-content\" href=\"https:\/\/www.trampolino.ee\/wp-content\/uploads\/2025\/01\/4-scaled-1-1.jpg\" data-elementor-open-lightbox=\"yes\" data-elementor-lightbox-slideshow=\"1e548804\" data-e-action-hash=\"#elementor-action%3Aaction%3Dlightbox%26settings%3DeyJpZCI6MTYzNjgsInVybCI6Imh0dHBzOlwvXC93d3cudHJhbXBvbGluby5lZVwvd3AtY29udGVudFwvdXBsb2Fkc1wvMjAyNVwvMDFcLzQtc2NhbGVkLTEtMS5qcGciLCJzbGlkZXNob3ciOiIxZTU0ODgwNCJ9\">\r\n\t\t\t\t\t<div class=\"e-gallery-image elementor-gallery-item__image\" data-thumbnail=\"https:\/\/www.trampolino.ee\/wp-content\/uploads\/2025\/01\/4-scaled-1-1-683x1024.jpg\" data-width=\"683\" data-height=\"1024\" aria-label=\"\" role=\"img\" ><\/div>\r\n\t\t\t\t\t\t\t\t\t\t\t<div class=\"elementor-gallery-item__overlay\"><\/div>\r\n\t\t\t\t\t\t\t\t\t\t\t\t\t\t<\/a>\r\n\t\t\t\t\t\t\t<a class=\"e-gallery-item elementor-gallery-item elementor-animated-content\" href=\"https:\/\/www.trampolino.ee\/wp-content\/uploads\/2025\/01\/93da6c98bbaa4c96215e71c8f2d8f008-2.jpg\" data-elementor-open-lightbox=\"yes\" data-elementor-lightbox-slideshow=\"1e548804\" data-e-action-hash=\"#elementor-action%3Aaction%3Dlightbox%26settings%3DeyJpZCI6MTY0NDAsInVybCI6Imh0dHBzOlwvXC93d3cudHJhbXBvbGluby5lZVwvd3AtY29udGVudFwvdXBsb2Fkc1wvMjAyNVwvMDFcLzkzZGE2Yzk4YmJhYTRjOTYyMTVlNzFjOGYyZDhmMDA4LTIuanBnIiwic2xpZGVzaG93IjoiMWU1NDg4MDQifQ%3D%3D\">\r\n\t\t\t\t\t<div class=\"e-gallery-image elementor-gallery-item__image\" data-thumbnail=\"https:\/\/www.trampolino.ee\/wp-content\/uploads\/2025\/01\/93da6c98bbaa4c96215e71c8f2d8f008-2-681x1024.jpg\" data-width=\"681\" data-height=\"1024\" aria-label=\"\" role=\"img\" ><\/div>\r\n\t\t\t\t\t\t\t\t\t\t\t<div class=\"elementor-gallery-item__overlay\"><\/div>\r\n\t\t\t\t\t\t\t\t\t\t\t\t\t\t<\/a>\r\n\t\t\t\t\t\t\t<a class=\"e-gallery-item elementor-gallery-item elementor-animated-content\" href=\"https:\/\/www.trampolino.ee\/wp-content\/uploads\/2025\/01\/9c3fb51e343527229f9635cdcbc2aa09-1.jpg\" data-elementor-open-lightbox=\"yes\" data-elementor-lightbox-slideshow=\"1e548804\" data-e-action-hash=\"#elementor-action%3Aaction%3Dlightbox%26settings%3DeyJpZCI6MTY0MDAsInVybCI6Imh0dHBzOlwvXC93d3cudHJhbXBvbGluby5lZVwvd3AtY29udGVudFwvdXBsb2Fkc1wvMjAyNVwvMDFcLzljM2ZiNTFlMzQzNTI3MjI5Zjk2MzVjZGNiYzJhYTA5LTEuanBnIiwic2xpZGVzaG93IjoiMWU1NDg4MDQifQ%3D%3D\">\r\n\t\t\t\t\t<div class=\"e-gallery-image elementor-gallery-item__image\" data-thumbnail=\"https:\/\/www.trampolino.ee\/wp-content\/uploads\/2025\/01\/9c3fb51e343527229f9635cdcbc2aa09-1-731x1024.jpg\" data-width=\"731\" data-height=\"1024\" aria-label=\"\" role=\"img\" ><\/div>\r\n\t\t\t\t\t\t\t\t\t\t\t<div class=\"elementor-gallery-item__overlay\"><\/div>\r\n\t\t\t\t\t\t\t\t\t\t\t\t\t\t<\/a>\r\n\t\t\t\t\t\t\t<a class=\"e-gallery-item elementor-gallery-item elementor-animated-content\" href=\"https:\/\/www.trampolino.ee\/wp-content\/uploads\/2025\/01\/Lasertag_11_1-2.jpg\" data-elementor-open-lightbox=\"yes\" data-elementor-lightbox-slideshow=\"1e548804\" data-e-action-hash=\"#elementor-action%3Aaction%3Dlightbox%26settings%3DeyJpZCI6MTY0MzEsInVybCI6Imh0dHBzOlwvXC93d3cudHJhbXBvbGluby5lZVwvd3AtY29udGVudFwvdXBsb2Fkc1wvMjAyNVwvMDFcL0xhc2VydGFnXzExXzEtMi5qcGciLCJzbGlkZXNob3ciOiIxZTU0ODgwNCJ9\">\r\n\t\t\t\t\t<div class=\"e-gallery-image elementor-gallery-item__image\" data-thumbnail=\"https:\/\/www.trampolino.ee\/wp-content\/uploads\/2025\/01\/Lasertag_11_1-2-1024x681.jpg\" data-width=\"800\" data-height=\"532\" aria-label=\"\" role=\"img\" ><\/div>\r\n\t\t\t\t\t\t\t\t\t\t\t<div class=\"elementor-gallery-item__overlay\"><\/div>\r\n\t\t\t\t\t\t\t\t\t\t\t\t\t\t<\/a>\r\n\t\t\t\t\t\t\t<a class=\"e-gallery-item elementor-gallery-item elementor-animated-content\" href=\"https:\/\/www.trampolino.ee\/wp-content\/uploads\/2025\/12\/Volukool-pilt-3-scaled.jpg\" data-elementor-open-lightbox=\"yes\" data-elementor-lightbox-slideshow=\"1e548804\" data-e-action-hash=\"#elementor-action%3Aaction%3Dlightbox%26settings%3DeyJpZCI6MTYzNzksInVybCI6Imh0dHBzOlwvXC93d3cudHJhbXBvbGluby5lZVwvd3AtY29udGVudFwvdXBsb2Fkc1wvMjAyNVwvMTJcL1ZvbHVrb29sLXBpbHQtMy1zY2FsZWQuanBnIiwic2xpZGVzaG93IjoiMWU1NDg4MDQifQ%3D%3D\">\r\n\t\t\t\t\t<div class=\"e-gallery-image elementor-gallery-item__image\" data-thumbnail=\"https:\/\/www.trampolino.ee\/wp-content\/uploads\/2025\/12\/Volukool-pilt-3-1024x683.jpg\" data-width=\"800\" data-height=\"534\" aria-label=\"\" role=\"img\" ><\/div>\r\n\t\t\t\t\t\t\t\t\t\t\t<div class=\"elementor-gallery-item__overlay\"><\/div>\r\n\t\t\t\t\t\t\t\t\t\t\t\t\t\t<\/a>\r\n\t\t\t\t\t\t\t<a class=\"e-gallery-item elementor-gallery-item elementor-animated-content\" href=\"https:\/\/www.trampolino.ee\/wp-content\/uploads\/2025\/12\/Dzungel-pilt-2-scaled.jpg\" data-elementor-open-lightbox=\"yes\" data-elementor-lightbox-slideshow=\"1e548804\" data-e-action-hash=\"#elementor-action%3Aaction%3Dlightbox%26settings%3DeyJpZCI6MTYzODYsInVybCI6Imh0dHBzOlwvXC93d3cudHJhbXBvbGluby5lZVwvd3AtY29udGVudFwvdXBsb2Fkc1wvMjAyNVwvMTJcL0R6dW5nZWwtcGlsdC0yLXNjYWxlZC5qcGciLCJzbGlkZXNob3ciOiIxZTU0ODgwNCJ9\">\r\n\t\t\t\t\t<div class=\"e-gallery-image elementor-gallery-item__image\" data-thumbnail=\"https:\/\/www.trampolino.ee\/wp-content\/uploads\/2025\/12\/Dzungel-pilt-2-1024x683.jpg\" data-width=\"800\" data-height=\"534\" aria-label=\"\" role=\"img\" ><\/div>\r\n\t\t\t\t\t\t\t\t\t\t\t<div class=\"elementor-gallery-item__overlay\"><\/div>\r\n\t\t\t\t\t\t\t\t\t\t\t\t\t\t<\/a>\r\n\t\t\t\t\t<\/div>\r\n\t\t\t\t\t<\/div>\n\t\t\t\t<\/div>\n\t\t\t\t\t<\/div>\n\t\t\t\t<\/div>\n\t\t\t\t<\/div>\n\t\t","protected":false},"excerpt":{"rendered":"<p>Super VIP-paketti Juhli syntym\u00e4p\u00e4iv\u00e4\u00e4si kuin todellinen super VIP! T\u00e4m\u00e4 paketti on luotu niille, jotka rakastavat j\u00e4nnityst\u00e4, seikkailua ja aktiivista viihdett\u00e4 samassa paketissa! Syntym\u00e4p\u00e4iv\u00e4huoneeseen mahtuu 20 vierasta ja laserpeliin voi osallistua [&hellip;]<\/p>\n","protected":false},"author":14,"featured_media":0,"parent":0,"menu_order":0,"comment_status":"closed","ping_status":"closed","template":"","meta":{"_price":"","_stock":"","_tribe_ticket_header":"","_tribe_default_ticket_provider":"","_tribe_ticket_capacity":"0","_ticket_start_date":"","_ticket_end_date":"","_tribe_ticket_show_description":"","_tribe_ticket_show_not_going":false,"_tribe_ticket_use_global_stock":"","_tribe_ticket_global_stock_level":"","_global_stock_mode":"","_global_stock_cap":"","_tribe_rsvp_for_event":"","_tribe_ticket_going_count":"","_tribe_ticket_not_going_count":"","_tribe_tickets_list":"[]","_tribe_ticket_has_attendee_info_fields":false,"footnotes":"","_tec_slr_enabled":"","_tec_slr_layout":""},"class_list":["post-16292","page","type-page","status-publish","hentry"],"cmb2":{"yourprefix_rest_metabox":{"yourprefix_rest_text":""}},"ticketed":false,"_links":{"self":[{"href":"https:\/\/www.trampolino.ee\/fi\/wp-json\/wp\/v2\/pages\/16292","targetHints":{"allow":["GET"]}}],"collection":[{"href":"https:\/\/www.trampolino.ee\/fi\/wp-json\/wp\/v2\/pages"}],"about":[{"href":"https:\/\/www.trampolino.ee\/fi\/wp-json\/wp\/v2\/types\/page"}],"author":[{"embeddable":true,"href":"https:\/\/www.trampolino.ee\/fi\/wp-json\/wp\/v2\/users\/14"}],"replies":[{"embeddable":true,"href":"https:\/\/www.trampolino.ee\/fi\/wp-json\/wp\/v2\/comments?post=16292"}],"version-history":[{"count":0,"href":"https:\/\/www.trampolino.ee\/fi\/wp-json\/wp\/v2\/pages\/16292\/revisions"}],"wp:attachment":[{"href":"https:\/\/www.trampolino.ee\/fi\/wp-json\/wp\/v2\/media?parent=16292"}],"curies":[{"name":"wp","href":"https:\/\/api.w.org\/{rel}","templated":true}]}}