{"id":18072,"date":"2025-01-11T09:55:24","date_gmt":"2025-01-11T07:55:24","guid":{"rendered":"https:\/\/www.trampolino.ee\/toode\/Ei-luokiteltu\/jaatisepakett\/"},"modified":"2026-04-10T22:16:46","modified_gmt":"2026-04-10T19:16:46","slug":"jaatelopaketti","status":"publish","type":"product","link":"https:\/\/www.trampolino.ee\/fi\/toode\/menuu\/jaatelopaketti\/","title":{"rendered":"J\u00e4\u00e4tel\u00f6paketti"},"content":{"rendered":"<p>Kakun sijaan herkullinen j\u00e4\u00e4tel\u00f6paketti \u2013 jopa 40 j\u00e4\u00e4tel\u00f6\u00e4. Huomioithan, ett\u00e4 j\u00e4\u00e4tel\u00f6valikoima riippuu j\u00e4\u00e4tel\u00f6koneessa syntym\u00e4p\u00e4iv\u00e4juhlan p\u00e4iv\u00e4n\u00e4 saatavilla olevasta mausta.<\/p>\n","protected":false},"excerpt":{"rendered":"<p>Kakun sijaan herkullinen j\u00e4\u00e4tel\u00f6paketti \u2013 jopa 40 j\u00e4\u00e4tel\u00f6\u00e4. Huomioithan, ett\u00e4 j\u00e4\u00e4tel\u00f6valikoima riippuu j\u00e4\u00e4tel\u00f6koneessa syntym\u00e4p\u00e4iv\u00e4juhlan p\u00e4iv\u00e4n\u00e4 saatavilla olevasta mausta.<\/p>\n","protected":false},"featured_media":18073,"template":"","meta":{"_price":"40","_stock":"","_tribe_ticket_header":"","_tribe_default_ticket_provider":"","_tribe_ticket_capacity":"","_ticket_start_date":"","_ticket_end_date":"","_tribe_ticket_show_description":"","_tribe_ticket_show_not_going":false,"_tribe_ticket_use_global_stock":"","_tribe_ticket_global_stock_level":"","_global_stock_mode":"","_global_stock_cap":"","_tribe_rsvp_for_event":"","_tribe_ticket_going_count":"","_tribe_ticket_not_going_count":"","_tribe_tickets_list":"[]","_tribe_ticket_has_attendee_info_fields":false},"product_brand":[],"product_cat":[181],"product_tag":[],"class_list":{"0":"post-18072","1":"product","2":"type-product","3":"status-publish","4":"has-post-thumbnail","6":"product_cat-menuu","8":"first","9":"instock","10":"taxable","11":"shipping-taxable","12":"purchasable","13":"product-type-simple"},"_links":{"self":[{"href":"https:\/\/www.trampolino.ee\/fi\/wp-json\/wp\/v2\/product\/18072","targetHints":{"allow":["GET"]}}],"collection":[{"href":"https:\/\/www.trampolino.ee\/fi\/wp-json\/wp\/v2\/product"}],"about":[{"href":"https:\/\/www.trampolino.ee\/fi\/wp-json\/wp\/v2\/types\/product"}],"version-history":[{"count":0,"href":"https:\/\/www.trampolino.ee\/fi\/wp-json\/wp\/v2\/product\/18072\/revisions"}],"wp:featuredmedia":[{"embeddable":true,"href":"https:\/\/www.trampolino.ee\/fi\/wp-json\/wp\/v2\/media\/18073"}],"wp:attachment":[{"href":"https:\/\/www.trampolino.ee\/fi\/wp-json\/wp\/v2\/media?parent=18072"}],"wp:term":[{"taxonomy":"product_brand","embeddable":true,"href":"https:\/\/www.trampolino.ee\/fi\/wp-json\/wp\/v2\/product_brand?post=18072"},{"taxonomy":"product_cat","embeddable":true,"href":"https:\/\/www.trampolino.ee\/fi\/wp-json\/wp\/v2\/product_cat?post=18072"},{"taxonomy":"product_tag","embeddable":true,"href":"https:\/\/www.trampolino.ee\/fi\/wp-json\/wp\/v2\/product_tag?post=18072"}],"curies":[{"name":"wp","href":"https:\/\/api.w.org\/{rel}","templated":true}]}}