{"id":18105,"date":"2025-01-15T08:58:24","date_gmt":"2025-01-15T06:58:24","guid":{"rendered":"https:\/\/www.trampolino.ee\/toode\/Ei-luokiteltu\/koristusteenus\/"},"modified":"2026-04-10T22:21:50","modified_gmt":"2026-04-10T19:21:50","slug":"siivouspalvelu","status":"publish","type":"product","link":"https:\/\/www.trampolino.ee\/fi\/toode\/muu\/siivouspalvelu\/","title":{"rendered":"Siivouspalvelu"},"content":{"rendered":"<p>Jos sinulla ei ole aikaa tai halua siivota huonetta juhlien j\u00e4lkeen, \u00e4l\u00e4 huoli. Me teemme sen itse!<\/p>\n","protected":false},"excerpt":{"rendered":"<p>Jos sinulla ei ole aikaa tai halua siivota huonetta juhlien j\u00e4lkeen, \u00e4l\u00e4 huoli. Me teemme sen itse!<\/p>\n","protected":false},"featured_media":0,"template":"","meta":{"_price":"25","_stock":"","_tribe_ticket_header":"","_tribe_default_ticket_provider":"","_tribe_ticket_capacity":"","_ticket_start_date":"","_ticket_end_date":"","_tribe_ticket_show_description":"","_tribe_ticket_show_not_going":false,"_tribe_ticket_use_global_stock":"","_tribe_ticket_global_stock_level":"","_global_stock_mode":"","_global_stock_cap":"","_tribe_rsvp_for_event":"","_tribe_ticket_going_count":"","_tribe_ticket_not_going_count":"","_tribe_tickets_list":"[]","_tribe_ticket_has_attendee_info_fields":false},"product_brand":[],"product_cat":[189],"product_tag":[],"class_list":{"0":"post-18105","1":"product","2":"type-product","3":"status-publish","5":"product_cat-muu","7":"first","8":"instock","9":"taxable","10":"shipping-taxable","11":"purchasable","12":"product-type-simple"},"_links":{"self":[{"href":"https:\/\/www.trampolino.ee\/fi\/wp-json\/wp\/v2\/product\/18105","targetHints":{"allow":["GET"]}}],"collection":[{"href":"https:\/\/www.trampolino.ee\/fi\/wp-json\/wp\/v2\/product"}],"about":[{"href":"https:\/\/www.trampolino.ee\/fi\/wp-json\/wp\/v2\/types\/product"}],"version-history":[{"count":0,"href":"https:\/\/www.trampolino.ee\/fi\/wp-json\/wp\/v2\/product\/18105\/revisions"}],"wp:attachment":[{"href":"https:\/\/www.trampolino.ee\/fi\/wp-json\/wp\/v2\/media?parent=18105"}],"wp:term":[{"taxonomy":"product_brand","embeddable":true,"href":"https:\/\/www.trampolino.ee\/fi\/wp-json\/wp\/v2\/product_brand?post=18105"},{"taxonomy":"product_cat","embeddable":true,"href":"https:\/\/www.trampolino.ee\/fi\/wp-json\/wp\/v2\/product_cat?post=18105"},{"taxonomy":"product_tag","embeddable":true,"href":"https:\/\/www.trampolino.ee\/fi\/wp-json\/wp\/v2\/product_tag?post=18105"}],"curies":[{"name":"wp","href":"https:\/\/api.w.org\/{rel}","templated":true}]}}