{"id":18128,"date":"2024-05-06T13:05:04","date_gmt":"2024-05-06T10:05:04","guid":{"rendered":"https:\/\/www.trampolino.ee\/toode\/Ei-luokiteltu\/kummitallaga-sokid\/"},"modified":"2026-04-10T22:21:28","modified_gmt":"2026-04-10T19:21:28","slug":"sukat-joissa-on-kumipohjat","status":"publish","type":"product","link":"https:\/\/www.trampolino.ee\/fi\/toode\/muu\/sukat-joissa-on-kumipohjat\/","title":{"rendered":"Sukat, joissa on kumipohjat"},"content":{"rendered":"<p>Hyvinvointisi on meille t\u00e4rke\u00e4\u00e4. Liukastumisvammojen ehk\u00e4isemiseksi kumipohjaisten sukkien k\u00e4ytt\u00f6 on pakollista trampoliinileikkikeskuksissa.<\/p>\n","protected":false},"excerpt":{"rendered":"<p>Hyvinvointisi on meille t\u00e4rke\u00e4\u00e4. Liukastumisvammojen ehk\u00e4isemiseksi kumipohjaisten sukkien k\u00e4ytt\u00f6 on pakollista trampoliinileikkikeskuksissa.<\/p>\n","protected":false},"featured_media":18129,"template":"","meta":{"_price":"3.2","_stock":"","_tribe_ticket_header":"","_tribe_default_ticket_provider":"","_tribe_ticket_capacity":"","_ticket_start_date":"","_ticket_end_date":"","_tribe_ticket_show_description":"","_tribe_ticket_show_not_going":false,"_tribe_ticket_use_global_stock":"","_tribe_ticket_global_stock_level":"","_global_stock_mode":"","_global_stock_cap":"","_tribe_rsvp_for_event":"","_tribe_ticket_going_count":"","_tribe_ticket_not_going_count":"","_tribe_tickets_list":"[]","_tribe_ticket_has_attendee_info_fields":false},"product_brand":[],"product_cat":[189,193],"product_tag":[],"class_list":{"0":"post-18128","1":"product","2":"type-product","3":"status-publish","4":"has-post-thumbnail","6":"product_cat-muu","7":"product_cat-uncategorized","9":"first","10":"instock","11":"taxable","12":"shipping-taxable","13":"purchasable","14":"product-type-simple"},"_links":{"self":[{"href":"https:\/\/www.trampolino.ee\/fi\/wp-json\/wp\/v2\/product\/18128","targetHints":{"allow":["GET"]}}],"collection":[{"href":"https:\/\/www.trampolino.ee\/fi\/wp-json\/wp\/v2\/product"}],"about":[{"href":"https:\/\/www.trampolino.ee\/fi\/wp-json\/wp\/v2\/types\/product"}],"version-history":[{"count":0,"href":"https:\/\/www.trampolino.ee\/fi\/wp-json\/wp\/v2\/product\/18128\/revisions"}],"wp:featuredmedia":[{"embeddable":true,"href":"https:\/\/www.trampolino.ee\/fi\/wp-json\/wp\/v2\/media\/18129"}],"wp:attachment":[{"href":"https:\/\/www.trampolino.ee\/fi\/wp-json\/wp\/v2\/media?parent=18128"}],"wp:term":[{"taxonomy":"product_brand","embeddable":true,"href":"https:\/\/www.trampolino.ee\/fi\/wp-json\/wp\/v2\/product_brand?post=18128"},{"taxonomy":"product_cat","embeddable":true,"href":"https:\/\/www.trampolino.ee\/fi\/wp-json\/wp\/v2\/product_cat?post=18128"},{"taxonomy":"product_tag","embeddable":true,"href":"https:\/\/www.trampolino.ee\/fi\/wp-json\/wp\/v2\/product_tag?post=18128"}],"curies":[{"name":"wp","href":"https:\/\/api.w.org\/{rel}","templated":true}]}}