{"id":18169,"date":"2023-08-30T21:53:39","date_gmt":"2023-08-30T18:53:39","guid":{"rendered":"https:\/\/www.trampolino.ee\/toode\/Ei-luokiteltu\/ohupallide-kobarad\/"},"modified":"2026-04-10T22:19:40","modified_gmt":"2026-04-10T19:19:40","slug":"ilmapalloryppaita","status":"publish","type":"product","link":"https:\/\/www.trampolino.ee\/fi\/toode\/dekoratsioonid\/ilmapalloryppaita\/","title":{"rendered":"Ilmapallorypp\u00e4it\u00e4"},"content":{"rendered":"<p>Ilmapallorypp\u00e4it\u00e4 on sek\u00e4 tehokkaita ett\u00e4 kauniita. Voimme tilata juuri sen v\u00e4riyhdistelm\u00e4n, josta syntym\u00e4p\u00e4iv\u00e4sankari pit\u00e4\u00e4.<\/p>\n","protected":false},"excerpt":{"rendered":"<p>Ilmapallorypp\u00e4it\u00e4 on sek\u00e4 tehokkaita ett\u00e4 kauniita. Voimme tilata juuri sen v\u00e4riyhdistelm\u00e4n, josta syntym\u00e4p\u00e4iv\u00e4sankari pit\u00e4\u00e4.<\/p>\n","protected":false},"featured_media":18170,"template":"","meta":{"_price":"55","_stock":"","_tribe_ticket_header":"","_tribe_default_ticket_provider":"","_tribe_ticket_capacity":"","_ticket_start_date":"","_ticket_end_date":"","_tribe_ticket_show_description":"","_tribe_ticket_show_not_going":false,"_tribe_ticket_use_global_stock":"","_tribe_ticket_global_stock_level":"","_global_stock_mode":"","_global_stock_cap":"","_tribe_rsvp_for_event":"","_tribe_ticket_going_count":"","_tribe_ticket_not_going_count":"","_tribe_tickets_list":"[]","_tribe_ticket_has_attendee_info_fields":false},"product_brand":[],"product_cat":[205],"product_tag":[],"class_list":{"0":"post-18169","1":"product","2":"type-product","3":"status-publish","4":"has-post-thumbnail","6":"product_cat-dekoratsioonid","8":"first","9":"instock","10":"taxable","11":"shipping-taxable","12":"purchasable","13":"product-type-simple"},"_links":{"self":[{"href":"https:\/\/www.trampolino.ee\/fi\/wp-json\/wp\/v2\/product\/18169","targetHints":{"allow":["GET"]}}],"collection":[{"href":"https:\/\/www.trampolino.ee\/fi\/wp-json\/wp\/v2\/product"}],"about":[{"href":"https:\/\/www.trampolino.ee\/fi\/wp-json\/wp\/v2\/types\/product"}],"version-history":[{"count":0,"href":"https:\/\/www.trampolino.ee\/fi\/wp-json\/wp\/v2\/product\/18169\/revisions"}],"wp:featuredmedia":[{"embeddable":true,"href":"https:\/\/www.trampolino.ee\/fi\/wp-json\/wp\/v2\/media\/18170"}],"wp:attachment":[{"href":"https:\/\/www.trampolino.ee\/fi\/wp-json\/wp\/v2\/media?parent=18169"}],"wp:term":[{"taxonomy":"product_brand","embeddable":true,"href":"https:\/\/www.trampolino.ee\/fi\/wp-json\/wp\/v2\/product_brand?post=18169"},{"taxonomy":"product_cat","embeddable":true,"href":"https:\/\/www.trampolino.ee\/fi\/wp-json\/wp\/v2\/product_cat?post=18169"},{"taxonomy":"product_tag","embeddable":true,"href":"https:\/\/www.trampolino.ee\/fi\/wp-json\/wp\/v2\/product_tag?post=18169"}],"curies":[{"name":"wp","href":"https:\/\/api.w.org\/{rel}","templated":true}]}}